{"id":9837,"date":"2011-03-17T11:09:57","date_gmt":"2011-03-17T09:09:57","guid":{"rendered":"https:\/\/shoptest.ocshop.ch\/produkt\/cedis-kit-eset9-de-nettoyage-et-de-sechage-pour-appareils-auditifs-intra-auriculaires-avec-lingettes\/"},"modified":"2024-07-10T23:47:25","modified_gmt":"2024-07-10T21:47:25","slug":"cedis-kit-eset9-de-nettoyage-et-de-sechage-pour-appareils-auditifs-intra-auriculaires-avec-lingettes","status":"publish","type":"product","link":"https:\/\/www.ocshop.ch\/fr\/produkt\/cedis-kit-eset9-de-nettoyage-et-de-sechage-pour-appareils-auditifs-intra-auriculaires-avec-lingettes\/","title":{"rendered":"cedis kit eSET9 de nettoyage et de s\u00e9chage pour appareils auditifs intra-auriculaires, avec lingettes"},"content":{"rendered":"<p>Le kit complet pour le nettoyage et s\u00e9chage pour appareils auditifs intra-auriculaires. Pour un nettoyage rapide et efficace le kit contient des lingettes d\u00e9sinfectantes dans une petite bo\u00eete de poche en plastique. Avec capsules d\u00e9shydratantes (avec indicateur de couleur) et gobelet de s\u00e9chage qui garantissent un s\u00e9chage efficace des appareils auditives pendant la nuit.<\/p>\n<p>Contenu:<br \/>\n1 petite bo\u00eete de poche en plastique avec lingettes eC2.5 (25 lingettes)<br \/>\n4 capsules d\u00e9shydratantes eD2.3<br \/>\n1 gobelet de s\u00e9chage eD2.11<\/p>\n","protected":false},"excerpt":{"rendered":"<p>Le kit complet pour le nettoyage et s\u00e9chage pour appareils auditifs intra-auriculaires. Pour un nettoyage rapide et efficace le kit contient des lingettes d\u00e9sinfectantes dans une petite bo\u00eete de poche en plastique. Avec capsules d\u00e9shydratantes (avec indicateur de couleur) et gobelet de s\u00e9chage qui garantissent un s\u00e9chage efficace des appareils auditives pendant la nuit. Contenu: [&hellip;]<\/p>\n","protected":false},"featured_media":7312,"template":"","meta":[],"product_brand":[],"product_cat":[491],"product_tag":[],"class_list":{"0":"post-9837","1":"product","2":"type-product","3":"status-publish","4":"has-post-thumbnail","6":"product_cat-nettoyage-et-entretien","7":"tm-no-options","9":"first","10":"instock","11":"taxable","12":"shipping-taxable","13":"product-type-simple"},"_links":{"self":[{"href":"https:\/\/www.ocshop.ch\/fr\/wp-json\/wp\/v2\/product\/9837","targetHints":{"allow":["GET"]}}],"collection":[{"href":"https:\/\/www.ocshop.ch\/fr\/wp-json\/wp\/v2\/product"}],"about":[{"href":"https:\/\/www.ocshop.ch\/fr\/wp-json\/wp\/v2\/types\/product"}],"wp:featuredmedia":[{"embeddable":true,"href":"https:\/\/www.ocshop.ch\/fr\/wp-json\/wp\/v2\/media\/7312"}],"wp:attachment":[{"href":"https:\/\/www.ocshop.ch\/fr\/wp-json\/wp\/v2\/media?parent=9837"}],"wp:term":[{"taxonomy":"product_brand","embeddable":true,"href":"https:\/\/www.ocshop.ch\/fr\/wp-json\/wp\/v2\/product_brand?post=9837"},{"taxonomy":"product_cat","embeddable":true,"href":"https:\/\/www.ocshop.ch\/fr\/wp-json\/wp\/v2\/product_cat?post=9837"},{"taxonomy":"product_tag","embeddable":true,"href":"https:\/\/www.ocshop.ch\/fr\/wp-json\/wp\/v2\/product_tag?post=9837"}],"curies":[{"name":"wp","href":"https:\/\/api.w.org\/{rel}","templated":true}]}}