{"id":9836,"date":"2011-03-17T11:09:56","date_gmt":"2011-03-17T09:09:56","guid":{"rendered":"https:\/\/shoptest.ocshop.ch\/produkt\/cedis-kit-de-nettoyage-et-de-sechage-pour-intras-eset7\/"},"modified":"2024-07-10T23:47:45","modified_gmt":"2024-07-10T21:47:45","slug":"cedis-kit-de-nettoyage-et-de-sechage-pour-intras-eset7","status":"publish","type":"product","link":"https:\/\/www.ocshop.ch\/fr\/produkt\/cedis-kit-de-nettoyage-et-de-sechage-pour-intras-eset7\/","title":{"rendered":"cedis Kit de nettoyage et de s\u00e9chage pour intras eSET7"},"content":{"rendered":"<div class=\"variant-description\">Le kit complet pour le nettoyage et s\u00e9chage pour appareils auditifs intra-auriculaires. Ce kit contient un spray d\u00e9sinfectant avec brosse pour un nettoyage fiable \u00e9galement pour les salissures tenaces. Les capsules d\u00e9shydratantes (avec indicateur de couleur) et le gobelet de s\u00e9chage garantissent un s\u00e9chage efficace des syst\u00e8mes auditifs pendant la nuit.<\/div>\n<div><\/div>\n<div class=\"variant-description\">Contenu:1 spray avec brosse eC3.7 (30 ml)<br \/>\n4 capsules d\u00e9shydratantes eD2.3<br \/>\n1 gobelet de s\u00e9chage eD2.11<\/div>\n<div class=\"product-specs-box\">\n<div class=\"specification-wrapper\"><\/div>\n<\/div>\n","protected":false},"excerpt":{"rendered":"<p>Le kit complet pour le nettoyage et s\u00e9chage pour appareils auditifs intra-auriculaires. Ce kit contient un spray d\u00e9sinfectant avec brosse pour un nettoyage fiable \u00e9galement pour les salissures tenaces. Les capsules d\u00e9shydratantes (avec indicateur de couleur) et le gobelet de s\u00e9chage garantissent un s\u00e9chage efficace des syst\u00e8mes auditifs pendant la nuit. Contenu:1 spray avec brosse [&hellip;]<\/p>\n","protected":false},"featured_media":7308,"template":"","meta":[],"product_brand":[],"product_cat":[491],"product_tag":[],"class_list":{"0":"post-9836","1":"product","2":"type-product","3":"status-publish","4":"has-post-thumbnail","6":"product_cat-nettoyage-et-entretien","7":"tm-no-options","9":"first","10":"instock","11":"taxable","12":"shipping-taxable","13":"product-type-simple"},"_links":{"self":[{"href":"https:\/\/www.ocshop.ch\/fr\/wp-json\/wp\/v2\/product\/9836","targetHints":{"allow":["GET"]}}],"collection":[{"href":"https:\/\/www.ocshop.ch\/fr\/wp-json\/wp\/v2\/product"}],"about":[{"href":"https:\/\/www.ocshop.ch\/fr\/wp-json\/wp\/v2\/types\/product"}],"wp:featuredmedia":[{"embeddable":true,"href":"https:\/\/www.ocshop.ch\/fr\/wp-json\/wp\/v2\/media\/7308"}],"wp:attachment":[{"href":"https:\/\/www.ocshop.ch\/fr\/wp-json\/wp\/v2\/media?parent=9836"}],"wp:term":[{"taxonomy":"product_brand","embeddable":true,"href":"https:\/\/www.ocshop.ch\/fr\/wp-json\/wp\/v2\/product_brand?post=9836"},{"taxonomy":"product_cat","embeddable":true,"href":"https:\/\/www.ocshop.ch\/fr\/wp-json\/wp\/v2\/product_cat?post=9836"},{"taxonomy":"product_tag","embeddable":true,"href":"https:\/\/www.ocshop.ch\/fr\/wp-json\/wp\/v2\/product_tag?post=9836"}],"curies":[{"name":"wp","href":"https:\/\/api.w.org\/{rel}","templated":true}]}}