{"id":9835,"date":"2011-03-17T11:10:07","date_gmt":"2011-03-17T09:10:07","guid":{"rendered":"https:\/\/shoptest.ocshop.ch\/produkt\/cedis-spray-de-desinfection-avec-brosse-ec3-7-30-ml\/"},"modified":"2024-07-10T23:47:07","modified_gmt":"2024-07-10T21:47:07","slug":"cedis-spray-de-desinfection-avec-brosse-ec3-7-30-ml","status":"publish","type":"product","link":"https:\/\/www.ocshop.ch\/fr\/produkt\/cedis-spray-de-desinfection-avec-brosse-ec3-7-30-ml\/","title":{"rendered":"cedis Spray de d\u00e9sinfection avec brosse eC3.7, 30 ml"},"content":{"rendered":"<p>Recharge pour le spray pr\u00eat \u00e0 l&#8217;emploi pour le nettoyage et d\u00e9sinfection (bact\u00e9ricide, fongicide et h\u00e9patovirucide) des syst\u00e8mes auditifs et des embouts. Laisser agir : 1 minute. Spray sans gaz propulseur.<\/p>\n","protected":false},"excerpt":{"rendered":"<p>Recharge pour le spray pr\u00eat \u00e0 l&#8217;emploi pour le nettoyage et d\u00e9sinfection (bact\u00e9ricide, fongicide et h\u00e9patovirucide) des syst\u00e8mes auditifs et des embouts. Laisser agir : 1 minute. Spray sans gaz propulseur.<\/p>\n","protected":false},"featured_media":7069,"template":"","meta":[],"product_brand":[],"product_cat":[491],"product_tag":[],"class_list":{"0":"post-9835","1":"product","2":"type-product","3":"status-publish","4":"has-post-thumbnail","6":"product_cat-nettoyage-et-entretien","7":"tm-no-options","9":"first","10":"instock","11":"taxable","12":"shipping-taxable","13":"product-type-simple"},"_links":{"self":[{"href":"https:\/\/www.ocshop.ch\/fr\/wp-json\/wp\/v2\/product\/9835","targetHints":{"allow":["GET"]}}],"collection":[{"href":"https:\/\/www.ocshop.ch\/fr\/wp-json\/wp\/v2\/product"}],"about":[{"href":"https:\/\/www.ocshop.ch\/fr\/wp-json\/wp\/v2\/types\/product"}],"wp:featuredmedia":[{"embeddable":true,"href":"https:\/\/www.ocshop.ch\/fr\/wp-json\/wp\/v2\/media\/7069"}],"wp:attachment":[{"href":"https:\/\/www.ocshop.ch\/fr\/wp-json\/wp\/v2\/media?parent=9835"}],"wp:term":[{"taxonomy":"product_brand","embeddable":true,"href":"https:\/\/www.ocshop.ch\/fr\/wp-json\/wp\/v2\/product_brand?post=9835"},{"taxonomy":"product_cat","embeddable":true,"href":"https:\/\/www.ocshop.ch\/fr\/wp-json\/wp\/v2\/product_cat?post=9835"},{"taxonomy":"product_tag","embeddable":true,"href":"https:\/\/www.ocshop.ch\/fr\/wp-json\/wp\/v2\/product_tag?post=9835"}],"curies":[{"name":"wp","href":"https:\/\/api.w.org\/{rel}","templated":true}]}}