{"id":9834,"date":"2011-03-17T11:09:55","date_gmt":"2011-03-17T09:09:55","guid":{"rendered":"https:\/\/shoptest.ocshop.ch\/produkt\/cedis-kit-dhygiene-eset3-pour-contours-doreille-bte\/"},"modified":"2024-07-10T23:46:40","modified_gmt":"2024-07-10T21:46:40","slug":"cedis-kit-dhygiene-eset3-pour-contours-doreille-bte","status":"publish","type":"product","link":"https:\/\/www.ocshop.ch\/fr\/produkt\/cedis-kit-dhygiene-eset3-pour-contours-doreille-bte\/","title":{"rendered":"cedis Kit d&rsquo;hygi\u00e8ne eSET3 pour contours d&rsquo;oreille\/BTE"},"content":{"rendered":"<p>Le best-seller comme premier \u00e9quipement pour le nettoyage des contours d&rsquo;oreille!<br \/>\nCe kit de nettoyage assure un nettoyage optimal en utilisant les comprim\u00e9s efferverscents sp\u00e9ciaux avec de l&rsquo;oxyg\u00e8ne actif. La poire soufflante (avec pointe m\u00e9tallique) s\u00e8che efficacement le tube acoustique.<\/p>\n<p>Contenu:<br \/>\n8 comprim\u00e9s de nettoyage eC5.3<br \/>\n1 gobelet de nettoyage eC5.11 avec tamis<br \/>\n1 poire soufflante eT2.3<\/p>\n","protected":false},"excerpt":{"rendered":"<p>Le best-seller comme premier \u00e9quipement pour le nettoyage des contours d&rsquo;oreille! Ce kit de nettoyage assure un nettoyage optimal en utilisant les comprim\u00e9s efferverscents sp\u00e9ciaux avec de l&rsquo;oxyg\u00e8ne actif. La poire soufflante (avec pointe m\u00e9tallique) s\u00e8che efficacement le tube acoustique. Contenu: 8 comprim\u00e9s de nettoyage eC5.3 1 gobelet de nettoyage eC5.11 avec tamis 1 poire [&hellip;]<\/p>\n","protected":false},"featured_media":7300,"template":"","meta":[],"product_brand":[],"product_cat":[491],"product_tag":[],"class_list":{"0":"post-9834","1":"product","2":"type-product","3":"status-publish","4":"has-post-thumbnail","6":"product_cat-nettoyage-et-entretien","7":"tm-no-options","9":"first","10":"instock","11":"taxable","12":"shipping-taxable","13":"product-type-simple"},"_links":{"self":[{"href":"https:\/\/www.ocshop.ch\/fr\/wp-json\/wp\/v2\/product\/9834","targetHints":{"allow":["GET"]}}],"collection":[{"href":"https:\/\/www.ocshop.ch\/fr\/wp-json\/wp\/v2\/product"}],"about":[{"href":"https:\/\/www.ocshop.ch\/fr\/wp-json\/wp\/v2\/types\/product"}],"wp:featuredmedia":[{"embeddable":true,"href":"https:\/\/www.ocshop.ch\/fr\/wp-json\/wp\/v2\/media\/7300"}],"wp:attachment":[{"href":"https:\/\/www.ocshop.ch\/fr\/wp-json\/wp\/v2\/media?parent=9834"}],"wp:term":[{"taxonomy":"product_brand","embeddable":true,"href":"https:\/\/www.ocshop.ch\/fr\/wp-json\/wp\/v2\/product_brand?post=9834"},{"taxonomy":"product_cat","embeddable":true,"href":"https:\/\/www.ocshop.ch\/fr\/wp-json\/wp\/v2\/product_cat?post=9834"},{"taxonomy":"product_tag","embeddable":true,"href":"https:\/\/www.ocshop.ch\/fr\/wp-json\/wp\/v2\/product_tag?post=9834"}],"curies":[{"name":"wp","href":"https:\/\/api.w.org\/{rel}","templated":true}]}}