{"id":9832,"date":"2011-03-17T11:10:10","date_gmt":"2011-03-17T09:10:10","guid":{"rendered":"https:\/\/shoptest.ocshop.ch\/produkt\/cedis-comprimes-de-nettoyage-ec5-3\/"},"modified":"2024-07-11T00:00:36","modified_gmt":"2024-07-10T22:00:36","slug":"cedis-comprimes-de-nettoyage-ec5-3","status":"publish","type":"product","link":"https:\/\/www.ocshop.ch\/fr\/produkt\/cedis-comprimes-de-nettoyage-ec5-3\/","title":{"rendered":"cedis Comprim\u00e9s de nettoyage eC5.3"},"content":{"rendered":"<div class=\"short-description\">Nettoie de mani\u00e8re fiable et dissout les d\u00e9p\u00f4ts de c\u00e9rumen tenaces sur les embouts auriculaires. Contient de l&rsquo;oxyg\u00e8ne actif.<\/p>\n<p>Bo\u00eete de 20 comprim\u00e9s efferverscents<\/p><\/div>\n<div class=\"additional-details\"><\/div>\n<div class=\"product-collateral\">\n<div class=\"product-specs-box\">\n<div class=\"specification-wrapper\"><span class=\"specification-name\">Temp\u00e9rature de stockage : <\/span><span class=\"specification-value\">5 &#8211; 25\u00b0C<\/span><\/div>\n<\/div>\n<\/div>\n","protected":false},"excerpt":{"rendered":"<p>Nettoie de mani\u00e8re fiable et dissout les d\u00e9p\u00f4ts de c\u00e9rumen tenaces sur les embouts auriculaires. Contient de l&rsquo;oxyg\u00e8ne actif. Bo\u00eete de 20 comprim\u00e9s efferverscents Temp\u00e9rature de stockage : 5 &#8211; 25\u00b0C<\/p>\n","protected":false},"featured_media":7015,"template":"","meta":[],"product_brand":[],"product_cat":[491],"product_tag":[],"class_list":{"0":"post-9832","1":"product","2":"type-product","3":"status-publish","4":"has-post-thumbnail","6":"product_cat-nettoyage-et-entretien","7":"tm-no-options","9":"first","10":"instock","11":"taxable","12":"shipping-taxable","13":"product-type-simple"},"_links":{"self":[{"href":"https:\/\/www.ocshop.ch\/fr\/wp-json\/wp\/v2\/product\/9832","targetHints":{"allow":["GET"]}}],"collection":[{"href":"https:\/\/www.ocshop.ch\/fr\/wp-json\/wp\/v2\/product"}],"about":[{"href":"https:\/\/www.ocshop.ch\/fr\/wp-json\/wp\/v2\/types\/product"}],"wp:featuredmedia":[{"embeddable":true,"href":"https:\/\/www.ocshop.ch\/fr\/wp-json\/wp\/v2\/media\/7015"}],"wp:attachment":[{"href":"https:\/\/www.ocshop.ch\/fr\/wp-json\/wp\/v2\/media?parent=9832"}],"wp:term":[{"taxonomy":"product_brand","embeddable":true,"href":"https:\/\/www.ocshop.ch\/fr\/wp-json\/wp\/v2\/product_brand?post=9832"},{"taxonomy":"product_cat","embeddable":true,"href":"https:\/\/www.ocshop.ch\/fr\/wp-json\/wp\/v2\/product_cat?post=9832"},{"taxonomy":"product_tag","embeddable":true,"href":"https:\/\/www.ocshop.ch\/fr\/wp-json\/wp\/v2\/product_tag?post=9832"}],"curies":[{"name":"wp","href":"https:\/\/api.w.org\/{rel}","templated":true}]}}