{"id":9831,"date":"2011-03-17T11:10:12","date_gmt":"2011-03-17T09:10:12","guid":{"rendered":"https:\/\/shoptest.ocshop.ch\/produkt\/cedis-lingettes-de-desinfection-ec2-7-90-lingettes-humides\/"},"modified":"2024-07-10T23:59:22","modified_gmt":"2024-07-10T21:59:22","slug":"cedis-lingettes-de-desinfection-ec2-7-90-lingettes-humides","status":"publish","type":"product","link":"https:\/\/www.ocshop.ch\/fr\/produkt\/cedis-lingettes-de-desinfection-ec2-7-90-lingettes-humides\/","title":{"rendered":"cedis Lingettes de d\u00e9sinfection, eC2.7, 90 lingettes humides"},"content":{"rendered":"<p>Pour le nettoyage et d\u00e9sinfection rapide et efficace (bact\u00e9ricide, fongicide et h\u00e9patovirucide) des syst\u00e8mes auditifs et embouts.<\/p>\n<p>Grande bo\u00eete en plastique, id\u00e9ale pour l&rsquo;utilisation en laboratoire et dans les magasins sp\u00e9cialis\u00e9s.<\/p>\n","protected":false},"excerpt":{"rendered":"<p>Pour le nettoyage et d\u00e9sinfection rapide et efficace (bact\u00e9ricide, fongicide et h\u00e9patovirucide) des syst\u00e8mes auditifs et embouts. Grande bo\u00eete en plastique, id\u00e9ale pour l&rsquo;utilisation en laboratoire et dans les magasins sp\u00e9cialis\u00e9s.<\/p>\n","protected":false},"featured_media":7008,"template":"","meta":[],"product_brand":[],"product_cat":[467,491],"product_tag":[],"class_list":{"0":"post-9831","1":"product","2":"type-product","3":"status-publish","4":"has-post-thumbnail","6":"product_cat-atelier-empreintes","7":"product_cat-nettoyage-et-entretien","8":"tm-no-options","10":"first","11":"instock","12":"taxable","13":"shipping-taxable","14":"product-type-simple"},"_links":{"self":[{"href":"https:\/\/www.ocshop.ch\/fr\/wp-json\/wp\/v2\/product\/9831","targetHints":{"allow":["GET"]}}],"collection":[{"href":"https:\/\/www.ocshop.ch\/fr\/wp-json\/wp\/v2\/product"}],"about":[{"href":"https:\/\/www.ocshop.ch\/fr\/wp-json\/wp\/v2\/types\/product"}],"wp:featuredmedia":[{"embeddable":true,"href":"https:\/\/www.ocshop.ch\/fr\/wp-json\/wp\/v2\/media\/7008"}],"wp:attachment":[{"href":"https:\/\/www.ocshop.ch\/fr\/wp-json\/wp\/v2\/media?parent=9831"}],"wp:term":[{"taxonomy":"product_brand","embeddable":true,"href":"https:\/\/www.ocshop.ch\/fr\/wp-json\/wp\/v2\/product_brand?post=9831"},{"taxonomy":"product_cat","embeddable":true,"href":"https:\/\/www.ocshop.ch\/fr\/wp-json\/wp\/v2\/product_cat?post=9831"},{"taxonomy":"product_tag","embeddable":true,"href":"https:\/\/www.ocshop.ch\/fr\/wp-json\/wp\/v2\/product_tag?post=9831"}],"curies":[{"name":"wp","href":"https:\/\/api.w.org\/{rel}","templated":true}]}}