{"id":9830,"date":"2011-03-17T11:10:13","date_gmt":"2011-03-17T09:10:13","guid":{"rendered":"https:\/\/shoptest.ocshop.ch\/produkt\/cedis-lingettes-de-desinfection-ec2-5-f-25-pieces-recharge\/"},"modified":"2024-07-10T23:59:39","modified_gmt":"2024-07-10T21:59:39","slug":"cedis-lingettes-de-desinfection-ec2-5-f-25-pieces-recharge","status":"publish","type":"product","link":"https:\/\/www.ocshop.ch\/fr\/produkt\/cedis-lingettes-de-desinfection-ec2-5-f-25-pieces-recharge\/","title":{"rendered":"cedis Lingettes de d\u00e9sinfection eC2.5.F, 25 pi\u00e8ces &#8211; recharge"},"content":{"rendered":"<p>Pour le nettoyage et d\u00e9sinfection rapide et efficace (bact\u00e9ricide, fongicide et h\u00e9patovirucide) des syst\u00e8mes auditifs et embouts.<\/p>\n<p>Recharge pour la petite bo\u00eete de poche (25 lingettes).<\/p>\n","protected":false},"excerpt":{"rendered":"<p>Pour le nettoyage et d\u00e9sinfection rapide et efficace (bact\u00e9ricide, fongicide et h\u00e9patovirucide) des syst\u00e8mes auditifs et embouts. Recharge pour la petite bo\u00eete de poche (25 lingettes).<\/p>\n","protected":false},"featured_media":7004,"template":"","meta":[],"product_brand":[],"product_cat":[491],"product_tag":[],"class_list":{"0":"post-9830","1":"product","2":"type-product","3":"status-publish","4":"has-post-thumbnail","6":"product_cat-nettoyage-et-entretien","7":"tm-no-options","9":"first","10":"instock","11":"taxable","12":"shipping-taxable","13":"product-type-simple"},"_links":{"self":[{"href":"https:\/\/www.ocshop.ch\/fr\/wp-json\/wp\/v2\/product\/9830","targetHints":{"allow":["GET"]}}],"collection":[{"href":"https:\/\/www.ocshop.ch\/fr\/wp-json\/wp\/v2\/product"}],"about":[{"href":"https:\/\/www.ocshop.ch\/fr\/wp-json\/wp\/v2\/types\/product"}],"wp:featuredmedia":[{"embeddable":true,"href":"https:\/\/www.ocshop.ch\/fr\/wp-json\/wp\/v2\/media\/7004"}],"wp:attachment":[{"href":"https:\/\/www.ocshop.ch\/fr\/wp-json\/wp\/v2\/media?parent=9830"}],"wp:term":[{"taxonomy":"product_brand","embeddable":true,"href":"https:\/\/www.ocshop.ch\/fr\/wp-json\/wp\/v2\/product_brand?post=9830"},{"taxonomy":"product_cat","embeddable":true,"href":"https:\/\/www.ocshop.ch\/fr\/wp-json\/wp\/v2\/product_cat?post=9830"},{"taxonomy":"product_tag","embeddable":true,"href":"https:\/\/www.ocshop.ch\/fr\/wp-json\/wp\/v2\/product_tag?post=9830"}],"curies":[{"name":"wp","href":"https:\/\/api.w.org\/{rel}","templated":true}]}}