{"id":9821,"date":"2024-05-20T11:58:34","date_gmt":"2024-05-20T09:58:34","guid":{"rendered":"https:\/\/shoptest.ocshop.ch\/produkt\/protege-tympan-ouate\/"},"modified":"2024-07-11T00:12:30","modified_gmt":"2024-07-10T22:12:30","slug":"protege-tympan-ouate","status":"publish","type":"product","link":"https:\/\/www.ocshop.ch\/fr\/produkt\/protege-tympan-ouate\/","title":{"rendered":"Prot\u00e8ge-tympan, ouate"},"content":{"rendered":"<p>Prot\u00e8ge-tympans en coton avec fil de s\u00e9curit\u00e9 bleu, (50 pi\u00e8ces)<\/p>\n","protected":false},"excerpt":{"rendered":"<p>Prot\u00e8ge-tympans en coton avec fil de s\u00e9curit\u00e9 bleu, (50 pi\u00e8ces)<\/p>\n","protected":false},"featured_media":7818,"template":"","meta":[],"product_brand":[],"product_cat":[467],"product_tag":[],"class_list":{"0":"post-9821","1":"product","2":"type-product","3":"status-publish","4":"has-post-thumbnail","6":"product_cat-atelier-empreintes","7":"tm-no-options","9":"first","10":"instock","11":"taxable","12":"shipping-taxable","13":"product-type-variable"},"_links":{"self":[{"href":"https:\/\/www.ocshop.ch\/fr\/wp-json\/wp\/v2\/product\/9821","targetHints":{"allow":["GET"]}}],"collection":[{"href":"https:\/\/www.ocshop.ch\/fr\/wp-json\/wp\/v2\/product"}],"about":[{"href":"https:\/\/www.ocshop.ch\/fr\/wp-json\/wp\/v2\/types\/product"}],"wp:featuredmedia":[{"embeddable":true,"href":"https:\/\/www.ocshop.ch\/fr\/wp-json\/wp\/v2\/media\/7818"}],"wp:attachment":[{"href":"https:\/\/www.ocshop.ch\/fr\/wp-json\/wp\/v2\/media?parent=9821"}],"wp:term":[{"taxonomy":"product_brand","embeddable":true,"href":"https:\/\/www.ocshop.ch\/fr\/wp-json\/wp\/v2\/product_brand?post=9821"},{"taxonomy":"product_cat","embeddable":true,"href":"https:\/\/www.ocshop.ch\/fr\/wp-json\/wp\/v2\/product_cat?post=9821"},{"taxonomy":"product_tag","embeddable":true,"href":"https:\/\/www.ocshop.ch\/fr\/wp-json\/wp\/v2\/product_tag?post=9821"}],"curies":[{"name":"wp","href":"https:\/\/api.w.org\/{rel}","templated":true}]}}