{"id":9817,"date":"2024-05-20T13:55:56","date_gmt":"2024-05-20T11:55:56","guid":{"rendered":"https:\/\/shoptest.ocshop.ch\/produkt\/egger-lp-w-laque\/"},"modified":"2024-09-05T08:09:21","modified_gmt":"2024-09-05T06:09:21","slug":"egger-lp-w-laque","status":"publish","type":"product","link":"https:\/\/www.ocshop.ch\/fr\/produkt\/egger-lp-w-laque\/","title":{"rendered":"egger LP\/W vernis, doux"},"content":{"rendered":"\n<pre class=\"wp-block-preformatted\">Laque souple de photopolym\u00e9risation pour le laquage des surfaces ou comme rev\u00eatement adh\u00e9rent pour les embouts durs.<\/pre>\n\n<pre class=\"wp-block-preformatted\">egger LP\/W vernis, mou, 30 ml, incl. 5 pinceaux jetables<br\/>ou<br\/>egger LP\/W vernis, souple, 100 ml<br\/><br\/>Temp\u00e9rature de stockage : 2 - 25\u00b0C <br\/>Unit\u00e9 : 30 ml, incl. 5 pinceaux <\/pre>\n","protected":false},"excerpt":{"rendered":"<p>Laque souple de photopolym\u00e9risation pour le laquage des surfaces ou comme rev\u00eatement adh\u00e9rent pour les embouts durs. egger LP\/W vernis, mou, 30 ml, incl. 5 pinceaux jetablesouegger LP\/W vernis, souple, 100 mlTemp\u00e9rature de stockage : 2 &#8211; 25\u00b0C Unit\u00e9 : 30 ml, incl. 5 pinceaux<\/p>\n","protected":false},"featured_media":11954,"template":"","meta":[],"product_brand":[],"product_cat":[467],"product_tag":[],"class_list":{"0":"post-9817","1":"product","2":"type-product","3":"status-publish","4":"has-post-thumbnail","6":"product_cat-atelier-empreintes","7":"pa_einheit-flacon-de-100-ml","8":"pa_einheit-flacon-de-30-ml","9":"tm-no-options","11":"first","12":"instock","13":"taxable","14":"shipping-taxable","15":"product-type-variable","16":"has-default-attributes"},"_links":{"self":[{"href":"https:\/\/www.ocshop.ch\/fr\/wp-json\/wp\/v2\/product\/9817","targetHints":{"allow":["GET"]}}],"collection":[{"href":"https:\/\/www.ocshop.ch\/fr\/wp-json\/wp\/v2\/product"}],"about":[{"href":"https:\/\/www.ocshop.ch\/fr\/wp-json\/wp\/v2\/types\/product"}],"wp:featuredmedia":[{"embeddable":true,"href":"https:\/\/www.ocshop.ch\/fr\/wp-json\/wp\/v2\/media\/11954"}],"wp:attachment":[{"href":"https:\/\/www.ocshop.ch\/fr\/wp-json\/wp\/v2\/media?parent=9817"}],"wp:term":[{"taxonomy":"product_brand","embeddable":true,"href":"https:\/\/www.ocshop.ch\/fr\/wp-json\/wp\/v2\/product_brand?post=9817"},{"taxonomy":"product_cat","embeddable":true,"href":"https:\/\/www.ocshop.ch\/fr\/wp-json\/wp\/v2\/product_cat?post=9817"},{"taxonomy":"product_tag","embeddable":true,"href":"https:\/\/www.ocshop.ch\/fr\/wp-json\/wp\/v2\/product_tag?post=9817"}],"curies":[{"name":"wp","href":"https:\/\/api.w.org\/{rel}","templated":true}]}}