{"id":9815,"date":"2024-05-20T14:03:16","date_gmt":"2024-05-20T12:03:16","guid":{"rendered":"https:\/\/shoptest.ocshop.ch\/produkt\/martec-gel-desinfectant-pour-les-mains-extrait-daloe-vera-flacon-de-500-ml-avec-doseur-a-pompe\/"},"modified":"2024-09-05T08:09:12","modified_gmt":"2024-09-05T06:09:12","slug":"martec-gel-desinfectant-pour-les-mains-extrait-daloe-vera-flacon-de-500-ml-avec-doseur-a-pompe","status":"publish","type":"product","link":"https:\/\/www.ocshop.ch\/fr\/produkt\/martec-gel-desinfectant-pour-les-mains-extrait-daloe-vera-flacon-de-500-ml-avec-doseur-a-pompe\/","title":{"rendered":"MARTEC\u00ae Gel d\u00e9sinfectant pour les mains Extrait d&rsquo;aloe vera, flacon de 500 ml avec doseur \u00e0 pompe"},"content":{"rendered":"<p><strong>MARTEC\u00ae Gel d\u00e9sinfectant \u00e0 l&rsquo;extrait d&rsquo;aloe vera<\/strong> Toute personne qui prend les transports en commun pour se rendre au travail ou \u00e0 un rendez-vous client sait qu&rsquo;il est important de se d\u00e9sinfecter les mains r\u00e9guli\u00e8rement, surtout pendant la saison de la grippe.<br \/>\nLe probl\u00e8me, c&rsquo;est que ces d\u00e9sinfectants ass\u00e8chent les mains.<br \/>\nNe serait-il pas pratique qu&rsquo;un d\u00e9sinfectant prenne \u00e9galement soin des mains ?<br \/>\nMartec a d\u00e9velopp\u00e9 le produit id\u00e9al pour cela : Martec 33051 d\u00e9sinfectant.<br \/>\nCe produit contient 70% d&rsquo;\u00e9thanol et d\u00e9sinfecte donc parfaitement contre les virus (Corona), les champignons et les bact\u00e9ries.<br \/>\nDe plus, un extrait d&rsquo;alo\u00e8s a \u00e9t\u00e9 ajout\u00e9 au produit, ce qui a un effet soignant sur la peau.<br \/>\nCet ajout permet \u00e9galement d&rsquo;avoir des mains agr\u00e9ablement parfum\u00e9es.        <strong>Avantages<\/strong><\/p>\n<ul>\n<li>Agit contre les virus (COVID)<\/li>\n<li>Contre les champignons, les bact\u00e9ries et les mycobact\u00e9ries.<\/li>\n<li>Nourrit la peau gr\u00e2ce \u00e0 un extrait d&rsquo;aloe vera.<\/li>\n<li>Inodore, non gras, non collant<\/li>\n<li>avec 70% d&rsquo;\u00e9thanol<\/li>\n<\/ul>\n<p><strong>Application<\/strong> Pour la d\u00e9sinfection hygi\u00e9nique des mains, utilise une quantit\u00e9 suffisante pour garder les mains humides pendant toute la dur\u00e9e de l&rsquo;action.<br \/>\nLe d\u00e9sinfectant prend soin de la peau gr\u00e2ce \u00e0 un extrait d&rsquo;alo\u00e8s et laisse les mains agr\u00e9ablement parfum\u00e9es. <\/p>\n","protected":false},"excerpt":{"rendered":"<p>MARTEC\u00ae Gel d\u00e9sinfectant \u00e0 l&rsquo;extrait d&rsquo;aloe vera Toute personne qui prend les transports en commun pour se rendre au travail ou \u00e0 un rendez-vous client sait qu&rsquo;il est important de se d\u00e9sinfecter les mains r\u00e9guli\u00e8rement, surtout pendant la saison de la grippe. Le probl\u00e8me, c&rsquo;est que ces d\u00e9sinfectants ass\u00e8chent les mains. Ne serait-il pas pratique [&hellip;]<\/p>\n","protected":false},"featured_media":11670,"template":"","meta":[],"product_brand":[],"product_cat":[467,491],"product_tag":[],"class_list":{"0":"post-9815","1":"product","2":"type-product","3":"status-publish","4":"has-post-thumbnail","6":"product_cat-atelier-empreintes","7":"product_cat-nettoyage-et-entretien","8":"tm-no-options","10":"first","11":"instock","12":"taxable","13":"shipping-taxable","14":"product-type-simple"},"_links":{"self":[{"href":"https:\/\/www.ocshop.ch\/fr\/wp-json\/wp\/v2\/product\/9815","targetHints":{"allow":["GET"]}}],"collection":[{"href":"https:\/\/www.ocshop.ch\/fr\/wp-json\/wp\/v2\/product"}],"about":[{"href":"https:\/\/www.ocshop.ch\/fr\/wp-json\/wp\/v2\/types\/product"}],"wp:featuredmedia":[{"embeddable":true,"href":"https:\/\/www.ocshop.ch\/fr\/wp-json\/wp\/v2\/media\/11670"}],"wp:attachment":[{"href":"https:\/\/www.ocshop.ch\/fr\/wp-json\/wp\/v2\/media?parent=9815"}],"wp:term":[{"taxonomy":"product_brand","embeddable":true,"href":"https:\/\/www.ocshop.ch\/fr\/wp-json\/wp\/v2\/product_brand?post=9815"},{"taxonomy":"product_cat","embeddable":true,"href":"https:\/\/www.ocshop.ch\/fr\/wp-json\/wp\/v2\/product_cat?post=9815"},{"taxonomy":"product_tag","embeddable":true,"href":"https:\/\/www.ocshop.ch\/fr\/wp-json\/wp\/v2\/product_tag?post=9815"}],"curies":[{"name":"wp","href":"https:\/\/api.w.org\/{rel}","templated":true}]}}