{"id":9814,"date":"2024-05-20T15:44:12","date_gmt":"2024-05-20T13:44:12","guid":{"rendered":"https:\/\/shoptest.ocshop.ch\/produkt\/testeur-de-piles\/"},"modified":"2024-07-11T00:13:35","modified_gmt":"2024-07-10T22:13:35","slug":"testeur-de-piles","status":"publish","type":"product","link":"https:\/\/www.ocshop.ch\/fr\/produkt\/testeur-de-piles\/","title":{"rendered":"Testeur de piles"},"content":{"rendered":"<p>Testeur de piles, petit et maniable, pratique qui permet de contr\u00f4ler \u00e0 tout moment l\u2019\u00e9tat de charge des piles des appareils auditifs. L&rsquo;affichage num\u00e9rique \u00e0 cristaux liquides indiquera le niveau de puissance de la pile test\u00e9e. Convient \u00e0 toutes les tailles de piles auditives courantes (675, 13, 312, 10). Avec compartiment \u00e0 pile et cha\u00eene pour l&rsquo;attacher par exemple \u00e0 un porte-cl\u00e9s. Livr\u00e9 dans un petit \u00e9tui en carton.<\/p>\n","protected":false},"excerpt":{"rendered":"<p>Testeur de piles, petit et maniable, pratique qui permet de contr\u00f4ler \u00e0 tout moment l\u2019\u00e9tat de charge des piles des appareils auditifs. L&rsquo;affichage num\u00e9rique \u00e0 cristaux liquides indiquera le niveau de puissance de la pile test\u00e9e. Convient \u00e0 toutes les tailles de piles auditives courantes (675, 13, 312, 10). Avec compartiment \u00e0 pile et cha\u00eene [&hellip;]<\/p>\n","protected":false},"featured_media":7846,"template":"","meta":[],"product_brand":[],"product_cat":[493],"product_tag":[],"class_list":{"0":"post-9814","1":"product","2":"type-product","3":"status-publish","4":"has-post-thumbnail","6":"product_cat-accessoires-pour-embouts-auriculaires","7":"tm-no-options","9":"first","10":"instock","11":"taxable","12":"shipping-taxable","13":"product-type-simple"},"_links":{"self":[{"href":"https:\/\/www.ocshop.ch\/fr\/wp-json\/wp\/v2\/product\/9814","targetHints":{"allow":["GET"]}}],"collection":[{"href":"https:\/\/www.ocshop.ch\/fr\/wp-json\/wp\/v2\/product"}],"about":[{"href":"https:\/\/www.ocshop.ch\/fr\/wp-json\/wp\/v2\/types\/product"}],"wp:featuredmedia":[{"embeddable":true,"href":"https:\/\/www.ocshop.ch\/fr\/wp-json\/wp\/v2\/media\/7846"}],"wp:attachment":[{"href":"https:\/\/www.ocshop.ch\/fr\/wp-json\/wp\/v2\/media?parent=9814"}],"wp:term":[{"taxonomy":"product_brand","embeddable":true,"href":"https:\/\/www.ocshop.ch\/fr\/wp-json\/wp\/v2\/product_brand?post=9814"},{"taxonomy":"product_cat","embeddable":true,"href":"https:\/\/www.ocshop.ch\/fr\/wp-json\/wp\/v2\/product_cat?post=9814"},{"taxonomy":"product_tag","embeddable":true,"href":"https:\/\/www.ocshop.ch\/fr\/wp-json\/wp\/v2\/product_tag?post=9814"}],"curies":[{"name":"wp","href":"https:\/\/api.w.org\/{rel}","templated":true}]}}