{"id":9813,"date":"2024-05-20T15:58:31","date_gmt":"2024-05-20T13:58:31","guid":{"rendered":"https:\/\/shoptest.ocshop.ch\/produkt\/egger-a-rapidpro-s-50-8-doubles-cartouches\/"},"modified":"2024-07-11T00:13:48","modified_gmt":"2024-07-10T22:13:48","slug":"egger-a-rapidpro-s-50-8-doubles-cartouches","status":"publish","type":"product","link":"https:\/\/www.ocshop.ch\/fr\/produkt\/egger-a-rapidpro-s-50-8-doubles-cartouches\/","title":{"rendered":"egger A\/rapidPRO S 50 (8 doubles cartouches)"},"content":{"rendered":"<div class=\"short-description\">Silicone pour la prise d\u2019empreinte dans des doubles cartouches. Mat\u00e9riau avec un temps de prise particuli\u00e8rement court, une bonne fluidit\u00e9 et une grande stabilit\u00e9, non collant et souple.<\/div>\n<div class=\"short-description\">\nCouleur des composants individuels : blanc et orange.<\/div>\n<div><\/div>\n<div class=\"short-description\">Unit\u00e9 de vente :<\/div>\n<div class=\"short-description\">8 doubles cartouches de 2 x 25 ml chacune<br \/>\nCapacit\u00e9 pour environ 40 empreintes<\/div>\n<div class=\"additional-details\"><\/div>\n<div class=\"product-collateral\">\n<div class=\"product-specs-box\">\n<div class=\"specification-wrapper\"><span class=\"specification-name\">Duret\u00e9 finale : <\/span><span class=\"specification-value\">38 shore <\/span> <\/div>\n<div class=\"specification-wrapper\"><span class=\"specification-name\">Temp\u00e9rature de stockage : <\/span><span class=\"specification-value\">15 &#8211; 25\u00b0C<\/span><\/div>\n<\/div>\n<\/div>\n","protected":false},"excerpt":{"rendered":"<p>Silicone pour la prise d\u2019empreinte dans des doubles cartouches. Mat\u00e9riau avec un temps de prise particuli\u00e8rement court, une bonne fluidit\u00e9 et une grande stabilit\u00e9, non collant et souple. Couleur des composants individuels : blanc et orange. Unit\u00e9 de vente : 8 doubles cartouches de 2 x 25 ml chacune Capacit\u00e9 pour environ 40 empreintes Duret\u00e9 [&hellip;]<\/p>\n","protected":false},"featured_media":9810,"template":"","meta":[],"product_brand":[],"product_cat":[467],"product_tag":[],"class_list":{"0":"post-9813","1":"product","2":"type-product","3":"status-publish","4":"has-post-thumbnail","6":"product_cat-atelier-empreintes","7":"tm-no-options","9":"first","10":"instock","11":"taxable","12":"shipping-taxable","13":"product-type-simple"},"_links":{"self":[{"href":"https:\/\/www.ocshop.ch\/fr\/wp-json\/wp\/v2\/product\/9813","targetHints":{"allow":["GET"]}}],"collection":[{"href":"https:\/\/www.ocshop.ch\/fr\/wp-json\/wp\/v2\/product"}],"about":[{"href":"https:\/\/www.ocshop.ch\/fr\/wp-json\/wp\/v2\/types\/product"}],"wp:featuredmedia":[{"embeddable":true,"href":"https:\/\/www.ocshop.ch\/fr\/wp-json\/wp\/v2\/media\/9810"}],"wp:attachment":[{"href":"https:\/\/www.ocshop.ch\/fr\/wp-json\/wp\/v2\/media?parent=9813"}],"wp:term":[{"taxonomy":"product_brand","embeddable":true,"href":"https:\/\/www.ocshop.ch\/fr\/wp-json\/wp\/v2\/product_brand?post=9813"},{"taxonomy":"product_cat","embeddable":true,"href":"https:\/\/www.ocshop.ch\/fr\/wp-json\/wp\/v2\/product_cat?post=9813"},{"taxonomy":"product_tag","embeddable":true,"href":"https:\/\/www.ocshop.ch\/fr\/wp-json\/wp\/v2\/product_tag?post=9813"}],"curies":[{"name":"wp","href":"https:\/\/api.w.org\/{rel}","templated":true}]}}