{"id":9808,"date":"2024-05-20T16:24:39","date_gmt":"2024-05-20T14:24:39","guid":{"rendered":"https:\/\/shoptest.ocshop.ch\/produkt\/detergent-ec-10-bouteille-de-10-l\/"},"modified":"2024-07-11T00:14:00","modified_gmt":"2024-07-10T22:14:00","slug":"detergent-ec-10-bouteille-de-10-l","status":"publish","type":"product","link":"https:\/\/www.ocshop.ch\/fr\/produkt\/detergent-ec-10-bouteille-de-10-l\/","title":{"rendered":"D\u00e9tergent EC 10, bouteille de 1,0 l"},"content":{"rendered":"<div class=\"short-description\">Concentr\u00e9 universel pour le nettoyage des embouts auriculaires, des instruments et des outils. Ne r\u00e9agit pas de mani\u00e8re agressive et n&rsquo;attaque pas les mat\u00e9riaux (attention aux surfaces en aluminium).<\/div>\n<div class=\"additional-details\"><\/div>\n<div class=\"product-collateral\">\n<div class=\"product-specs-box\">\n<div class=\"specification-wrapper\"><span class=\"specification-name\">Dosage : <\/span><span class=\"specification-value\">1 : 9 (par ex. 10 ml de EC 10 + 90 ml d&rsquo;eau)<\/span><\/div>\n<\/div>\n<\/div>\n","protected":false},"excerpt":{"rendered":"<p>Concentr\u00e9 universel pour le nettoyage des embouts auriculaires, des instruments et des outils. Ne r\u00e9agit pas de mani\u00e8re agressive et n&rsquo;attaque pas les mat\u00e9riaux (attention aux surfaces en aluminium). Dosage : 1 : 9 (par ex. 10 ml de EC 10 + 90 ml d&rsquo;eau)<\/p>\n","protected":false},"featured_media":7854,"template":"","meta":[],"product_brand":[],"product_cat":[467,491],"product_tag":[],"class_list":{"0":"post-9808","1":"product","2":"type-product","3":"status-publish","4":"has-post-thumbnail","6":"product_cat-atelier-empreintes","7":"product_cat-nettoyage-et-entretien","8":"tm-no-options","10":"first","11":"instock","12":"taxable","13":"shipping-taxable","14":"product-type-simple"},"_links":{"self":[{"href":"https:\/\/www.ocshop.ch\/fr\/wp-json\/wp\/v2\/product\/9808","targetHints":{"allow":["GET"]}}],"collection":[{"href":"https:\/\/www.ocshop.ch\/fr\/wp-json\/wp\/v2\/product"}],"about":[{"href":"https:\/\/www.ocshop.ch\/fr\/wp-json\/wp\/v2\/types\/product"}],"wp:featuredmedia":[{"embeddable":true,"href":"https:\/\/www.ocshop.ch\/fr\/wp-json\/wp\/v2\/media\/7854"}],"wp:attachment":[{"href":"https:\/\/www.ocshop.ch\/fr\/wp-json\/wp\/v2\/media?parent=9808"}],"wp:term":[{"taxonomy":"product_brand","embeddable":true,"href":"https:\/\/www.ocshop.ch\/fr\/wp-json\/wp\/v2\/product_brand?post=9808"},{"taxonomy":"product_cat","embeddable":true,"href":"https:\/\/www.ocshop.ch\/fr\/wp-json\/wp\/v2\/product_cat?post=9808"},{"taxonomy":"product_tag","embeddable":true,"href":"https:\/\/www.ocshop.ch\/fr\/wp-json\/wp\/v2\/product_tag?post=9808"}],"curies":[{"name":"wp","href":"https:\/\/api.w.org\/{rel}","templated":true}]}}