{"id":9599,"date":"2011-03-17T11:05:37","date_gmt":"2011-03-17T09:05:37","guid":{"rendered":"https:\/\/shoptest.ocshop.ch\/produkt\/egger-lack-l-nano-30-ml-incl-5-pinceaux\/"},"modified":"2024-07-11T00:26:24","modified_gmt":"2024-07-10T22:26:24","slug":"egger-lack-l-nano-30-ml-incl-5-pinceaux","status":"publish","type":"product","link":"https:\/\/www.ocshop.ch\/fr\/produkt\/egger-lack-l-nano-30-ml-incl-5-pinceaux\/","title":{"rendered":"egger Lack L nano, 30 ml, incl. 5 pinceaux"},"content":{"rendered":"<div class=\"product-name\">\n<div class=\"variant-description\">Laque \u00e0 un composant (s\u00e9chant \u00e0 l&rsquo;air) avec du nano-argent, pour le Laquage des embouts en silicone avec une couche d&rsquo;imperm\u00e9abilisation durable et r\u00e9sistante aux bact\u00e9ries. Le Laquage peut \u00eatre renouvel\u00e9 \u00e0 tout moment, par exemple apr\u00e8s un pon\u00e7age ou un fraisage.<\/div>\n<div><\/div>\n<div class=\"variant-name\">Laque L nano, 30 ml, 5 pinceaux jetables inclus<\/div>\n<div class=\"product-specs-box\">\n<div class=\"specification-wrapper\"><span class=\"specification-name\">Temp\u00e9rature de stockage : <\/span><span class=\"specification-value\">15 &#8211; 25\u00b0 C<\/span><\/div>\n<div><\/div>\n<div class=\"specification-wrapper\"><span class=\"specification-name\">Unit\u00e9 : <\/span><span class=\"specification-value\">30 ml, incl. 5 pinceaux<\/span><\/div>\n<\/div>\n<\/div>\n","protected":false},"excerpt":{"rendered":"<p>Laque \u00e0 un composant (s\u00e9chant \u00e0 l&rsquo;air) avec du nano-argent, pour le Laquage des embouts en silicone avec une couche d&rsquo;imperm\u00e9abilisation durable et r\u00e9sistante aux bact\u00e9ries. Le Laquage peut \u00eatre renouvel\u00e9 \u00e0 tout moment, par exemple apr\u00e8s un pon\u00e7age ou un fraisage. Laque L nano, 30 ml, 5 pinceaux jetables inclus Temp\u00e9rature de stockage : [&hellip;]<\/p>\n","protected":false},"featured_media":9597,"template":"","meta":[],"product_brand":[],"product_cat":[467],"product_tag":[],"class_list":{"0":"post-9599","1":"product","2":"type-product","3":"status-publish","4":"has-post-thumbnail","6":"product_cat-atelier-empreintes","7":"tm-no-options","9":"first","10":"instock","11":"taxable","12":"shipping-taxable","13":"product-type-simple"},"_links":{"self":[{"href":"https:\/\/www.ocshop.ch\/fr\/wp-json\/wp\/v2\/product\/9599","targetHints":{"allow":["GET"]}}],"collection":[{"href":"https:\/\/www.ocshop.ch\/fr\/wp-json\/wp\/v2\/product"}],"about":[{"href":"https:\/\/www.ocshop.ch\/fr\/wp-json\/wp\/v2\/types\/product"}],"wp:featuredmedia":[{"embeddable":true,"href":"https:\/\/www.ocshop.ch\/fr\/wp-json\/wp\/v2\/media\/9597"}],"wp:attachment":[{"href":"https:\/\/www.ocshop.ch\/fr\/wp-json\/wp\/v2\/media?parent=9599"}],"wp:term":[{"taxonomy":"product_brand","embeddable":true,"href":"https:\/\/www.ocshop.ch\/fr\/wp-json\/wp\/v2\/product_brand?post=9599"},{"taxonomy":"product_cat","embeddable":true,"href":"https:\/\/www.ocshop.ch\/fr\/wp-json\/wp\/v2\/product_cat?post=9599"},{"taxonomy":"product_tag","embeddable":true,"href":"https:\/\/www.ocshop.ch\/fr\/wp-json\/wp\/v2\/product_tag?post=9599"}],"curies":[{"name":"wp","href":"https:\/\/api.w.org\/{rel}","templated":true}]}}