{"id":9584,"date":"2011-03-17T11:05:13","date_gmt":"2011-03-17T09:05:13","guid":{"rendered":"https:\/\/shoptest.ocshop.ch\/produkt\/egger-vernis-antibac-lp-h-en-bouteille-aluminium\/"},"modified":"2024-07-10T23:17:55","modified_gmt":"2024-07-10T21:17:55","slug":"egger-vernis-antibac-lp-h-en-bouteille-aluminium","status":"publish","type":"product","link":"https:\/\/www.ocshop.ch\/fr\/produkt\/egger-vernis-antibac-lp-h-en-bouteille-aluminium\/","title":{"rendered":"egger vernis antibac LP\/H en bouteille aluminium"},"content":{"rendered":"<p>Laque de photopolym\u00e9risation avec effet autobact\u00e9rien et toutes les propri\u00e9t\u00e9s positives de la laque egger LP\/H \u00e9prouv\u00e9e.<\/p>\n<p>* effet antibact\u00e9rien<br \/>\n* convient pour tous les r\u00e9sines acryliques dures<br \/>\n* surface claire et transparente (laquage)<br \/>\n* pas de d\u00e9p\u00f4t de particules<br \/>\n* imm\u00e9diatement pr\u00eat \u00e0 l&#8217;emploi &#8211; pas besoin de le secouer et donc pas de formation de bulles<br \/>\n* m\u00eame mode d&rsquo;application que la laque LP\/H<br \/>\n* durcissement en tr\u00e8s peu de temps dans un appareil de polym\u00e9risation<br \/>\n* biocompatible<\/p>\n","protected":false},"excerpt":{"rendered":"<p>Laque de photopolym\u00e9risation avec effet autobact\u00e9rien et toutes les propri\u00e9t\u00e9s positives de la laque egger LP\/H \u00e9prouv\u00e9e. * effet antibact\u00e9rien * convient pour tous les r\u00e9sines acryliques dures * surface claire et transparente (laquage) * pas de d\u00e9p\u00f4t de particules * imm\u00e9diatement pr\u00eat \u00e0 l&#8217;emploi &#8211; pas besoin de le secouer et donc pas de [&hellip;]<\/p>\n","protected":false},"featured_media":7909,"template":"","meta":[],"product_brand":[],"product_cat":[467],"product_tag":[],"class_list":{"0":"post-9584","1":"product","2":"type-product","3":"status-publish","4":"has-post-thumbnail","6":"product_cat-atelier-empreintes","7":"pa_einheit-flacon-de-100-ml","8":"pa_einheit-flacon-de-30-ml","9":"pa_einheit-flacon-de-500-ml","10":"tm-no-options","12":"first","13":"instock","14":"taxable","15":"shipping-taxable","16":"product-type-variable"},"_links":{"self":[{"href":"https:\/\/www.ocshop.ch\/fr\/wp-json\/wp\/v2\/product\/9584","targetHints":{"allow":["GET"]}}],"collection":[{"href":"https:\/\/www.ocshop.ch\/fr\/wp-json\/wp\/v2\/product"}],"about":[{"href":"https:\/\/www.ocshop.ch\/fr\/wp-json\/wp\/v2\/types\/product"}],"wp:featuredmedia":[{"embeddable":true,"href":"https:\/\/www.ocshop.ch\/fr\/wp-json\/wp\/v2\/media\/7909"}],"wp:attachment":[{"href":"https:\/\/www.ocshop.ch\/fr\/wp-json\/wp\/v2\/media?parent=9584"}],"wp:term":[{"taxonomy":"product_brand","embeddable":true,"href":"https:\/\/www.ocshop.ch\/fr\/wp-json\/wp\/v2\/product_brand?post=9584"},{"taxonomy":"product_cat","embeddable":true,"href":"https:\/\/www.ocshop.ch\/fr\/wp-json\/wp\/v2\/product_cat?post=9584"},{"taxonomy":"product_tag","embeddable":true,"href":"https:\/\/www.ocshop.ch\/fr\/wp-json\/wp\/v2\/product_tag?post=9584"}],"curies":[{"name":"wp","href":"https:\/\/api.w.org\/{rel}","templated":true}]}}