{"id":15882,"date":"2026-04-14T13:48:43","date_gmt":"2026-04-14T11:48:43","guid":{"rendered":"https:\/\/www.ocshop.ch\/?post_type=product&#038;p=15882"},"modified":"2026-04-14T14:04:47","modified_gmt":"2026-04-14T12:04:47","slug":"alpine-musicsafe-1-paire-avec-etui-y-compris-une-paire-de-filtres-supplementaires-kopie","status":"publish","type":"product","link":"https:\/\/www.ocshop.ch\/fr\/produkt\/alpine-musicsafe-1-paire-avec-etui-y-compris-une-paire-de-filtres-supplementaires-kopie\/","title":{"rendered":"Alpine Pluggies Kids\u00ae, 1 paire dans une bo\u00eete en plastique"},"content":{"rendered":"<div class=\"short-description\">\n<div class=\"short-description\">Protection auditive pour enfants en petite taille contre le bruit, contre les variations de pression en avion et contre les \u00e9claboussures. Lamelle blanche et syst\u00e8me de filtre bleu clair. Alpine Pluggies Kids sont recommand\u00e9s pour les enfants de 3 \u00e0 12 ans et pour les adultes ayant des conduits auditifs particuli\u00e8rement \u00e9troits.  <\/div>\n<div class=\"additional-details\"><\/div>\n<div class=\"product-collateral\">\n<div class=\"product-specs-box\">\n<div class=\"specification-wrapper\"><span class=\"specification-name\">Valeur SNR : <\/span><span class=\"specification-value\">25 dB<\/span><\/div>\n<div class=\"specification-wrapper\"><span class=\"specification-name\">Valeur H : <\/span><span class=\"specification-value\">24 dB<\/span><\/div>\n<div class=\"specification-wrapper\"><span class=\"specification-name\">Valeur M : <\/span><span class=\"specification-value\">23 dB<\/span><\/div>\n<div class=\"specification-wrapper\"><span class=\"specification-name\">Valeur L : <\/span><span class=\"specification-value\">23 dB<\/span><\/div>\n<\/div>\n<\/div>\n<\/div>\n","protected":false},"excerpt":{"rendered":"<p>Protection auditive pour enfants en petite taille contre le bruit, contre les variations de pression en avion et contre les \u00e9claboussures. Lamelle blanche et syst\u00e8me de filtre bleu clair. Alpine Pluggies Kids sont recommand\u00e9s pour les enfants de 3 \u00e0 12 ans et pour les adultes ayant des conduits auditifs particuli\u00e8rement \u00e9troits. Valeur SNR : [&hellip;]<\/p>\n","protected":false},"featured_media":15885,"template":"","meta":[],"product_brand":[],"product_cat":[502],"product_tag":[],"class_list":{"0":"post-15882","1":"product","2":"type-product","3":"status-publish","4":"has-post-thumbnail","6":"product_cat-protection-auditive-universelle","7":"tm-no-options","9":"first","10":"instock","11":"taxable","12":"shipping-taxable","13":"product-type-simple"},"_links":{"self":[{"href":"https:\/\/www.ocshop.ch\/fr\/wp-json\/wp\/v2\/product\/15882","targetHints":{"allow":["GET"]}}],"collection":[{"href":"https:\/\/www.ocshop.ch\/fr\/wp-json\/wp\/v2\/product"}],"about":[{"href":"https:\/\/www.ocshop.ch\/fr\/wp-json\/wp\/v2\/types\/product"}],"wp:featuredmedia":[{"embeddable":true,"href":"https:\/\/www.ocshop.ch\/fr\/wp-json\/wp\/v2\/media\/15885"}],"wp:attachment":[{"href":"https:\/\/www.ocshop.ch\/fr\/wp-json\/wp\/v2\/media?parent=15882"}],"wp:term":[{"taxonomy":"product_brand","embeddable":true,"href":"https:\/\/www.ocshop.ch\/fr\/wp-json\/wp\/v2\/product_brand?post=15882"},{"taxonomy":"product_cat","embeddable":true,"href":"https:\/\/www.ocshop.ch\/fr\/wp-json\/wp\/v2\/product_cat?post=15882"},{"taxonomy":"product_tag","embeddable":true,"href":"https:\/\/www.ocshop.ch\/fr\/wp-json\/wp\/v2\/product_tag?post=15882"}],"curies":[{"name":"wp","href":"https:\/\/api.w.org\/{rel}","templated":true}]}}