{"id":15612,"date":"2026-03-09T12:07:40","date_gmt":"2026-03-09T10:07:40","guid":{"rendered":"https:\/\/www.ocshop.ch\/?post_type=product&#038;p=15612"},"modified":"2026-03-20T10:04:45","modified_gmt":"2026-03-20T08:04:45","slug":"brucelle-fine-et-courbee-kopie","status":"publish","type":"product","link":"https:\/\/www.ocshop.ch\/fr\/produkt\/brucelle-fine-et-courbee-kopie\/","title":{"rendered":"Pince \u00e0 empreinte"},"content":{"rendered":"","protected":false},"excerpt":{"rendered":"<p>Pour positionner en toute s\u00e9curit\u00e9 les pads d\u2019empreinte gr\u00e2ce \u00e0 des mors arrondis, avec verrou coulissant.<\/p>\n","protected":false},"featured_media":15615,"template":"","meta":[],"product_brand":[],"product_cat":[467],"product_tag":[805,796,802,811,806,808,809,810,804,795,798,801,793,799,807,794,797,803,800,812],"class_list":{"0":"post-15612","1":"product","2":"type-product","3":"status-publish","4":"has-post-thumbnail","6":"product_cat-atelier-empreintes","7":"product_tag-accessoires-fabrication-otoplastie","8":"product_tag-accessoires-pour-empreinte-audioprothesiste","9":"product_tag-accessoires-pour-empreinte-du-conduit-auditif","10":"product_tag-accessoires-pour-prise-dempreinte-auriculaire","11":"product_tag-acheter-outils-audioprothesiste","12":"product_tag-equipement-pour-prise-dempreinte-dappareils-auditifs","13":"product_tag-fournitures-de-laboratoire-audioprothese-suisse","14":"product_tag-instruments-laboratoire-otoplastie","15":"product_tag-outil-de-preparation-pour-empreinte-auriculaire","16":"product_tag-outil-pour-empreinte-auriculaire-appareils-auditifs","17":"product_tag-outil-pour-empreinte-dappareils-auditifs","18":"product_tag-outils-professionnels-laboratoire-audioprothese","19":"product_tag-pince-a-empreinte-audioprothese","20":"product_tag-pince-de-manipulation-du-materiau-dempreinte","21":"product_tag-pince-de-precision-pour-empreinte-auriculaire","22":"product_tag-pince-pour-empreinte-auriculaire","23":"product_tag-pince-pour-empreinte-otoplastie","24":"product_tag-pince-pour-tampon-empreinte-auriculaire","25":"product_tag-set-dinstruments-pour-empreinte-auriculaire","26":"product_tag-technique-dempreinte-professionnelle-audioprothese","27":"tm-no-options","29":"first","30":"instock","31":"taxable","32":"shipping-taxable","33":"product-type-simple"},"_links":{"self":[{"href":"https:\/\/www.ocshop.ch\/fr\/wp-json\/wp\/v2\/product\/15612","targetHints":{"allow":["GET"]}}],"collection":[{"href":"https:\/\/www.ocshop.ch\/fr\/wp-json\/wp\/v2\/product"}],"about":[{"href":"https:\/\/www.ocshop.ch\/fr\/wp-json\/wp\/v2\/types\/product"}],"wp:featuredmedia":[{"embeddable":true,"href":"https:\/\/www.ocshop.ch\/fr\/wp-json\/wp\/v2\/media\/15615"}],"wp:attachment":[{"href":"https:\/\/www.ocshop.ch\/fr\/wp-json\/wp\/v2\/media?parent=15612"}],"wp:term":[{"taxonomy":"product_brand","embeddable":true,"href":"https:\/\/www.ocshop.ch\/fr\/wp-json\/wp\/v2\/product_brand?post=15612"},{"taxonomy":"product_cat","embeddable":true,"href":"https:\/\/www.ocshop.ch\/fr\/wp-json\/wp\/v2\/product_cat?post=15612"},{"taxonomy":"product_tag","embeddable":true,"href":"https:\/\/www.ocshop.ch\/fr\/wp-json\/wp\/v2\/product_tag?post=15612"}],"curies":[{"name":"wp","href":"https:\/\/api.w.org\/{rel}","templated":true}]}}