{"id":14788,"date":"2025-11-05T11:26:48","date_gmt":"2025-11-05T09:26:48","guid":{"rendered":"https:\/\/www.ocshop.ch\/?post_type=product&#038;p=14788"},"modified":"2026-03-20T10:10:04","modified_gmt":"2026-03-20T08:10:04","slug":"cedis-airpower-spray-kopie","status":"publish","type":"product","link":"https:\/\/www.ocshop.ch\/fr\/produkt\/cedis-airpower-spray-kopie\/","title":{"rendered":"A\u00e9rosol \u00e0 air comprim\u00e9 VIKING sans HFC 400 ml"},"content":{"rendered":"<p>Sans HFC pour une utilisation s\u00fbre<\/p>\n<p>Id\u00e9al pour le nettoyage \u00e9lectronique<\/p>\n<p>Atteint les endroits difficiles d&rsquo;acc\u00e8s<\/p>\n<p>Fonctionne dans tous les angles d&rsquo;inclinaison<\/p>\n<p>D\u00e9poussi\u00e9rage efficace pour les claviers<\/p>\n<p>Pratique pour les pots \u00e0 crayons et les perforatrices<\/p>\n<p>Utilisation polyvalente<\/p>\n<p>Grande bouteille de 400 ml<\/p>\n<p>Date de production clairement indiqu\u00e9e<\/p>\n","protected":false},"excerpt":{"rendered":"<p class=\"product-details__description--word-wrap\">Avec cet a\u00e9rosol \u00e0 air comprim\u00e9 de Viking, vous atteignez tous les recoins&nbsp;! Il est id\u00e9al pour d\u00e9poussi\u00e9rer les composants \u00e9lectroniques tels que les ordinateurs, les imprimantes, les photocopieurs et les t\u00e9l\u00e9copieurs. Vous pouvez ainsi facilement d\u00e9poussi\u00e9rer votre clavier, o\u00f9 beaucoup de poussi\u00e8re s&rsquo;accumule avec le temps. Il est \u00e9galement parfait pour une utilisation dans les porte-crayons ou les perforatrices, par exemple.   <\/p>\n<p class=\"product-details__description--word-wrap\">M\u00eame les endroits les plus petits et les plus cach\u00e9s n&rsquo;\u00e9chappent pas \u00e0 cet a\u00e9rosol pratique. L&rsquo;a\u00e9rosol sans HFC peut \u00eatre pulv\u00e9ris\u00e9 facilement depuis n&rsquo;importe quel angle d&rsquo;inclinaison et est donc id\u00e9al pour nettoyer les endroits difficiles d&rsquo;acc\u00e8s. Ainsi, aucun angle et aucun recoin ne resteront poussi\u00e9reux&nbsp;! L&rsquo;a\u00e9rosol \u00e0 air comprim\u00e9 de Viking est livr\u00e9 dans une bouteille de 400&nbsp;ml.   <\/p>\n<p class=\"product-details__description--word-wrap\">Veuillez noter que la date imprim\u00e9e sur la bouteille est la date de production et non la date de durabilit\u00e9 minimale.<\/p>\n","protected":false},"featured_media":14797,"template":"","meta":[],"product_brand":[],"product_cat":[491],"product_tag":[867,873,862,857,854,863,859,865,870,872,866,855,861,856,858,860,869,864,868,871],"class_list":{"0":"post-14788","1":"product","2":"type-product","3":"status-publish","4":"has-post-thumbnail","6":"product_cat-nettoyage-et-entretien","7":"product_tag-accessoires-daudioprothese-aerosol-dair-comprime","8":"product_tag-accessoires-de-nettoyage-pour-laboratoire-daudioprothese","9":"product_tag-aerosol-dair-comprime-consommables-de-laboratoire-pour-embouts-auriculaires","10":"product_tag-aerosol-dair-comprime-pour-laboratoire-daudioprothesiste","11":"product_tag-aerosol-dair-comprime-pour-laudioprothese","12":"product_tag-aerosol-dair-comprime-pour-lentretien-des-aides-auditives","13":"product_tag-aerosol-dair-comprime-pour-nettoyer-les-appareils-intra-auriculaires","14":"product_tag-aerosol-dair-comprime-pour-systemes-auditifs-delicats","15":"product_tag-aerosol-dair-comprime-pour-technologie-auditive-de-precision","16":"product_tag-aerosol-dair-comprime-sans-residus-pour-aides-auditives","17":"product_tag-maintenance-des-aides-auditives-air-comprime","18":"product_tag-nettoyage-des-aides-auditives-a-lair-comprime","19":"product_tag-nettoyage-des-aides-auditives-intra-auriculaires-a-lair-comprime","20":"product_tag-nettoyage-des-embouts-auriculaires-a-lair-comprime","21":"product_tag-nettoyage-des-microphones-daides-auditives-a-lair-comprime","22":"product_tag-nettoyage-des-systemes-auditifs-contour-doreille-a-lair-comprime","23":"product_tag-nettoyage-du-canal-de-percage-des-embouts-auriculaires-a-lair-comprime","24":"product_tag-nettoyage-du-cerumen-des-aides-auditives-a-lair-comprime","25":"product_tag-nettoyage-du-tube-acoustique-daide-auditive-a-lair-comprime","26":"product_tag-outil-de-service-pour-aides-auditives-air-comprime","27":"tm-no-options","29":"first","30":"instock","31":"taxable","32":"shipping-taxable","33":"product-type-simple"},"_links":{"self":[{"href":"https:\/\/www.ocshop.ch\/fr\/wp-json\/wp\/v2\/product\/14788","targetHints":{"allow":["GET"]}}],"collection":[{"href":"https:\/\/www.ocshop.ch\/fr\/wp-json\/wp\/v2\/product"}],"about":[{"href":"https:\/\/www.ocshop.ch\/fr\/wp-json\/wp\/v2\/types\/product"}],"wp:featuredmedia":[{"embeddable":true,"href":"https:\/\/www.ocshop.ch\/fr\/wp-json\/wp\/v2\/media\/14797"}],"wp:attachment":[{"href":"https:\/\/www.ocshop.ch\/fr\/wp-json\/wp\/v2\/media?parent=14788"}],"wp:term":[{"taxonomy":"product_brand","embeddable":true,"href":"https:\/\/www.ocshop.ch\/fr\/wp-json\/wp\/v2\/product_brand?post=14788"},{"taxonomy":"product_cat","embeddable":true,"href":"https:\/\/www.ocshop.ch\/fr\/wp-json\/wp\/v2\/product_cat?post=14788"},{"taxonomy":"product_tag","embeddable":true,"href":"https:\/\/www.ocshop.ch\/fr\/wp-json\/wp\/v2\/product_tag?post=14788"}],"curies":[{"name":"wp","href":"https:\/\/api.w.org\/{rel}","templated":true}]}}