{"id":14453,"date":"2025-09-23T11:20:06","date_gmt":"2025-09-23T09:20:06","guid":{"rendered":"https:\/\/www.ocshop.ch\/produkt\/systeme-dirrigation-auriculaire-bionix-otoclear\/"},"modified":"2026-03-20T10:33:57","modified_gmt":"2026-03-20T08:33:57","slug":"systeme-dirrigation-auriculaire-bionix-otoclear","status":"publish","type":"product","link":"https:\/\/www.ocshop.ch\/fr\/produkt\/systeme-dirrigation-auriculaire-bionix-otoclear\/","title":{"rendered":"Syst\u00e8me d&rsquo;irrigation auriculaire Bionix OtoClear"},"content":{"rendered":"&#13;\n<p>Le syst\u00e8me d&rsquo;irrigation auriculaire Bionix OtoClear est un syst\u00e8me de haute qualit\u00e9, facile \u00e0 utiliser, pour le nettoyage doux et d\u00e9licat du conduit auditif. Le syst\u00e8me \u00e0 trois jets de haute qualit\u00e9 r\u00e9duit la pression sur le tympan et le syst\u00e8me innovant Gentle-Touch dirige le jet d&rsquo;eau vers la paroi du conduit auditif. <\/p>&#13;\n","protected":false},"excerpt":{"rendered":"<p>Le syst\u00e8me d&rsquo;irrigation auriculaire Bionix OtoClear est un syst\u00e8me de haute qualit\u00e9, facile \u00e0 utiliser, pour le nettoyage doux et d\u00e9licat du conduit auditif. Le syst\u00e8me \u00e0 trois jets de haute qualit\u00e9 r\u00e9duit la pression sur le tympan et le syst\u00e8me innovant Gentle-Touch dirige le jet d&rsquo;eau vers la paroi du conduit auditif.  Hygi\u00e9nique gr\u00e2ce aux embouts jetables, qui sont reli\u00e9s au syst\u00e8me au moyen d&rsquo;un raccord Luer-Lock. D\u00e9tails du produit : &#8211; Dispositif dirrigation auriculaire pour nettoyer et rincer en douceur le conduit auditif &#8211; Le syst\u00e8me Gentle-Touch dirige le jet le long de la paroi du conduit auditif &#8211; Pression r\u00e9duite sur le tympan &#8211; Syst\u00e8me \u00e0 3 jets &#8211; Utilisation simple &#8211; Hygi\u00e9nique gr\u00e2ce aux embouts jetables (raccord Luer-Lock) &#8211; Adaptation id\u00e9ale des embouts \u00e0 lanatomie du patient<\/p>\n<p>Contenu :<\/p>\n<ul>\n<li>1 flacon pulv\u00e9risateur de 500 ml<\/li>\n<li>1 adaptateur pour embouts jetables<\/li>\n<li>1 r\u00e9cipient collecteur<\/li>\n<li>20 embouts jetables<\/li>\n<li>1 mode demploi<\/li>\n<\/ul>\n","protected":false},"featured_media":14454,"template":"","meta":[],"product_brand":[],"product_cat":[491],"product_tag":[976,934,972,988,977,981,979,982,987,974,933,985,986,984,978,971,975,983,973,980],"class_list":{"0":"post-14453","1":"product","2":"type-product","3":"status-publish","4":"has-post-thumbnail","6":"product_cat-nettoyage-et-entretien","7":"product_tag-appareil-de-lavage-auriculaire-pour-laboratoire-daudioprothese","8":"product_tag-conduit-auditif-propre-pour-ladaptation-dappareils-auditifs","9":"product_tag-elimination-du-cerumen-pour-clients-dappareils-auditifs","10":"product_tag-elimination-du-cerumen-sans-accumulation-de-pression-en-audioprothese","11":"product_tag-gestion-du-cerumen-en-audioprothese","12":"product_tag-instrument-de-nettoyage-auriculaire-en-audioprothese","13":"product_tag-lavage-auriculaire-en-cabinet-daudioprothesiste","14":"product_tag-lavage-auriculaire-hygienique-embouts-jetables","15":"product_tag-lavage-auriculaire-sur-protection-du-tympan","16":"product_tag-lavage-professionnel-du-conduit-auditif","17":"product_tag-nettoyage-auriculaire-avant-ladaptation-dappareils-auditifs","18":"product_tag-nettoyage-auriculaire-preparation-a-la-prise-dempreinte","19":"product_tag-nettoyage-auriculaire-preparation-a-lotoplastie","20":"product_tag-nettoyage-doux-du-conduit-auditif-pression-reduite","21":"product_tag-nettoyage-du-conduit-auditif-pour-ladaptation-daides-auditives","22":"product_tag-systeme-de-lavage-auriculaire-en-audioprothese","23":"product_tag-systeme-de-lavage-auriculaire-otoclear","24":"product_tag-systeme-de-lavage-auriculaire-embouts-luer-lock","25":"product_tag-systeme-de-nettoyage-auriculaire-pour-audioprothesistes","26":"product_tag-systeme-delimination-des-bouchons-de-cerumen","27":"tm-no-options","29":"first","30":"instock","31":"taxable","32":"shipping-taxable","33":"product-type-simple"},"_links":{"self":[{"href":"https:\/\/www.ocshop.ch\/fr\/wp-json\/wp\/v2\/product\/14453","targetHints":{"allow":["GET"]}}],"collection":[{"href":"https:\/\/www.ocshop.ch\/fr\/wp-json\/wp\/v2\/product"}],"about":[{"href":"https:\/\/www.ocshop.ch\/fr\/wp-json\/wp\/v2\/types\/product"}],"wp:featuredmedia":[{"embeddable":true,"href":"https:\/\/www.ocshop.ch\/fr\/wp-json\/wp\/v2\/media\/14454"}],"wp:attachment":[{"href":"https:\/\/www.ocshop.ch\/fr\/wp-json\/wp\/v2\/media?parent=14453"}],"wp:term":[{"taxonomy":"product_brand","embeddable":true,"href":"https:\/\/www.ocshop.ch\/fr\/wp-json\/wp\/v2\/product_brand?post=14453"},{"taxonomy":"product_cat","embeddable":true,"href":"https:\/\/www.ocshop.ch\/fr\/wp-json\/wp\/v2\/product_cat?post=14453"},{"taxonomy":"product_tag","embeddable":true,"href":"https:\/\/www.ocshop.ch\/fr\/wp-json\/wp\/v2\/product_tag?post=14453"}],"curies":[{"name":"wp","href":"https:\/\/api.w.org\/{rel}","templated":true}]}}