{"id":13972,"date":"2025-07-30T15:32:05","date_gmt":"2025-07-30T13:32:05","guid":{"rendered":"https:\/\/www.ocshop.ch\/?post_type=product&#038;p=13972"},"modified":"2026-03-20T09:49:34","modified_gmt":"2026-03-20T07:49:34","slug":"cedis-e150-dus-appareil-dhygiene-electrique-kopie","status":"publish","type":"product","link":"https:\/\/www.ocshop.ch\/fr\/produkt\/cedis-e150-dus-appareil-dhygiene-electrique-kopie\/","title":{"rendered":"cedis e125.DUS &#8211; Station d&rsquo;hygi\u00e8ne \u00e9lectrique"},"content":{"rendered":"<p>cedis e125.DUS &#8211; station d&rsquo;hygi\u00e8ne \u00e9lectrique<br \/>\nS\u00e9chage, nettoyage avec lumi\u00e8re UV-C, rangement<\/p>\n<p>Appareil d&rsquo;hygi\u00e8ne pour un s\u00e9chage garantissant leur bon fonctionnement, une propret\u00e9 hygi\u00e9nique et une conservation s\u00fbre des syst\u00e8mes auditifs. La station d&rsquo;hygi\u00e8ne est facile \u00e0 utiliser et simple \u00e0 nettoyer.<br \/>\n&#8211; chambre d&rsquo;hygi\u00e8ne compacte pour le s\u00e9chage, Nettoyage avec la lumi\u00e8re UV-C et rangement<br \/>\n&#8211; capteur de mise en marche avec impulsion vibrante et signal sonore<br \/>\n&#8211; fonctionnement sur secteur + fonctionnement via le port USB de l&rsquo;ordinateur (c\u00e2ble inclus)<br \/>\n&#8211; s\u00e9chage avec chauffage \u00e9lectrique<br \/>\n&#8211; processus de s\u00e9chage &#8211; 142 minutes<br \/>\n&#8211; Arr\u00eat automatique apr\u00e8s le processus de s\u00e9chage<br \/>\n&#8211; protection contre la surchauffe<br \/>\n&#8211; processus de nettoyage UV-C de 8 minutes en amont<br \/>\n&#8211; couvercle avec fermeture magn\u00e9tique<br \/>\n&#8211; longue dur\u00e9e de vie des sources lumineuses<br \/>\n&#8211; affichage du temps restant au moyen de 5 diodes lumineuses<br \/>\n&#8211; alimentation \u00e9lectrique : Adaptateur secteur 5 V (100 \u00e0 240 V) ou via le c\u00e2ble USB\/mini USB fourni sur l&rsquo;ordinateur <\/p>\n","protected":false},"excerpt":{"rendered":"<p>cedis e125.DUS &#8211; station d&rsquo;hygi\u00e8ne \u00e9lectrique S\u00e9chage, nettoyage avec lumi\u00e8re UV-C, rangement Appareil d&rsquo;hygi\u00e8ne pour un s\u00e9chage garantissant leur bon fonctionnement, une propret\u00e9 hygi\u00e9nique et une conservation s\u00fbre des syst\u00e8mes auditifs. La station d&rsquo;hygi\u00e8ne est facile \u00e0 utiliser et simple \u00e0 nettoyer. &#8211; chambre d&rsquo;hygi\u00e8ne compacte pour le s\u00e9chage, Nettoyage avec la lumi\u00e8re UV-C et [&hellip;]<\/p>\n","protected":false},"featured_media":15699,"template":"","meta":[],"product_brand":[],"product_cat":[491],"product_tag":[746,737,730,747,736,749,733,739,734,750,752,741,745,744,742,729,732,751,735,740,748,731,728,743,738],"class_list":{"0":"post-13972","1":"product","2":"type-product","3":"status-publish","4":"has-post-thumbnail","6":"product_cat-nettoyage-et-entretien","7":"product_tag-accessoires-pour-aides-auditives-suisse","8":"product_tag-acheter-un-appareil-dentretien-pour-aides-auditives","9":"product_tag-appareil-de-sechage-pour-aides-auditives","10":"product_tag-appareil-dentretien-premium-pour-aides-auditives","11":"product_tag-boite-de-sechage-electrique-pour-aides-auditives","12":"product_tag-desinfection-des-systemes-auditifs-par-lumiere-uv","13":"product_tag-desinfection-uv-des-aides-auditives","14":"product_tag-desinfection-uv-c-des-embouts-auriculaires","15":"product_tag-entretien-des-accessoires-pour-aides-auditives","16":"product_tag-entretien-des-aides-auditives-a-domicile","17":"product_tag-entretien-et-nettoyage-des-embouts-auriculaires","18":"product_tag-entretien-pour-prolonger-la-duree-de-vie-des-aides-auditives","19":"product_tag-nettoyage-des-aides-auditives-contour-doreille","20":"product_tag-nettoyage-des-aides-auditives-intra-auriculaires","21":"product_tag-nettoyage-professionnel-des-aides-auditives","22":"product_tag-nettoyage-uv-c-des-aides-auditives","23":"product_tag-nettoyer-et-secher-les-aides-auditives","24":"product_tag-nettoyer-les-aides-auditives-et-eliminer-les-bacteries","25":"product_tag-nettoyer-les-systemes-auditifs-de-maniere-hygienique","26":"product_tag-sechage-des-aides-auditives-contre-lhumidite","27":"product_tag-station-de-sechage-usb-pour-aides-auditives","28":"product_tag-station-dhygiene-electrique-pour-systemes-auditifs","29":"product_tag-station-dhygiene-pour-aides-auditives","30":"product_tag-station-dhygiene-pour-embouts-auriculaires","31":"product_tag-systeme-de-nettoyage-pour-aides-auditives","32":"tm-no-options","34":"first","35":"instock","36":"taxable","37":"shipping-taxable","38":"product-type-simple"},"_links":{"self":[{"href":"https:\/\/www.ocshop.ch\/fr\/wp-json\/wp\/v2\/product\/13972","targetHints":{"allow":["GET"]}}],"collection":[{"href":"https:\/\/www.ocshop.ch\/fr\/wp-json\/wp\/v2\/product"}],"about":[{"href":"https:\/\/www.ocshop.ch\/fr\/wp-json\/wp\/v2\/types\/product"}],"wp:featuredmedia":[{"embeddable":true,"href":"https:\/\/www.ocshop.ch\/fr\/wp-json\/wp\/v2\/media\/15699"}],"wp:attachment":[{"href":"https:\/\/www.ocshop.ch\/fr\/wp-json\/wp\/v2\/media?parent=13972"}],"wp:term":[{"taxonomy":"product_brand","embeddable":true,"href":"https:\/\/www.ocshop.ch\/fr\/wp-json\/wp\/v2\/product_brand?post=13972"},{"taxonomy":"product_cat","embeddable":true,"href":"https:\/\/www.ocshop.ch\/fr\/wp-json\/wp\/v2\/product_cat?post=13972"},{"taxonomy":"product_tag","embeddable":true,"href":"https:\/\/www.ocshop.ch\/fr\/wp-json\/wp\/v2\/product_tag?post=13972"}],"curies":[{"name":"wp","href":"https:\/\/api.w.org\/{rel}","templated":true}]}}