{"id":13908,"date":"2025-07-18T13:12:26","date_gmt":"2025-07-18T11:12:26","guid":{"rendered":"https:\/\/www.ocshop.ch\/?post_type=product&#038;p=13908"},"modified":"2026-03-23T12:54:26","modified_gmt":"2026-03-23T10:54:26","slug":"gants-jetables-en-nitrile-grand-l-8-9-100-pieces-kopie","status":"publish","type":"product","link":"https:\/\/www.ocshop.ch\/fr\/produkt\/gants-jetables-en-nitrile-grand-l-8-9-100-pieces-kopie\/","title":{"rendered":"Gants jetables en nitrile, grand XL 9-10, 100 pi\u00e8ces"},"content":{"rendered":"<div class=\"short-description\">Id\u00e9al pour la pratique quotidienne dans les magasins sp\u00e9cialis\u00e9s et les laboratoires d&rsquo;otoplastie. Non-poudr\u00e9s, longueur d&rsquo;environ 245 mm. Conforme \u00e0 la norme EN 455 <\/div>\n","protected":false},"excerpt":{"rendered":"<p>Id\u00e9al pour la pratique quotidienne dans les magasins sp\u00e9cialis\u00e9s et les laboratoires d&rsquo;otoplastie. Non-poudr\u00e9s, longueur d&rsquo;environ 245 mm. Conforme \u00e0 la norme EN 455<\/p>\n","protected":false},"featured_media":13914,"template":"","meta":[],"product_brand":[],"product_cat":[467],"product_tag":[1814,1821,1811,1810,1805,1818,1803,1817,1813,1808,1820,1807,1802,1819,1809,1804,1806,1812,1816,1815],"class_list":{"0":"post-13908","1":"product","2":"type-product","3":"status-publish","4":"has-post-thumbnail","6":"product_cat-atelier-empreintes","7":"product_tag-accessoires-hygiene-laboratoire-audioprothese","8":"product_tag-consommables-gants-cabinet-audioprothese","9":"product_tag-gants-examen-conduit-auditif","10":"product_tag-gants-hygiene-adaptation-appareils-auditifs","11":"product_tag-gants-hygiene-jetables-audioprothese","12":"product_tag-gants-hygiene-outils-audioprothese","13":"product_tag-gants-jetables-cabinet-audioprothesiste","14":"product_tag-gants-jetables-gestion-du-cerumen-cabinet","15":"product_tag-gants-jetables-hygieniques-fournitures-cabinet","16":"product_tag-gants-jetables-laboratoire-otoplastie","17":"product_tag-gants-jetables-norme-medicale-en-455","18":"product_tag-gants-nettoyage-appareils-auditifs-cabinet","19":"product_tag-gants-nitrile-audioprothese","20":"product_tag-gants-nitrile-prehension-sure-precision","21":"product_tag-gants-nitrile-prise-empreinte-oreille","22":"product_tag-gants-nitrile-prise-empreinte-oreille-hygienique","23":"product_tag-gants-nitrile-retrait-cerumen","24":"product_tag-gants-nitrile-sans-latex-audioprothese","25":"product_tag-gants-nitrile-travail-precis-audioprothese","26":"product_tag-gants-protection-contamination-appareils-auditifs","27":"tm-no-options","29":"first","30":"instock","31":"taxable","32":"shipping-taxable","33":"product-type-simple"},"_links":{"self":[{"href":"https:\/\/www.ocshop.ch\/fr\/wp-json\/wp\/v2\/product\/13908","targetHints":{"allow":["GET"]}}],"collection":[{"href":"https:\/\/www.ocshop.ch\/fr\/wp-json\/wp\/v2\/product"}],"about":[{"href":"https:\/\/www.ocshop.ch\/fr\/wp-json\/wp\/v2\/types\/product"}],"wp:featuredmedia":[{"embeddable":true,"href":"https:\/\/www.ocshop.ch\/fr\/wp-json\/wp\/v2\/media\/13914"}],"wp:attachment":[{"href":"https:\/\/www.ocshop.ch\/fr\/wp-json\/wp\/v2\/media?parent=13908"}],"wp:term":[{"taxonomy":"product_brand","embeddable":true,"href":"https:\/\/www.ocshop.ch\/fr\/wp-json\/wp\/v2\/product_brand?post=13908"},{"taxonomy":"product_cat","embeddable":true,"href":"https:\/\/www.ocshop.ch\/fr\/wp-json\/wp\/v2\/product_cat?post=13908"},{"taxonomy":"product_tag","embeddable":true,"href":"https:\/\/www.ocshop.ch\/fr\/wp-json\/wp\/v2\/product_tag?post=13908"}],"curies":[{"name":"wp","href":"https:\/\/api.w.org\/{rel}","templated":true}]}}