{"id":13317,"date":"2025-02-21T16:57:29","date_gmt":"2025-02-21T14:57:29","guid":{"rendered":"https:\/\/www.ocshop.ch\/produkt\/otoscope-heine-mini-3000-led-noir\/"},"modified":"2026-03-20T14:50:31","modified_gmt":"2026-03-20T12:50:31","slug":"otoscope-heine-mini-3000-led-noir","status":"publish","type":"product","link":"https:\/\/www.ocshop.ch\/fr\/produkt\/otoscope-heine-mini-3000-led-noir\/","title":{"rendered":"Otoscope Heine mini 3000 LED, noir"},"content":{"rendered":"&#13;\n<p>Lampe de poche robuste et durable au design compact et moderne. Lumi\u00e8re LED claire et concentr\u00e9e. Fen\u00eatre d&rsquo;observation pivotante avec grossissement 3 fois. Avec clip de maintien et interrupteur marche\/arr\u00eat int\u00e9gr\u00e9. La poign\u00e9e ergonomique de haute qualit\u00e9, compos\u00e9e d&rsquo;un alliage de chrome et d&rsquo;un plastique raffin\u00e9, est r\u00e9sistante aux chocs, robuste, antid\u00e9rapante. Inclut des piles s\u00e8ches rempla\u00e7ables (taille AA).     <br\/>Complet avec 4 sp\u00e9culums r\u00e9utilisables (1 x 2,4 \/ 3,0 \/ 4,0 \/ 5,0 mm chacun) et 10 sp\u00e9culums \u00e0 usage unique de 4 mm de diam\u00e8tre.<\/p>&#13;\n&#13;\n<p>Otoscope Heine mini 3000 LED, noir<\/p>&#13;\n&#13;\n<p>couleur : noir<\/p>&#13;\n","protected":false},"excerpt":{"rendered":"<p>&#13; Lampe de poche robuste et durable au design compact et moderne. Lumi\u00e8re LED claire et concentr\u00e9e. Fen\u00eatre d&rsquo;observation pivotante avec grossissement 3 fois. Avec clip de maintien et interrupteur marche\/arr\u00eat int\u00e9gr\u00e9. La poign\u00e9e ergonomique de haute qualit\u00e9, compos\u00e9e d&rsquo;un alliage de chrome et d&rsquo;un plastique raffin\u00e9, est r\u00e9sistante aux chocs, robuste, antid\u00e9rapante. Inclut des [&hellip;]<\/p>\n","protected":false},"featured_media":13292,"template":"","meta":[],"product_brand":[],"product_cat":[467],"product_tag":[1702,1698,1708,1713,1712,1700,1704,1699,1697,1707,1706,1696,1695,1711,1709,1710,1701,1703,1705,1714],"class_list":{"0":"post-13317","1":"product","2":"type-product","3":"status-publish","4":"has-post-thumbnail","6":"product_cat-atelier-empreintes","7":"product_tag-adaptation-daides-auditives-et-controle-du-conduit","8":"product_tag-controle-du-conduit-auditif-pour-adaptation-daides-auditives","9":"product_tag-examen-du-conduit-auditif-avant-otoplastie","10":"product_tag-inspection-auriculaire-pour-adaptation-daides-auditives","11":"product_tag-otoscope-a-fibre-optique-pour-examen-du-conduit-auditif","12":"product_tag-otoscope-de-controle-du-cerumen-pour-aides-auditives","13":"product_tag-otoscope-de-controle-pour-prise-dempreinte-auriculaire","14":"product_tag-otoscope-de-diagnostic-auriculaire-en-audioprothese","15":"product_tag-otoscope-dexamen-du-conduit-auditif-pour-audioprothesiste","16":"product_tag-otoscope-grossissement-3x-pour-audioprothese","17":"product_tag-otoscope-led-avec-eclairage-sans-ombre-du-conduit-auditif","18":"product_tag-otoscope-led-heine-mini-3000","19":"product_tag-otoscope-led-pour-audioprothese","20":"product_tag-otoscope-led-pour-cabinet-daudioprothese","21":"product_tag-otoscope-pour-controle-du-maintien-de-laide-auditive","22":"product_tag-otoscope-pour-detection-de-bouchon-de-cerumen","23":"product_tag-otoscope-pour-examen-du-tympan-en-cabinet","24":"product_tag-otoscope-pour-preparation-de-prise-dempreinte-de-loreille","25":"product_tag-outil-de-diagnostic-en-audioprothese-otoscope","26":"product_tag-outil-de-diagnostic-pour-audioprothesiste-otoscope","27":"tm-no-options","29":"first","30":"instock","31":"taxable","32":"shipping-taxable","33":"product-type-simple"},"_links":{"self":[{"href":"https:\/\/www.ocshop.ch\/fr\/wp-json\/wp\/v2\/product\/13317","targetHints":{"allow":["GET"]}}],"collection":[{"href":"https:\/\/www.ocshop.ch\/fr\/wp-json\/wp\/v2\/product"}],"about":[{"href":"https:\/\/www.ocshop.ch\/fr\/wp-json\/wp\/v2\/types\/product"}],"wp:featuredmedia":[{"embeddable":true,"href":"https:\/\/www.ocshop.ch\/fr\/wp-json\/wp\/v2\/media\/13292"}],"wp:attachment":[{"href":"https:\/\/www.ocshop.ch\/fr\/wp-json\/wp\/v2\/media?parent=13317"}],"wp:term":[{"taxonomy":"product_brand","embeddable":true,"href":"https:\/\/www.ocshop.ch\/fr\/wp-json\/wp\/v2\/product_brand?post=13317"},{"taxonomy":"product_cat","embeddable":true,"href":"https:\/\/www.ocshop.ch\/fr\/wp-json\/wp\/v2\/product_cat?post=13317"},{"taxonomy":"product_tag","embeddable":true,"href":"https:\/\/www.ocshop.ch\/fr\/wp-json\/wp\/v2\/product_tag?post=13317"}],"curies":[{"name":"wp","href":"https:\/\/api.w.org\/{rel}","templated":true}]}}