{"id":13285,"date":"2025-02-21T16:38:38","date_gmt":"2025-02-21T14:38:38","guid":{"rendered":"https:\/\/www.ocshop.ch\/?post_type=product&#038;p=13285"},"modified":"2026-03-20T14:50:32","modified_gmt":"2026-03-20T12:50:32","slug":"heine-baton-lumineux-mini-3000-bleu-sans-pointe-acrylique-kopie","status":"publish","type":"product","link":"https:\/\/www.ocshop.ch\/fr\/produkt\/heine-baton-lumineux-mini-3000-bleu-sans-pointe-acrylique-kopie\/","title":{"rendered":"Heine B\u00e2ton lumineux mini-e LED, noir, avec pointe acrylique"},"content":{"rendered":"&#13;\n<p>Pousse coton avec pointe acrylique pour bien positionner le prot\u00e8ge tympan dans le conduit auditif. Lampe LED robuste et durable avec une lumi\u00e8re claire et cibl\u00e9e. Livr\u00e9 avec piles AAA.  <\/p>&#13;\n&#13;\n<p>Heine LED b\u00e2ton lumineux avec pointe acrylique, noir, avec nouvelle mini lampe E-clip Heine<\/p>&#13;\n&#13;\n<p>couleur : noir<\/p>&#13;\n","protected":false},"excerpt":{"rendered":"<p>&#13; Pousse coton avec pointe acrylique pour bien positionner le prot\u00e8ge tympan dans le conduit auditif. Lampe LED robuste et durable avec une lumi\u00e8re claire et cibl\u00e9e. Livr\u00e9 avec piles AAA. &#13; &#13; Heine LED b\u00e2ton lumineux avec pointe acrylique, noir, avec nouvelle mini lampe E-clip Heine &#13; &#13; couleur : noir &#13;<\/p>\n","protected":false},"featured_media":13287,"template":"","meta":[],"product_brand":[],"product_cat":[467],"product_tag":[1740,1752,1745,1748,1743,1734,1741,1736,1750,1744,1739,1751,1749,1742,1737,1735,1738,1746,1753,1747],"class_list":{"0":"post-13285","1":"product","2":"type-product","3":"status-publish","4":"has-post-thumbnail","6":"product_cat-atelier-empreintes","7":"product_tag-adaptation-appareils-auditifs-controle-batonnet-lumineux","8":"product_tag-adaptation-appareils-auditifs-controle-conduit-auditif","9":"product_tag-appareils-auditifs-controle-positionnement-lumiere-outil","10":"product_tag-audioprothese-cabinet-batonnet-lumineux-led","11":"product_tag-audioprothese-outil-batonnet-lumineux-led","12":"product_tag-batonnet-lumineux-audioprothese-led","13":"product_tag-batonnet-lumineux-embout-acrylique-empreinte-auriculaire","14":"product_tag-batonnet-lumineux-empreinte-auriculaire-conduit-auditif","15":"product_tag-batonnet-lumineux-vision-precise-empreinte-auriculaire","16":"product_tag-conduit-auditif-controle-visuel-batonnet-lumineux","17":"product_tag-conduit-auditif-eclairage-empreinte","18":"product_tag-conduit-auditif-examen-batonnet-lumineux-led","19":"product_tag-diagnostic-batonnet-lumineux-oreille-audioprothese","20":"product_tag-empreinte-auriculaire-preparation-lumiere","21":"product_tag-empreinte-batonnet-lumineux-audioprothesiste","22":"product_tag-heine-mini-e-batonnet-lumineux-led","23":"product_tag-otoplastie-empreinte-eclairage-outil","24":"product_tag-otoplastie-positionnement-tampon-dempreinte-lumiere","25":"product_tag-realiser-empreinte-en-toute-securite-batonnet-lumineux","26":"product_tag-technique-dempreinte-eclairage-conduit-auditif","27":"tm-no-options","29":"first","30":"instock","31":"taxable","32":"shipping-taxable","33":"product-type-simple"},"_links":{"self":[{"href":"https:\/\/www.ocshop.ch\/fr\/wp-json\/wp\/v2\/product\/13285","targetHints":{"allow":["GET"]}}],"collection":[{"href":"https:\/\/www.ocshop.ch\/fr\/wp-json\/wp\/v2\/product"}],"about":[{"href":"https:\/\/www.ocshop.ch\/fr\/wp-json\/wp\/v2\/types\/product"}],"wp:featuredmedia":[{"embeddable":true,"href":"https:\/\/www.ocshop.ch\/fr\/wp-json\/wp\/v2\/media\/13287"}],"wp:attachment":[{"href":"https:\/\/www.ocshop.ch\/fr\/wp-json\/wp\/v2\/media?parent=13285"}],"wp:term":[{"taxonomy":"product_brand","embeddable":true,"href":"https:\/\/www.ocshop.ch\/fr\/wp-json\/wp\/v2\/product_brand?post=13285"},{"taxonomy":"product_cat","embeddable":true,"href":"https:\/\/www.ocshop.ch\/fr\/wp-json\/wp\/v2\/product_cat?post=13285"},{"taxonomy":"product_tag","embeddable":true,"href":"https:\/\/www.ocshop.ch\/fr\/wp-json\/wp\/v2\/product_tag?post=13285"}],"curies":[{"name":"wp","href":"https:\/\/api.w.org\/{rel}","templated":true}]}}