{"id":13144,"date":"2024-06-27T15:18:00","date_gmt":"2024-06-27T13:18:00","guid":{"rendered":"https:\/\/www.ocshop.ch\/?post_type=product&#038;p=13144"},"modified":"2025-02-25T09:45:34","modified_gmt":"2025-02-25T07:45:34","slug":"disque-a-polir-en-peau-de-chamois-monte-20-mm-kopie","status":"publish","type":"product","link":"https:\/\/www.ocshop.ch\/fr\/produkt\/disque-a-polir-en-peau-de-chamois-monte-20-mm-kopie\/","title":{"rendered":"Roue de polissage en cuir, mont\u00e9e, 20 mm"},"content":{"rendered":"<div class=\"short-description\">Pour la pi\u00e8ce \u00e0 main \u00d8 20 mm, pour le polissage ult\u00e9rieur.<br \/>\nPri\u00e8re de respecter la vitesse maximale de 10 000 tr\/min<\/div>\n<div class=\"additional-details\"><\/div>\n<div class=\"product-collateral\">\n<div class=\"product-specs-box\">\n<div class=\"specification-wrapper\"><span class=\"specification-name\">Diam\u00e8tre : <\/span><span class=\"specification-value\">20 mm <\/span> <\/div>\n<div class=\"specification-wrapper\"><span class=\"specification-name\">Vitesse de rotation maximale : <\/span><span class=\"specification-value\">10.000<\/span><\/div>\n<\/p><\/div>\n<\/p><\/div>\n","protected":false},"excerpt":{"rendered":"<p>Pour la pi\u00e8ce \u00e0 main \u00d8 20 mm, pour le polissage ult\u00e9rieur. Pri\u00e8re de respecter la vitesse maximale de 10 000 tr\/min Diam\u00e8tre : 20 mm Vitesse de rotation maximale : 10.000<\/p>\n","protected":false},"featured_media":13147,"template":"","meta":[],"product_brand":[],"product_cat":[467],"product_tag":[],"class_list":{"0":"post-13144","1":"product","2":"type-product","3":"status-publish","4":"has-post-thumbnail","6":"product_cat-atelier-empreintes","7":"tm-no-options","9":"first","10":"instock","11":"taxable","12":"shipping-taxable","13":"product-type-simple"},"_links":{"self":[{"href":"https:\/\/www.ocshop.ch\/fr\/wp-json\/wp\/v2\/product\/13144","targetHints":{"allow":["GET"]}}],"collection":[{"href":"https:\/\/www.ocshop.ch\/fr\/wp-json\/wp\/v2\/product"}],"about":[{"href":"https:\/\/www.ocshop.ch\/fr\/wp-json\/wp\/v2\/types\/product"}],"wp:featuredmedia":[{"embeddable":true,"href":"https:\/\/www.ocshop.ch\/fr\/wp-json\/wp\/v2\/media\/13147"}],"wp:attachment":[{"href":"https:\/\/www.ocshop.ch\/fr\/wp-json\/wp\/v2\/media?parent=13144"}],"wp:term":[{"taxonomy":"product_brand","embeddable":true,"href":"https:\/\/www.ocshop.ch\/fr\/wp-json\/wp\/v2\/product_brand?post=13144"},{"taxonomy":"product_cat","embeddable":true,"href":"https:\/\/www.ocshop.ch\/fr\/wp-json\/wp\/v2\/product_cat?post=13144"},{"taxonomy":"product_tag","embeddable":true,"href":"https:\/\/www.ocshop.ch\/fr\/wp-json\/wp\/v2\/product_tag?post=13144"}],"curies":[{"name":"wp","href":"https:\/\/api.w.org\/{rel}","templated":true}]}}