{"id":12995,"date":"2024-10-24T20:56:05","date_gmt":"2024-10-24T18:56:05","guid":{"rendered":"https:\/\/www.ocshop.ch\/produkt\/otoferm-creme\/"},"modified":"2025-01-07T14:31:39","modified_gmt":"2025-01-07T12:31:39","slug":"otoferm-creme","status":"publish","type":"product","link":"https:\/\/www.ocshop.ch\/fr\/produkt\/otoferm-creme\/","title":{"rendered":"Otoferm\u00ae Cr\u00e8me"},"content":{"rendered":"\n<p>Augmente le confort de port et sert \u00e0 une meilleure accoutumance et \u00e0 une \u00e9tanch\u00e9it\u00e9 suppl\u00e9mentaire de l&rsquo;otoplastique. Nouvelle formulation am\u00e9lior\u00e9e avec de l&rsquo;aloe vera, parfum agr\u00e9able avec un soup\u00e7on de camomille. <\/p>\n\n<p>Tube de 5 g<\/p>\n","protected":false},"excerpt":{"rendered":"<p>Augmente le confort de port et sert \u00e0 une meilleure accoutumance et \u00e0 une \u00e9tanch\u00e9it\u00e9 suppl\u00e9mentaire de l&rsquo;otoplastique. Nouvelle formulation am\u00e9lior\u00e9e avec de l&rsquo;aloe vera, parfum agr\u00e9able avec un soup\u00e7on de camomille. Tube de 5 g<\/p>\n","protected":false},"featured_media":12404,"template":"","meta":[],"product_brand":[],"product_cat":[493,491],"product_tag":[],"class_list":{"0":"post-12995","1":"product","2":"type-product","3":"status-publish","4":"has-post-thumbnail","6":"product_cat-accessoires-pour-embouts-auriculaires","7":"product_cat-nettoyage-et-entretien","8":"tm-no-options","10":"first","11":"instock","12":"taxable","13":"shipping-taxable","14":"product-type-simple"},"_links":{"self":[{"href":"https:\/\/www.ocshop.ch\/fr\/wp-json\/wp\/v2\/product\/12995","targetHints":{"allow":["GET"]}}],"collection":[{"href":"https:\/\/www.ocshop.ch\/fr\/wp-json\/wp\/v2\/product"}],"about":[{"href":"https:\/\/www.ocshop.ch\/fr\/wp-json\/wp\/v2\/types\/product"}],"wp:featuredmedia":[{"embeddable":true,"href":"https:\/\/www.ocshop.ch\/fr\/wp-json\/wp\/v2\/media\/12404"}],"wp:attachment":[{"href":"https:\/\/www.ocshop.ch\/fr\/wp-json\/wp\/v2\/media?parent=12995"}],"wp:term":[{"taxonomy":"product_brand","embeddable":true,"href":"https:\/\/www.ocshop.ch\/fr\/wp-json\/wp\/v2\/product_brand?post=12995"},{"taxonomy":"product_cat","embeddable":true,"href":"https:\/\/www.ocshop.ch\/fr\/wp-json\/wp\/v2\/product_cat?post=12995"},{"taxonomy":"product_tag","embeddable":true,"href":"https:\/\/www.ocshop.ch\/fr\/wp-json\/wp\/v2\/product_tag?post=12995"}],"curies":[{"name":"wp","href":"https:\/\/api.w.org\/{rel}","templated":true}]}}