{"id":12993,"date":"2024-10-24T20:24:20","date_gmt":"2024-10-24T18:24:20","guid":{"rendered":"https:\/\/www.ocshop.ch\/produkt\/kit-otovita-mini-care\/"},"modified":"2025-01-07T14:31:39","modified_gmt":"2025-01-07T12:31:39","slug":"kit-otovita-mini-care","status":"publish","type":"product","link":"https:\/\/www.ocshop.ch\/fr\/produkt\/kit-otovita-mini-care\/","title":{"rendered":"Kit OtoVita\u00ae Mini Care"},"content":{"rendered":"\n<p>Pour les appareils auditifs contour d&rsquo;oreille, pour l&rsquo;entretien ext\u00e9rieur et la d\u00e9sinfection des embouts auriculaires.<\/p>\n\n<p>7 tablettes de nettoyage,<br\/>1 conteneur de nettoyage,<br\/>1 pompe de s\u00e9chage<\/p>\n","protected":false},"excerpt":{"rendered":"<p>Pour les appareils auditifs contour d&rsquo;oreille, pour l&rsquo;entretien ext\u00e9rieur et la d\u00e9sinfection des embouts auriculaires. 7 tablettes de nettoyage,1 conteneur de nettoyage,1 pompe de s\u00e9chage<\/p>\n","protected":false},"featured_media":12392,"template":"","meta":[],"product_brand":[],"product_cat":[467,491],"product_tag":[],"class_list":{"0":"post-12993","1":"product","2":"type-product","3":"status-publish","4":"has-post-thumbnail","6":"product_cat-atelier-empreintes","7":"product_cat-nettoyage-et-entretien","8":"tm-no-options","10":"first","11":"instock","12":"taxable","13":"shipping-taxable","14":"product-type-simple"},"_links":{"self":[{"href":"https:\/\/www.ocshop.ch\/fr\/wp-json\/wp\/v2\/product\/12993","targetHints":{"allow":["GET"]}}],"collection":[{"href":"https:\/\/www.ocshop.ch\/fr\/wp-json\/wp\/v2\/product"}],"about":[{"href":"https:\/\/www.ocshop.ch\/fr\/wp-json\/wp\/v2\/types\/product"}],"wp:featuredmedia":[{"embeddable":true,"href":"https:\/\/www.ocshop.ch\/fr\/wp-json\/wp\/v2\/media\/12392"}],"wp:attachment":[{"href":"https:\/\/www.ocshop.ch\/fr\/wp-json\/wp\/v2\/media?parent=12993"}],"wp:term":[{"taxonomy":"product_brand","embeddable":true,"href":"https:\/\/www.ocshop.ch\/fr\/wp-json\/wp\/v2\/product_brand?post=12993"},{"taxonomy":"product_cat","embeddable":true,"href":"https:\/\/www.ocshop.ch\/fr\/wp-json\/wp\/v2\/product_cat?post=12993"},{"taxonomy":"product_tag","embeddable":true,"href":"https:\/\/www.ocshop.ch\/fr\/wp-json\/wp\/v2\/product_tag?post=12993"}],"curies":[{"name":"wp","href":"https:\/\/api.w.org\/{rel}","templated":true}]}}