{"id":12990,"date":"2024-10-24T21:10:26","date_gmt":"2024-10-24T19:10:26","guid":{"rendered":"https:\/\/www.ocshop.ch\/produkt\/dry-cap-uv-3-1\/"},"modified":"2025-01-07T14:31:36","modified_gmt":"2025-01-07T12:31:36","slug":"dry-cap-uv-3-1","status":"publish","type":"product","link":"https:\/\/www.ocshop.ch\/fr\/produkt\/dry-cap-uv-3-1\/","title":{"rendered":"dry-cap uv 3.1"},"content":{"rendered":"\n<p>La bo\u00eete de s\u00e9chage rechargeable pour tous les appareils auditifs. Le design intelligent du dry-cap uv 3.1\u00ae permet un s\u00e9chage et une d\u00e9sinfection parfaits en m\u00eame temps que le processus de chargement des appareils auditifs rechargeables. Quel que soit le mod\u00e8le de la station de recharge pour appareils auditifs, ils trouvent tous leur place sous le capot.  <\/p>\n\n<h3 class=\"wp-block-heading\">Points forts<\/h3>\n\n<ul class=\"wp-block-list\">\n<li>S\u00e9chage rapide parfait gr\u00e2ce \u00e0 un ventilateur d&rsquo;air efficace<\/li>\n\n\n\n<li>Nettoyage hygi\u00e9nique gr\u00e2ce \u00e0 la lumi\u00e8re UV-C<\/li>\n\n\n\n<li>Rechargeable par USB standard<\/li>\n\n\n\n<li>2 modes : mode Clean &#8211; un programme d&rsquo;hygi\u00e8ne efficace \u00e0 court terme ou mode Dry&amp;Clean &#8211; combine un s\u00e9chage rapide avec la lumi\u00e8re UV-C<\/li>\n<\/ul>\n","protected":false},"excerpt":{"rendered":"<p>La bo\u00eete de s\u00e9chage rechargeable pour tous les appareils auditifs. Le design intelligent du dry-cap uv 3.1\u00ae permet un s\u00e9chage et une d\u00e9sinfection parfaits en m\u00eame temps que le processus de chargement des appareils auditifs rechargeables. Quel que soit le mod\u00e8le de la station de recharge pour appareils auditifs, ils trouvent tous leur place sous [&hellip;]<\/p>\n","protected":false},"featured_media":12412,"template":"","meta":[],"product_brand":[],"product_cat":[493,467,491],"product_tag":[],"class_list":{"0":"post-12990","1":"product","2":"type-product","3":"status-publish","4":"has-post-thumbnail","6":"product_cat-accessoires-pour-embouts-auriculaires","7":"product_cat-atelier-empreintes","8":"product_cat-nettoyage-et-entretien","9":"tm-no-options","11":"first","12":"instock","13":"taxable","14":"shipping-taxable","15":"product-type-simple"},"_links":{"self":[{"href":"https:\/\/www.ocshop.ch\/fr\/wp-json\/wp\/v2\/product\/12990","targetHints":{"allow":["GET"]}}],"collection":[{"href":"https:\/\/www.ocshop.ch\/fr\/wp-json\/wp\/v2\/product"}],"about":[{"href":"https:\/\/www.ocshop.ch\/fr\/wp-json\/wp\/v2\/types\/product"}],"wp:featuredmedia":[{"embeddable":true,"href":"https:\/\/www.ocshop.ch\/fr\/wp-json\/wp\/v2\/media\/12412"}],"wp:attachment":[{"href":"https:\/\/www.ocshop.ch\/fr\/wp-json\/wp\/v2\/media?parent=12990"}],"wp:term":[{"taxonomy":"product_brand","embeddable":true,"href":"https:\/\/www.ocshop.ch\/fr\/wp-json\/wp\/v2\/product_brand?post=12990"},{"taxonomy":"product_cat","embeddable":true,"href":"https:\/\/www.ocshop.ch\/fr\/wp-json\/wp\/v2\/product_cat?post=12990"},{"taxonomy":"product_tag","embeddable":true,"href":"https:\/\/www.ocshop.ch\/fr\/wp-json\/wp\/v2\/product_tag?post=12990"}],"curies":[{"name":"wp","href":"https:\/\/api.w.org\/{rel}","templated":true}]}}