{"id":12985,"date":"2024-10-25T21:43:44","date_gmt":"2024-10-25T19:43:44","guid":{"rendered":"https:\/\/www.ocshop.ch\/produkt\/lingettes-nettoyantes-otovita-2\/"},"modified":"2025-01-07T14:31:23","modified_gmt":"2025-01-07T12:31:23","slug":"lingettes-nettoyantes-otovita-2","status":"publish","type":"product","link":"https:\/\/www.ocshop.ch\/fr\/produkt\/lingettes-nettoyantes-otovita-2\/","title":{"rendered":"Lingettes nettoyantes OtoVita"},"content":{"rendered":"\n<p>emball\u00e9 individuellement 30 lingettes<\/p>\n\n<p>Pour l&rsquo;entretien externe et la d\u00e9sinfection des aides auditives et des embouts. Les lingettes nettoyantes humides sont sans alcool. Aussi optimal pour d\u00e9sinfecter les protections auditives ou contre les \u00e9claboussures. <\/p>\n","protected":false},"excerpt":{"rendered":"<p>emball\u00e9 individuellement 30 lingettes Pour l&rsquo;entretien externe et la d\u00e9sinfection des aides auditives et des embouts. Les lingettes nettoyantes humides sont sans alcool. Aussi optimal pour d\u00e9sinfecter les protections auditives ou contre les \u00e9claboussures.<\/p>\n","protected":false},"featured_media":12426,"template":"","meta":[],"product_brand":[],"product_cat":[493,467,491],"product_tag":[],"class_list":{"0":"post-12985","1":"product","2":"type-product","3":"status-publish","4":"has-post-thumbnail","6":"product_cat-accessoires-pour-embouts-auriculaires","7":"product_cat-atelier-empreintes","8":"product_cat-nettoyage-et-entretien","9":"tm-no-options","11":"first","12":"instock","13":"taxable","14":"shipping-taxable","15":"product-type-simple"},"_links":{"self":[{"href":"https:\/\/www.ocshop.ch\/fr\/wp-json\/wp\/v2\/product\/12985","targetHints":{"allow":["GET"]}}],"collection":[{"href":"https:\/\/www.ocshop.ch\/fr\/wp-json\/wp\/v2\/product"}],"about":[{"href":"https:\/\/www.ocshop.ch\/fr\/wp-json\/wp\/v2\/types\/product"}],"wp:featuredmedia":[{"embeddable":true,"href":"https:\/\/www.ocshop.ch\/fr\/wp-json\/wp\/v2\/media\/12426"}],"wp:attachment":[{"href":"https:\/\/www.ocshop.ch\/fr\/wp-json\/wp\/v2\/media?parent=12985"}],"wp:term":[{"taxonomy":"product_brand","embeddable":true,"href":"https:\/\/www.ocshop.ch\/fr\/wp-json\/wp\/v2\/product_brand?post=12985"},{"taxonomy":"product_cat","embeddable":true,"href":"https:\/\/www.ocshop.ch\/fr\/wp-json\/wp\/v2\/product_cat?post=12985"},{"taxonomy":"product_tag","embeddable":true,"href":"https:\/\/www.ocshop.ch\/fr\/wp-json\/wp\/v2\/product_tag?post=12985"}],"curies":[{"name":"wp","href":"https:\/\/api.w.org\/{rel}","templated":true}]}}