{"id":12982,"date":"2024-10-24T20:42:16","date_gmt":"2024-10-24T18:42:16","guid":{"rendered":"https:\/\/www.ocshop.ch\/produkt\/comprimes-de-nettoyage-otovita\/"},"modified":"2025-01-07T14:31:23","modified_gmt":"2025-01-07T12:31:23","slug":"comprimes-de-nettoyage-otovita","status":"publish","type":"product","link":"https:\/\/www.ocshop.ch\/fr\/produkt\/comprimes-de-nettoyage-otovita\/","title":{"rendered":"Comprim\u00e9s de nettoyage OtoVita\u00ae."},"content":{"rendered":"\n<p>Pour les appareils auditifs contour d&rsquo;oreille, pour l&rsquo;entretien ext\u00e9rieur et la d\u00e9sinfection des embouts auriculaires. \u00c9galement optimal pour d\u00e9sinfecter les protections auditives ou les protections contre les \u00e9claboussures. <\/p>\n\n<p>4 x 7 tablettes de nettoyage<\/p>\n","protected":false},"excerpt":{"rendered":"<p>Pour les appareils auditifs contour d&rsquo;oreille, pour l&rsquo;entretien ext\u00e9rieur et la d\u00e9sinfection des embouts auriculaires. \u00c9galement optimal pour d\u00e9sinfecter les protections auditives ou les protections contre les \u00e9claboussures. 4 x 7 tablettes de nettoyage<\/p>\n","protected":false},"featured_media":12396,"template":"","meta":[],"product_brand":[],"product_cat":[493,467,491],"product_tag":[],"class_list":{"0":"post-12982","1":"product","2":"type-product","3":"status-publish","4":"has-post-thumbnail","6":"product_cat-accessoires-pour-embouts-auriculaires","7":"product_cat-atelier-empreintes","8":"product_cat-nettoyage-et-entretien","9":"tm-no-options","11":"first","12":"instock","13":"taxable","14":"shipping-taxable","15":"product-type-simple"},"_links":{"self":[{"href":"https:\/\/www.ocshop.ch\/fr\/wp-json\/wp\/v2\/product\/12982","targetHints":{"allow":["GET"]}}],"collection":[{"href":"https:\/\/www.ocshop.ch\/fr\/wp-json\/wp\/v2\/product"}],"about":[{"href":"https:\/\/www.ocshop.ch\/fr\/wp-json\/wp\/v2\/types\/product"}],"wp:featuredmedia":[{"embeddable":true,"href":"https:\/\/www.ocshop.ch\/fr\/wp-json\/wp\/v2\/media\/12396"}],"wp:attachment":[{"href":"https:\/\/www.ocshop.ch\/fr\/wp-json\/wp\/v2\/media?parent=12982"}],"wp:term":[{"taxonomy":"product_brand","embeddable":true,"href":"https:\/\/www.ocshop.ch\/fr\/wp-json\/wp\/v2\/product_brand?post=12982"},{"taxonomy":"product_cat","embeddable":true,"href":"https:\/\/www.ocshop.ch\/fr\/wp-json\/wp\/v2\/product_cat?post=12982"},{"taxonomy":"product_tag","embeddable":true,"href":"https:\/\/www.ocshop.ch\/fr\/wp-json\/wp\/v2\/product_tag?post=12982"}],"curies":[{"name":"wp","href":"https:\/\/api.w.org\/{rel}","templated":true}]}}