{"id":12981,"date":"2024-10-24T21:27:48","date_gmt":"2024-10-24T19:27:48","guid":{"rendered":"https:\/\/www.ocshop.ch\/produkt\/lingettes-nettoyantes-otovita\/"},"modified":"2025-01-07T14:31:23","modified_gmt":"2025-01-07T12:31:23","slug":"lingettes-nettoyantes-otovita","status":"publish","type":"product","link":"https:\/\/www.ocshop.ch\/fr\/produkt\/lingettes-nettoyantes-otovita\/","title":{"rendered":"Lingettes nettoyantes OtoVita"},"content":{"rendered":"\n<p>Pour l&rsquo;entretien externe et la d\u00e9sinfection des aides auditives et des embouts. Les lingettes nettoyantes humides sont sans alcool. Aussi optimal pour d\u00e9sinfecter les protections auditives ou contre les \u00e9claboussures. <\/p>\n\n<p>30 pi\u00e8ces<br\/>Type Dans le distributeur, d\u00e9chirable<\/p>\n","protected":false},"excerpt":{"rendered":"<p>Pour l&rsquo;entretien externe et la d\u00e9sinfection des aides auditives et des embouts. Les lingettes nettoyantes humides sont sans alcool. Aussi optimal pour d\u00e9sinfecter les protections auditives ou contre les \u00e9claboussures. 30 pi\u00e8cesType Dans le distributeur, d\u00e9chirable<\/p>\n","protected":false},"featured_media":12416,"template":"","meta":[],"product_brand":[],"product_cat":[493,467,491],"product_tag":[],"class_list":{"0":"post-12981","1":"product","2":"type-product","3":"status-publish","4":"has-post-thumbnail","6":"product_cat-accessoires-pour-embouts-auriculaires","7":"product_cat-atelier-empreintes","8":"product_cat-nettoyage-et-entretien","9":"tm-no-options","11":"first","12":"instock","13":"taxable","14":"shipping-taxable","15":"product-type-simple"},"_links":{"self":[{"href":"https:\/\/www.ocshop.ch\/fr\/wp-json\/wp\/v2\/product\/12981","targetHints":{"allow":["GET"]}}],"collection":[{"href":"https:\/\/www.ocshop.ch\/fr\/wp-json\/wp\/v2\/product"}],"about":[{"href":"https:\/\/www.ocshop.ch\/fr\/wp-json\/wp\/v2\/types\/product"}],"wp:featuredmedia":[{"embeddable":true,"href":"https:\/\/www.ocshop.ch\/fr\/wp-json\/wp\/v2\/media\/12416"}],"wp:attachment":[{"href":"https:\/\/www.ocshop.ch\/fr\/wp-json\/wp\/v2\/media?parent=12981"}],"wp:term":[{"taxonomy":"product_brand","embeddable":true,"href":"https:\/\/www.ocshop.ch\/fr\/wp-json\/wp\/v2\/product_brand?post=12981"},{"taxonomy":"product_cat","embeddable":true,"href":"https:\/\/www.ocshop.ch\/fr\/wp-json\/wp\/v2\/product_cat?post=12981"},{"taxonomy":"product_tag","embeddable":true,"href":"https:\/\/www.ocshop.ch\/fr\/wp-json\/wp\/v2\/product_tag?post=12981"}],"curies":[{"name":"wp","href":"https:\/\/api.w.org\/{rel}","templated":true}]}}