{"id":12980,"date":"2024-10-24T21:04:38","date_gmt":"2024-10-24T19:04:38","guid":{"rendered":"https:\/\/www.ocshop.ch\/produkt\/souffle-sec-otovita\/"},"modified":"2025-01-07T14:31:23","modified_gmt":"2025-01-07T12:31:23","slug":"souffle-sec-otovita","status":"publish","type":"product","link":"https:\/\/www.ocshop.ch\/fr\/produkt\/souffle-sec-otovita\/","title":{"rendered":"Souffle sec OtoVita"},"content":{"rendered":"\n<p>Les r\u00e9sidus de c\u00e9rumen et de liquide sont facilement et soigneusement \u00e9limin\u00e9s du canal acoustique et du tube auditif.<\/p>\n","protected":false},"excerpt":{"rendered":"<p>Les r\u00e9sidus de c\u00e9rumen et de liquide sont facilement et soigneusement \u00e9limin\u00e9s du canal acoustique et du tube auditif.<\/p>\n","protected":false},"featured_media":12408,"template":"","meta":[],"product_brand":[],"product_cat":[493,467,491],"product_tag":[],"class_list":{"0":"post-12980","1":"product","2":"type-product","3":"status-publish","4":"has-post-thumbnail","6":"product_cat-accessoires-pour-embouts-auriculaires","7":"product_cat-atelier-empreintes","8":"product_cat-nettoyage-et-entretien","9":"tm-no-options","11":"first","12":"instock","13":"taxable","14":"shipping-taxable","15":"product-type-simple"},"_links":{"self":[{"href":"https:\/\/www.ocshop.ch\/fr\/wp-json\/wp\/v2\/product\/12980","targetHints":{"allow":["GET"]}}],"collection":[{"href":"https:\/\/www.ocshop.ch\/fr\/wp-json\/wp\/v2\/product"}],"about":[{"href":"https:\/\/www.ocshop.ch\/fr\/wp-json\/wp\/v2\/types\/product"}],"wp:featuredmedia":[{"embeddable":true,"href":"https:\/\/www.ocshop.ch\/fr\/wp-json\/wp\/v2\/media\/12408"}],"wp:attachment":[{"href":"https:\/\/www.ocshop.ch\/fr\/wp-json\/wp\/v2\/media?parent=12980"}],"wp:term":[{"taxonomy":"product_brand","embeddable":true,"href":"https:\/\/www.ocshop.ch\/fr\/wp-json\/wp\/v2\/product_brand?post=12980"},{"taxonomy":"product_cat","embeddable":true,"href":"https:\/\/www.ocshop.ch\/fr\/wp-json\/wp\/v2\/product_cat?post=12980"},{"taxonomy":"product_tag","embeddable":true,"href":"https:\/\/www.ocshop.ch\/fr\/wp-json\/wp\/v2\/product_tag?post=12980"}],"curies":[{"name":"wp","href":"https:\/\/api.w.org\/{rel}","templated":true}]}}