{"id":12975,"date":"2024-12-30T00:59:38","date_gmt":"2024-12-29T22:59:38","guid":{"rendered":"https:\/\/www.ocshop.ch\/produkt\/oto-soft-pad-dempreinte-duo\/"},"modified":"2025-01-07T14:29:33","modified_gmt":"2025-01-07T12:29:33","slug":"oto-soft-pad-dempreinte-duo","status":"publish","type":"product","link":"https:\/\/www.ocshop.ch\/fr\/produkt\/oto-soft-pad-dempreinte-duo\/","title":{"rendered":"oto-soft\u00ae Pad d&#8217;empreinte duo"},"content":{"rendered":"\n<p>D\u00e9couvre l&rsquo;innovation dans la prise d&#8217;empreinte avec les pads de prise d&#8217;empreinte de la prochaine g\u00e9n\u00e9ration ! En exclusivit\u00e9 chez <sup>bachmaier\u00ae<\/sup>, nous pr\u00e9sentons le pad d&#8217;empreinte r\u00e9volutionnaire \u00e0 2 zones qui t&rsquo;offre &#8211; gr\u00e2ce \u00e0 notre technique de mousse composite \u00e0 2 zones &#8211; des avantages uniques : <\/p>\n\n<p>Un segment plus dur \u00e0 l&rsquo;arri\u00e8re (bleu), garantit une insertion s\u00fbre et stable dans le conduit auditif et emp\u00eache le coussinet de basculer de mani\u00e8re ind\u00e9sirable.<\/p>\n\n<p>Un segment avant plus souple (blanc), s&rsquo;adapte parfaitement au conduit auditif, permet une \u00e9tanch\u00e9it\u00e9 optimale et rend le processus de prise d&#8217;empreinte encore plus confortable pour tes clients.<\/p>\n\n<p>1 pad pour toutes les zones.<\/p>\n\n<p>D\u00e9couvre la polyvalence d&rsquo;un pad pour tous les domaines d&rsquo;application et mise sur la qualit\u00e9 et le confort avec les nouveaux pads d&#8217;empreinte de <sup>bachmaier\u00ae<\/sup>.<\/p>\n\n<p>\u00c9galement disponible en label priv\u00e9 pour les grands comptes et les distributeurs.<\/p>\n\n<div style=\"height:20px\" aria-hidden=\"true\" class=\"wp-block-spacer\"><\/div>\n\n<h2 class=\"wp-block-heading\" id=\"h-features\">Caract\u00e9ristiques<\/h2>\n\n<p>zone blanche &#8211; supersoft &#8211; pour toutes les tailles de conduit auditif<\/p>\n\n<p>zone bleue &#8211; ind\u00e9formable &#8211; pour un placement parfait dans le conduit auditif<\/p>\n\n<p>R\u00e9partition : 1\/3 de zone bleue, 2\/3 de zone blanche<\/p>\n\n<p>le pad de moulage est ajustable \u00e0 la longueur de conduit auditif souhait\u00e9e<\/p>\n\n<p>couleur : blanc\/bleu<\/p>\n\n<p>Mat\u00e9riel : mousse<\/p>\n\n<p>Diam\u00e8tre : 10 mm<\/p>\n\n<p>Longueur : 10,5 mm<\/p>\n\n<p>Longueur du fil : 115 mm<\/p>\n","protected":false},"excerpt":{"rendered":"<p>D\u00e9couvre l&rsquo;innovation dans la prise d&#8217;empreinte avec les pads d&#8217;empreinte de la prochaine g\u00e9n\u00e9ration ! En exclusivit\u00e9 chez <sup>bachmaier\u00ae<\/sup>, nous pr\u00e9sentons le pad d&#8217;empreinte r\u00e9volutionnaire \u00e0 2 zones qui t&rsquo;offre &#8211; gr\u00e2ce \u00e0 notre technique de mousse composite \u00e0 2 zones &#8211; des avantages uniques. <\/p>\n","protected":false},"featured_media":12801,"template":"","meta":[],"product_brand":[],"product_cat":[467],"product_tag":[],"class_list":{"0":"post-12975","1":"product","2":"type-product","3":"status-publish","4":"has-post-thumbnail","6":"product_cat-atelier-empreintes","7":"tm-no-options","9":"first","10":"instock","11":"taxable","12":"shipping-taxable","13":"product-type-simple"},"_links":{"self":[{"href":"https:\/\/www.ocshop.ch\/fr\/wp-json\/wp\/v2\/product\/12975","targetHints":{"allow":["GET"]}}],"collection":[{"href":"https:\/\/www.ocshop.ch\/fr\/wp-json\/wp\/v2\/product"}],"about":[{"href":"https:\/\/www.ocshop.ch\/fr\/wp-json\/wp\/v2\/types\/product"}],"wp:featuredmedia":[{"embeddable":true,"href":"https:\/\/www.ocshop.ch\/fr\/wp-json\/wp\/v2\/media\/12801"}],"wp:attachment":[{"href":"https:\/\/www.ocshop.ch\/fr\/wp-json\/wp\/v2\/media?parent=12975"}],"wp:term":[{"taxonomy":"product_brand","embeddable":true,"href":"https:\/\/www.ocshop.ch\/fr\/wp-json\/wp\/v2\/product_brand?post=12975"},{"taxonomy":"product_cat","embeddable":true,"href":"https:\/\/www.ocshop.ch\/fr\/wp-json\/wp\/v2\/product_cat?post=12975"},{"taxonomy":"product_tag","embeddable":true,"href":"https:\/\/www.ocshop.ch\/fr\/wp-json\/wp\/v2\/product_tag?post=12975"}],"curies":[{"name":"wp","href":"https:\/\/api.w.org\/{rel}","templated":true}]}}