{"id":12974,"date":"2024-11-10T22:57:30","date_gmt":"2024-11-10T20:57:30","guid":{"rendered":"https:\/\/www.ocshop.ch\/produkt\/fotocast-la-nouvelle-generation\/"},"modified":"2025-01-07T14:29:35","modified_gmt":"2025-01-07T12:29:35","slug":"fotocast-la-nouvelle-generation","status":"publish","type":"product","link":"https:\/\/www.ocshop.ch\/fr\/produkt\/fotocast-la-nouvelle-generation\/","title":{"rendered":"FotoCast\u00ae : la nouvelle g\u00e9n\u00e9ration"},"content":{"rendered":"\n<p>rouge-transparent, 1kg<\/p>\n\n<p>Pour la fabrication g\u00e9n\u00e9rative de coques en cast pour la fabrication d&rsquo;otoplastiques souples et de protections auditives.<\/p>\n\n<h3 class=\"wp-block-heading\">Points forts<\/h3>\n\n<ul class=\"wp-block-list\">\n<li>Temps de construction r\u00e9duit gr\u00e2ce aux propri\u00e9t\u00e9s m\u00e9caniques optimales et \u00e0 la viscosit\u00e9 sp\u00e9ciale<\/li>\n\n\n\n<li>Peu de nettoyage apr\u00e8s la construction des barquettes Cast<\/li>\n\n\n\n<li>Remplissage facile de la coque imprim\u00e9e Cast et apr\u00e8s durcissement, retrait facile du mat\u00e9riau Biopor\u00ae AB<\/li>\n<\/ul>\n","protected":false},"excerpt":{"rendered":"<p>rouge-transparent, 1kg Pour la fabrication g\u00e9n\u00e9rative de coques en cast pour la fabrication d&rsquo;otoplastiques souples et de protections auditives. Points forts<\/p>\n","protected":false},"featured_media":12515,"template":"","meta":[],"product_brand":[],"product_cat":[467],"product_tag":[],"class_list":{"0":"post-12974","1":"product","2":"type-product","3":"status-publish","4":"has-post-thumbnail","6":"product_cat-atelier-empreintes","7":"tm-no-options","9":"first","10":"instock","11":"taxable","12":"shipping-taxable","13":"product-type-simple"},"_links":{"self":[{"href":"https:\/\/www.ocshop.ch\/fr\/wp-json\/wp\/v2\/product\/12974","targetHints":{"allow":["GET"]}}],"collection":[{"href":"https:\/\/www.ocshop.ch\/fr\/wp-json\/wp\/v2\/product"}],"about":[{"href":"https:\/\/www.ocshop.ch\/fr\/wp-json\/wp\/v2\/types\/product"}],"wp:featuredmedia":[{"embeddable":true,"href":"https:\/\/www.ocshop.ch\/fr\/wp-json\/wp\/v2\/media\/12515"}],"wp:attachment":[{"href":"https:\/\/www.ocshop.ch\/fr\/wp-json\/wp\/v2\/media?parent=12974"}],"wp:term":[{"taxonomy":"product_brand","embeddable":true,"href":"https:\/\/www.ocshop.ch\/fr\/wp-json\/wp\/v2\/product_brand?post=12974"},{"taxonomy":"product_cat","embeddable":true,"href":"https:\/\/www.ocshop.ch\/fr\/wp-json\/wp\/v2\/product_cat?post=12974"},{"taxonomy":"product_tag","embeddable":true,"href":"https:\/\/www.ocshop.ch\/fr\/wp-json\/wp\/v2\/product_tag?post=12974"}],"curies":[{"name":"wp","href":"https:\/\/api.w.org\/{rel}","templated":true}]}}