{"id":12971,"date":"2024-11-10T22:48:13","date_gmt":"2024-11-10T20:48:13","guid":{"rendered":"https:\/\/www.ocshop.ch\/produkt\/laque-b-mat\/"},"modified":"2025-01-07T14:29:28","modified_gmt":"2025-01-07T12:29:28","slug":"laque-b-mat","status":"publish","type":"product","link":"https:\/\/www.ocshop.ch\/fr\/produkt\/laque-b-mat\/","title":{"rendered":"Laque B mat"},"content":{"rendered":"\n<p>Vernis durcissant \u00e0 l&rsquo;humidit\u00e9 de l&rsquo;air avec une finition mate pour vernir les otoplastiques en silicone.<\/p>\n\n<h3 class=\"wp-block-heading\">Points forts<\/h3>\n\n<ul class=\"wp-block-list\">\n<li>Recette optimis\u00e9e : Plus neutre au niveau de l&rsquo;odeur et reste frais plus longtemps dans la bouteille<\/li>\n\n\n\n<li>Surface velout\u00e9e et mate<\/li>\n\n\n\n<li>Facile \u00e0 utiliser, ne contient pas de tolu\u00e8ne<\/li>\n\n\n\n<li>Durcissant \u00e0 l&rsquo;humidit\u00e9 de l&rsquo;air<\/li>\n\n\n\n<li>Pour vernir tous les otoplastiques en silicone en Biopor\u00ae AB<\/li>\n\n\n\n<li>Haute adh\u00e9rence entre l&rsquo;otoplastique en silicone et le rev\u00eatement en laque B mate<\/li>\n\n\n\n<li>Rev\u00eatement durable, plus facile \u00e0 nettoyer que les surfaces trait\u00e9es au corindon<\/li>\n<\/ul>\n","protected":false},"excerpt":{"rendered":"<p>Vernis durcissant \u00e0 l&rsquo;humidit\u00e9 de l&rsquo;air avec une finition mate pour vernir les otoplastiques en silicone. Points forts<\/p>\n","protected":false},"featured_media":12522,"template":"","meta":[],"product_brand":[],"product_cat":[467],"product_tag":[],"class_list":{"0":"post-12971","1":"product","2":"type-product","3":"status-publish","4":"has-post-thumbnail","6":"product_cat-atelier-empreintes","7":"tm-no-options","9":"first","10":"instock","11":"taxable","12":"shipping-taxable","13":"product-type-simple"},"_links":{"self":[{"href":"https:\/\/www.ocshop.ch\/fr\/wp-json\/wp\/v2\/product\/12971","targetHints":{"allow":["GET"]}}],"collection":[{"href":"https:\/\/www.ocshop.ch\/fr\/wp-json\/wp\/v2\/product"}],"about":[{"href":"https:\/\/www.ocshop.ch\/fr\/wp-json\/wp\/v2\/types\/product"}],"wp:featuredmedia":[{"embeddable":true,"href":"https:\/\/www.ocshop.ch\/fr\/wp-json\/wp\/v2\/media\/12522"}],"wp:attachment":[{"href":"https:\/\/www.ocshop.ch\/fr\/wp-json\/wp\/v2\/media?parent=12971"}],"wp:term":[{"taxonomy":"product_brand","embeddable":true,"href":"https:\/\/www.ocshop.ch\/fr\/wp-json\/wp\/v2\/product_brand?post=12971"},{"taxonomy":"product_cat","embeddable":true,"href":"https:\/\/www.ocshop.ch\/fr\/wp-json\/wp\/v2\/product_cat?post=12971"},{"taxonomy":"product_tag","embeddable":true,"href":"https:\/\/www.ocshop.ch\/fr\/wp-json\/wp\/v2\/product_tag?post=12971"}],"curies":[{"name":"wp","href":"https:\/\/api.w.org\/{rel}","templated":true}]}}