{"id":12970,"date":"2024-11-10T22:28:18","date_gmt":"2024-11-10T20:28:18","guid":{"rendered":"https:\/\/www.ocshop.ch\/produkt\/kit-dentretien-otovita-bte\/"},"modified":"2025-01-07T14:29:28","modified_gmt":"2025-01-07T12:29:28","slug":"kit-dentretien-otovita-bte","status":"publish","type":"product","link":"https:\/\/www.ocshop.ch\/fr\/produkt\/kit-dentretien-otovita-bte\/","title":{"rendered":"Kit d&rsquo;entretien OtoVita\u00ae BTE"},"content":{"rendered":"\n<p>7 tablettes de nettoyage, 1 r\u00e9cipient de nettoyage, 1 r\u00e9cipient de s\u00e9chage, 2 cartouches de s\u00e9chage, 1 soufflette de s\u00e9chage<\/p>\n","protected":false},"excerpt":{"rendered":"<p>7 tablettes de nettoyage, 1 r\u00e9cipient de nettoyage, 1 r\u00e9cipient de s\u00e9chage, 2 cartouches de s\u00e9chage, 1 soufflette de s\u00e9chage<\/p>\n","protected":false},"featured_media":12498,"template":"","meta":[],"product_brand":[],"product_cat":[491],"product_tag":[],"class_list":{"0":"post-12970","1":"product","2":"type-product","3":"status-publish","4":"has-post-thumbnail","6":"product_cat-nettoyage-et-entretien","7":"tm-no-options","9":"first","10":"instock","11":"taxable","12":"shipping-taxable","13":"product-type-simple"},"_links":{"self":[{"href":"https:\/\/www.ocshop.ch\/fr\/wp-json\/wp\/v2\/product\/12970","targetHints":{"allow":["GET"]}}],"collection":[{"href":"https:\/\/www.ocshop.ch\/fr\/wp-json\/wp\/v2\/product"}],"about":[{"href":"https:\/\/www.ocshop.ch\/fr\/wp-json\/wp\/v2\/types\/product"}],"wp:featuredmedia":[{"embeddable":true,"href":"https:\/\/www.ocshop.ch\/fr\/wp-json\/wp\/v2\/media\/12498"}],"wp:attachment":[{"href":"https:\/\/www.ocshop.ch\/fr\/wp-json\/wp\/v2\/media?parent=12970"}],"wp:term":[{"taxonomy":"product_brand","embeddable":true,"href":"https:\/\/www.ocshop.ch\/fr\/wp-json\/wp\/v2\/product_brand?post=12970"},{"taxonomy":"product_cat","embeddable":true,"href":"https:\/\/www.ocshop.ch\/fr\/wp-json\/wp\/v2\/product_cat?post=12970"},{"taxonomy":"product_tag","embeddable":true,"href":"https:\/\/www.ocshop.ch\/fr\/wp-json\/wp\/v2\/product_tag?post=12970"}],"curies":[{"name":"wp","href":"https:\/\/api.w.org\/{rel}","templated":true}]}}