{"id":12967,"date":"2024-11-10T22:44:18","date_gmt":"2024-11-10T20:44:18","guid":{"rendered":"https:\/\/www.ocshop.ch\/produkt\/laque-b-eco-20ml\/"},"modified":"2025-01-07T14:29:28","modified_gmt":"2025-01-07T12:29:28","slug":"laque-b-eco-20ml","status":"publish","type":"product","link":"https:\/\/www.ocshop.ch\/fr\/produkt\/laque-b-eco-20ml\/","title":{"rendered":"Laque B eco , 20ml"},"content":{"rendered":"\n<p>Les propri\u00e9t\u00e9s de la nouvelle laque B eco durcissant \u00e0 l&rsquo;humidit\u00e9 de l&rsquo;air correspondent \u00e0 celles de la laque B \u00e9prouv\u00e9e.<\/p>\n\n<h3 class=\"wp-block-heading\">Points forts<\/h3>\n\n<p>&#8211; Recette optimis\u00e9e : Plus neutre en odeur et reste frais plus longtemps dans la bouteille<br\/>&#8211; Ne contient pas de tolu\u00e8ne, donc facile \u00e0 utiliser<br\/>&#8211; Surface brillante, claire et transparente<br\/>&#8211; Durcit \u00e0 l&rsquo;humidit\u00e9 de l&rsquo;air<br\/>&#8211; Pour vernir tous les otoplastiques en silicone en Biopor\u00ae AB<br\/>&#8211; Excellente adh\u00e9rence<br\/>&#8211; Rev\u00eatement robuste et durable<\/p>\n","protected":false},"excerpt":{"rendered":"<p>Les propri\u00e9t\u00e9s de la nouvelle laque B eco durcissant \u00e0 l&rsquo;humidit\u00e9 de l&rsquo;air correspondent \u00e0 celles de la laque B \u00e9prouv\u00e9e. Points forts &#8211; Recette optimis\u00e9e : Plus neutre en odeur et reste frais plus longtemps dans la bouteille&#8211; Ne contient pas de tolu\u00e8ne, donc facile \u00e0 utiliser&#8211; Surface brillante, claire et transparente&#8211; Durcit \u00e0 [&hellip;]<\/p>\n","protected":false},"featured_media":12503,"template":"","meta":[],"product_brand":[],"product_cat":[467],"product_tag":[],"class_list":{"0":"post-12967","1":"product","2":"type-product","3":"status-publish","4":"has-post-thumbnail","6":"product_cat-atelier-empreintes","7":"tm-no-options","9":"first","10":"instock","11":"taxable","12":"shipping-taxable","13":"product-type-simple"},"_links":{"self":[{"href":"https:\/\/www.ocshop.ch\/fr\/wp-json\/wp\/v2\/product\/12967","targetHints":{"allow":["GET"]}}],"collection":[{"href":"https:\/\/www.ocshop.ch\/fr\/wp-json\/wp\/v2\/product"}],"about":[{"href":"https:\/\/www.ocshop.ch\/fr\/wp-json\/wp\/v2\/types\/product"}],"wp:featuredmedia":[{"embeddable":true,"href":"https:\/\/www.ocshop.ch\/fr\/wp-json\/wp\/v2\/media\/12503"}],"wp:attachment":[{"href":"https:\/\/www.ocshop.ch\/fr\/wp-json\/wp\/v2\/media?parent=12967"}],"wp:term":[{"taxonomy":"product_brand","embeddable":true,"href":"https:\/\/www.ocshop.ch\/fr\/wp-json\/wp\/v2\/product_brand?post=12967"},{"taxonomy":"product_cat","embeddable":true,"href":"https:\/\/www.ocshop.ch\/fr\/wp-json\/wp\/v2\/product_cat?post=12967"},{"taxonomy":"product_tag","embeddable":true,"href":"https:\/\/www.ocshop.ch\/fr\/wp-json\/wp\/v2\/product_tag?post=12967"}],"curies":[{"name":"wp","href":"https:\/\/api.w.org\/{rel}","templated":true}]}}