{"id":12958,"date":"2024-12-29T13:17:00","date_gmt":"2024-12-29T11:17:00","guid":{"rendered":"https:\/\/www.ocshop.ch\/produkt\/oto-soft-pad-dempreinte-conique\/"},"modified":"2025-01-07T14:29:05","modified_gmt":"2025-01-07T12:29:05","slug":"oto-soft-pad-dempreinte-conique","status":"publish","type":"product","link":"https:\/\/www.ocshop.ch\/fr\/produkt\/oto-soft-pad-dempreinte-conique\/","title":{"rendered":"oto-soft\u00ae pad d&#8217;empreinte conique"},"content":{"rendered":"\n<p><strong>Caract\u00e9ristiques<\/strong><br\/>Forme : conique<br\/>Couleur : rose<br\/>Mati\u00e8re : mousse<br\/>Diam\u00e8tre : 10 mm<br\/>Longueur : 10 &#8211; 15 mm<br\/>Longueur du fil : 110 mm<\/p>\n","protected":false},"excerpt":{"rendered":"<p>Le tampon d&#8217;empreinte souple et mall\u00e9able pour toutes les oreilles &#8211; la norme \u00e9prouv\u00e9e ! Le pad en mousse agr\u00e9able pour la peau est plus doux que le coton. Convient \u00e0 toutes les longueurs de conduit auditif (adaptation de la longueur) et s&rsquo;adapte \u00e0 tous les volumes de conduit auditif (mousse \u00e9lastique) et convient donc \u00e0 ton quotidien d&rsquo;audioproth\u00e9siste, de p\u00e9diatre ainsi qu&rsquo;\u00e0 la protection auditive sur le terrain.  <\/p>\n","protected":false},"featured_media":12743,"template":"","meta":[],"product_brand":[],"product_cat":[467],"product_tag":[],"class_list":{"0":"post-12958","1":"product","2":"type-product","3":"status-publish","4":"has-post-thumbnail","6":"product_cat-atelier-empreintes","7":"tm-no-options","9":"first","10":"instock","11":"taxable","12":"shipping-taxable","13":"product-type-simple"},"_links":{"self":[{"href":"https:\/\/www.ocshop.ch\/fr\/wp-json\/wp\/v2\/product\/12958","targetHints":{"allow":["GET"]}}],"collection":[{"href":"https:\/\/www.ocshop.ch\/fr\/wp-json\/wp\/v2\/product"}],"about":[{"href":"https:\/\/www.ocshop.ch\/fr\/wp-json\/wp\/v2\/types\/product"}],"wp:featuredmedia":[{"embeddable":true,"href":"https:\/\/www.ocshop.ch\/fr\/wp-json\/wp\/v2\/media\/12743"}],"wp:attachment":[{"href":"https:\/\/www.ocshop.ch\/fr\/wp-json\/wp\/v2\/media?parent=12958"}],"wp:term":[{"taxonomy":"product_brand","embeddable":true,"href":"https:\/\/www.ocshop.ch\/fr\/wp-json\/wp\/v2\/product_brand?post=12958"},{"taxonomy":"product_cat","embeddable":true,"href":"https:\/\/www.ocshop.ch\/fr\/wp-json\/wp\/v2\/product_cat?post=12958"},{"taxonomy":"product_tag","embeddable":true,"href":"https:\/\/www.ocshop.ch\/fr\/wp-json\/wp\/v2\/product_tag?post=12958"}],"curies":[{"name":"wp","href":"https:\/\/api.w.org\/{rel}","templated":true}]}}