{"id":12957,"date":"2024-11-10T22:32:56","date_gmt":"2024-11-10T20:32:56","guid":{"rendered":"https:\/\/www.ocshop.ch\/produkt\/kit-de-soins-otovita-io\/"},"modified":"2025-01-07T14:29:05","modified_gmt":"2025-01-07T12:29:05","slug":"kit-de-soins-otovita-io","status":"publish","type":"product","link":"https:\/\/www.ocshop.ch\/fr\/produkt\/kit-de-soins-otovita-io\/","title":{"rendered":"Kit de soins OtoVita\u00ae IO"},"content":{"rendered":"\n<p>Pour la d\u00e9sinfection externe et le s\u00e9chage des aides auditives et des otoplastiques.<\/p>\n\n<p>30 ml de spray nettoyant , 1 r\u00e9cipient de s\u00e9chage, 2 cartouches de s\u00e9chage<\/p>\n","protected":false},"excerpt":{"rendered":"<p>Pour la d\u00e9sinfection externe et le s\u00e9chage des aides auditives et des otoplastiques. 30 ml de spray nettoyant , 1 r\u00e9cipient de s\u00e9chage, 2 cartouches de s\u00e9chage<\/p>\n","protected":false},"featured_media":12519,"template":"","meta":[],"product_brand":[],"product_cat":[491],"product_tag":[],"class_list":{"0":"post-12957","1":"product","2":"type-product","3":"status-publish","4":"has-post-thumbnail","6":"product_cat-nettoyage-et-entretien","7":"tm-no-options","9":"first","10":"instock","11":"taxable","12":"shipping-taxable","13":"product-type-simple"},"_links":{"self":[{"href":"https:\/\/www.ocshop.ch\/fr\/wp-json\/wp\/v2\/product\/12957","targetHints":{"allow":["GET"]}}],"collection":[{"href":"https:\/\/www.ocshop.ch\/fr\/wp-json\/wp\/v2\/product"}],"about":[{"href":"https:\/\/www.ocshop.ch\/fr\/wp-json\/wp\/v2\/types\/product"}],"wp:featuredmedia":[{"embeddable":true,"href":"https:\/\/www.ocshop.ch\/fr\/wp-json\/wp\/v2\/media\/12519"}],"wp:attachment":[{"href":"https:\/\/www.ocshop.ch\/fr\/wp-json\/wp\/v2\/media?parent=12957"}],"wp:term":[{"taxonomy":"product_brand","embeddable":true,"href":"https:\/\/www.ocshop.ch\/fr\/wp-json\/wp\/v2\/product_brand?post=12957"},{"taxonomy":"product_cat","embeddable":true,"href":"https:\/\/www.ocshop.ch\/fr\/wp-json\/wp\/v2\/product_cat?post=12957"},{"taxonomy":"product_tag","embeddable":true,"href":"https:\/\/www.ocshop.ch\/fr\/wp-json\/wp\/v2\/product_tag?post=12957"}],"curies":[{"name":"wp","href":"https:\/\/api.w.org\/{rel}","templated":true}]}}