{"id":12954,"date":"2024-12-29T20:49:18","date_gmt":"2024-12-29T18:49:18","guid":{"rendered":"https:\/\/www.ocshop.ch\/produkt\/porte-empreinte-doseur-pour-materiau-dempreinte-oto-soft-it\/"},"modified":"2025-01-07T14:29:05","modified_gmt":"2025-01-07T12:29:05","slug":"porte-empreinte-doseur-pour-materiau-dempreinte-oto-soft-it","status":"publish","type":"product","link":"https:\/\/www.ocshop.ch\/fr\/produkt\/porte-empreinte-doseur-pour-materiau-dempreinte-oto-soft-it\/","title":{"rendered":"Porte-empreinte doseur pour mat\u00e9riau d&#8217;empreinte oto-soft\u00ae IT"},"content":{"rendered":"\n<h2 class=\"wp-block-heading\" id=\"h-features\">Caract\u00e9ristiques<\/h2>\n\n<p>Mat\u00e9riau : plastique<\/p>\n\n<p>Couleur : bleu et blanc<\/p>\n","protected":false},"excerpt":{"rendered":"<p>Pour un dosage toujours correct du mat\u00e9riau d&#8217;empreinte <sup>oto-soft\u00ae<\/sup> bachmaier soft IT. La quantit\u00e9 de dosage est con\u00e7ue pour le volume de remplissage standard de la seringue \u00e0 double piston. Convient \u00e9galement pour les silicones A d&rsquo;autres fabricants.  <\/p>\n<p>IMPORTANT : utiliser une cuill\u00e8re diff\u00e9rente pour chaque composant. Les r\u00e9sidus sur la cuill\u00e8re peuvent entra\u00eener un durcissement non souhait\u00e9 du mat\u00e9riau. <\/p>\n","protected":false},"featured_media":12753,"template":"","meta":[],"product_brand":[],"product_cat":[467],"product_tag":[],"class_list":{"0":"post-12954","1":"product","2":"type-product","3":"status-publish","4":"has-post-thumbnail","6":"product_cat-atelier-empreintes","7":"tm-no-options","9":"first","10":"instock","11":"taxable","12":"shipping-taxable","13":"product-type-simple"},"_links":{"self":[{"href":"https:\/\/www.ocshop.ch\/fr\/wp-json\/wp\/v2\/product\/12954","targetHints":{"allow":["GET"]}}],"collection":[{"href":"https:\/\/www.ocshop.ch\/fr\/wp-json\/wp\/v2\/product"}],"about":[{"href":"https:\/\/www.ocshop.ch\/fr\/wp-json\/wp\/v2\/types\/product"}],"wp:featuredmedia":[{"embeddable":true,"href":"https:\/\/www.ocshop.ch\/fr\/wp-json\/wp\/v2\/media\/12753"}],"wp:attachment":[{"href":"https:\/\/www.ocshop.ch\/fr\/wp-json\/wp\/v2\/media?parent=12954"}],"wp:term":[{"taxonomy":"product_brand","embeddable":true,"href":"https:\/\/www.ocshop.ch\/fr\/wp-json\/wp\/v2\/product_brand?post=12954"},{"taxonomy":"product_cat","embeddable":true,"href":"https:\/\/www.ocshop.ch\/fr\/wp-json\/wp\/v2\/product_cat?post=12954"},{"taxonomy":"product_tag","embeddable":true,"href":"https:\/\/www.ocshop.ch\/fr\/wp-json\/wp\/v2\/product_tag?post=12954"}],"curies":[{"name":"wp","href":"https:\/\/api.w.org\/{rel}","templated":true}]}}