{"id":12953,"date":"2024-12-30T02:01:17","date_gmt":"2024-12-30T00:01:17","guid":{"rendered":"https:\/\/www.ocshop.ch\/produkt\/oto-fresh-garnitures-secs\/"},"modified":"2025-01-07T14:29:10","modified_gmt":"2025-01-07T12:29:10","slug":"oto-fresh-garnitures-secs","status":"publish","type":"product","link":"https:\/\/www.ocshop.ch\/fr\/produkt\/oto-fresh-garnitures-secs\/","title":{"rendered":"oto-fresh\u00ae GARNITURES SECS"},"content":{"rendered":"\n<p>Prot\u00e8ge tes appareils auditifs avec les capsules s\u00e8ches oto-fresh\u00ae. Ces capsules sp\u00e9cialement con\u00e7ues offrent une solution fiable pour prot\u00e9ger les appareils auditifs et les embouts de l&rsquo;humidit\u00e9, de la transpiration et de la condensation pendant la nuit. L&rsquo;utilisation des capsules s\u00e8ches oto-fresh\u00ae contribue consid\u00e9rablement \u00e0 prolonger la dur\u00e9e de vie de tes appareils auditifs. Les capsules contiennent un gel de silice tr\u00e8s efficace qui absorbe efficacement l&rsquo;humidit\u00e9 et garantit ainsi un s\u00e9chage parfait. Un indicateur int\u00e9gr\u00e9 change de couleur, passant de l&rsquo;orange \u00e0 une nuance plus p\u00e2le, pour indiquer quand la capsule doit \u00eatre renouvel\u00e9e. Ainsi, tu as toujours la certitude que tes appareils auditifs sont prot\u00e9g\u00e9s de mani\u00e8re optimale. L&rsquo;utilisation est simple : place les capsules s\u00e8ches avec tes appareils auditifs pendant la nuit. La protection contre l&rsquo;humidit\u00e9 fonctionne pendant que tu dors. Chaque paquet contient quatre capsules s\u00e8ches qui absorbent efficacement l&rsquo;humidit\u00e9 pendant une longue p\u00e9riode. Le paquet contient 4 capsules.         <\/p>\n\n<div style=\"height:20px\" aria-hidden=\"true\" class=\"wp-block-spacer\"><\/div>\n\n<h2 class=\"wp-block-heading\" id=\"h-features\">Caract\u00e9ristiques<\/h2>\n\n<p>Couleur des capsules : orange<\/p>\n\n<p>Contenu de la livraison : 4 pi\u00e8ces de capsules s\u00e8ches (emball\u00e9es individuellement) dans un carton fin<\/p>\n\n<p>Pour les grosses commandes : nombre de pi\u00e8ces par carton d&#8217;emballage : 24 paquets<\/p>\n","protected":false},"excerpt":{"rendered":"<p>Prot\u00e8ge tes appareils auditifs avec les capsules s\u00e8ches oto-fresh\u00ae. Ces capsules sp\u00e9cialement con\u00e7ues offrent une solution fiable pour prot\u00e9ger les appareils auditifs et les embouts de l&rsquo;humidit\u00e9, de la transpiration et de la condensation pendant la nuit. L&rsquo;utilisation des capsules s\u00e8ches oto-fresh\u00ae contribue consid\u00e9rablement \u00e0 prolonger la dur\u00e9e de vie de tes appareils auditifs.  <\/p>\n","protected":false},"featured_media":12813,"template":"","meta":[],"product_brand":[],"product_cat":[493,491],"product_tag":[],"class_list":{"0":"post-12953","1":"product","2":"type-product","3":"status-publish","4":"has-post-thumbnail","6":"product_cat-accessoires-pour-embouts-auriculaires","7":"product_cat-nettoyage-et-entretien","8":"tm-no-options","10":"first","11":"instock","12":"taxable","13":"shipping-taxable","14":"product-type-simple"},"_links":{"self":[{"href":"https:\/\/www.ocshop.ch\/fr\/wp-json\/wp\/v2\/product\/12953","targetHints":{"allow":["GET"]}}],"collection":[{"href":"https:\/\/www.ocshop.ch\/fr\/wp-json\/wp\/v2\/product"}],"about":[{"href":"https:\/\/www.ocshop.ch\/fr\/wp-json\/wp\/v2\/types\/product"}],"wp:featuredmedia":[{"embeddable":true,"href":"https:\/\/www.ocshop.ch\/fr\/wp-json\/wp\/v2\/media\/12813"}],"wp:attachment":[{"href":"https:\/\/www.ocshop.ch\/fr\/wp-json\/wp\/v2\/media?parent=12953"}],"wp:term":[{"taxonomy":"product_brand","embeddable":true,"href":"https:\/\/www.ocshop.ch\/fr\/wp-json\/wp\/v2\/product_brand?post=12953"},{"taxonomy":"product_cat","embeddable":true,"href":"https:\/\/www.ocshop.ch\/fr\/wp-json\/wp\/v2\/product_cat?post=12953"},{"taxonomy":"product_tag","embeddable":true,"href":"https:\/\/www.ocshop.ch\/fr\/wp-json\/wp\/v2\/product_tag?post=12953"}],"curies":[{"name":"wp","href":"https:\/\/api.w.org\/{rel}","templated":true}]}}