{"id":12951,"date":"2024-12-30T01:48:54","date_gmt":"2024-12-29T23:48:54","guid":{"rendered":"https:\/\/www.ocshop.ch\/produkt\/oto-fresh-boite-de-sechage\/"},"modified":"2025-01-07T14:29:10","modified_gmt":"2025-01-07T12:29:10","slug":"oto-fresh-boite-de-sechage","status":"publish","type":"product","link":"https:\/\/www.ocshop.ch\/fr\/produkt\/oto-fresh-boite-de-sechage\/","title":{"rendered":"oto-fresh\u00ae BOITE DE SECHAGE"},"content":{"rendered":"\n<p>Bo\u00eete de s\u00e9chage avec lumi\u00e8re UV-C \u00e0 360\u00b0 pour nettoyer et entretenir tous les types d&rsquo;aides auditives. La bo\u00eete de s\u00e9chage oto-fresh\u00ae TROCKENBOX s\u00e8che et d\u00e9sinfecte les syst\u00e8mes contour d&rsquo;oreille, les appareils auditifs intra-auriculaires et les \u00e9couteurs intra-auriculaires de mani\u00e8re fiable et en douceur. Le nettoyage combine la d\u00e9shumidification par air chaud (avec un proc\u00e9d\u00e9 brevet\u00e9 d&rsquo;air puls\u00e9, temp\u00e9rature \u00e0 45\u00b0C) et la d\u00e9sinfection avec une lumi\u00e8re UV-C \u00e0 360\u00b0. La lampe UV-C \u00e0 courte longueur d&rsquo;onde atteint toute la surface du produit gr\u00e2ce \u00e0 sa disposition en anneau. Il suffit de le brancher, de l&rsquo;allumer et c&rsquo;est parti. L&rsquo;appareil est conforme aux exigences de la directive 93\/42\/CEE relative aux dispositifs m\u00e9dicaux.     <\/p>\n\n<div style=\"height:20px\" aria-hidden=\"true\" class=\"wp-block-spacer\"><\/div>\n\n<h2 class=\"wp-block-heading\" id=\"h-features\">Caract\u00e9ristiques<\/h2>\n\n<p>Lampe UV-C \u00e0 360<\/p>\n\n<p>Syst\u00e8me de d\u00e9shumidification gr\u00e2ce au proc\u00e9d\u00e9 brevet\u00e9 d&rsquo;air puls\u00e9<\/p>\n\n<p>S\u00e9chage rapide (30min)<\/p>\n\n<p>Faible consommation d&rsquo;\u00e9nergie<\/p>\n\n<p>Design compact (93x48x76 mm ext\u00e9rieur)<\/p>\n\n<p>3 ans de garantie<\/p>\n\n<p>Contenu de la livraison : oto-fresh\u00ae TROCKENBOX avec c\u00e2ble USB et fiche d&rsquo;alimentation<\/p>\n","protected":false},"excerpt":{"rendered":"<p>Bo\u00eete de s\u00e9chage avec lumi\u00e8re UV-C \u00e0 360\u00b0 pour nettoyer et entretenir tous les types d&rsquo;aides auditives. La bo\u00eete de s\u00e9chage oto-fresh\u00ae TROCKENBOX s\u00e8che et d\u00e9sinfecte les syst\u00e8mes contour d&rsquo;oreille, les appareils auditifs intra-auriculaires et les \u00e9couteurs intra-auriculaires de mani\u00e8re fiable et en douceur. <\/p>\n","protected":false},"featured_media":12809,"template":"","meta":[],"product_brand":[],"product_cat":[493,491],"product_tag":[],"class_list":{"0":"post-12951","1":"product","2":"type-product","3":"status-publish","4":"has-post-thumbnail","6":"product_cat-accessoires-pour-embouts-auriculaires","7":"product_cat-nettoyage-et-entretien","8":"tm-no-options","10":"first","11":"instock","12":"taxable","13":"shipping-taxable","14":"product-type-simple"},"_links":{"self":[{"href":"https:\/\/www.ocshop.ch\/fr\/wp-json\/wp\/v2\/product\/12951","targetHints":{"allow":["GET"]}}],"collection":[{"href":"https:\/\/www.ocshop.ch\/fr\/wp-json\/wp\/v2\/product"}],"about":[{"href":"https:\/\/www.ocshop.ch\/fr\/wp-json\/wp\/v2\/types\/product"}],"wp:featuredmedia":[{"embeddable":true,"href":"https:\/\/www.ocshop.ch\/fr\/wp-json\/wp\/v2\/media\/12809"}],"wp:attachment":[{"href":"https:\/\/www.ocshop.ch\/fr\/wp-json\/wp\/v2\/media?parent=12951"}],"wp:term":[{"taxonomy":"product_brand","embeddable":true,"href":"https:\/\/www.ocshop.ch\/fr\/wp-json\/wp\/v2\/product_brand?post=12951"},{"taxonomy":"product_cat","embeddable":true,"href":"https:\/\/www.ocshop.ch\/fr\/wp-json\/wp\/v2\/product_cat?post=12951"},{"taxonomy":"product_tag","embeddable":true,"href":"https:\/\/www.ocshop.ch\/fr\/wp-json\/wp\/v2\/product_tag?post=12951"}],"curies":[{"name":"wp","href":"https:\/\/api.w.org\/{rel}","templated":true}]}}