{"id":12948,"date":"2024-12-29T21:51:28","date_gmt":"2024-12-29T19:51:28","guid":{"rendered":"https:\/\/www.ocshop.ch\/produkt\/oto-soft-materiau-dempreinte\/"},"modified":"2025-01-07T14:29:06","modified_gmt":"2025-01-07T12:29:06","slug":"oto-soft-materiau-dempreinte","status":"publish","type":"product","link":"https:\/\/www.ocshop.ch\/fr\/produkt\/oto-soft-materiau-dempreinte\/","title":{"rendered":"oto-soft\u00ae Mat\u00e9riau d&#8217;empreinte"},"content":{"rendered":"\n<p>Le mat\u00e9riau d&#8217;empreinte oto-Soft\u00ae est le premier choix pour les moulages d&rsquo;oreilles. Il se caract\u00e9rise par un temps de durcissement rapide de seulement 2 \u00e0 3 minutes et s&rsquo;adapte parfaitement aux besoins de l&rsquo;otoplastique moderne, de la fabrication de protections auditives et du monitoring intra-auriculaire. Gr\u00e2ce \u00e0 son excellente \u00ab\u00a0Speed-Masse\u00a0\u00bb, il est id\u00e9al pour tous les domaines d&rsquo;utilisation. La masse de moulage oto-Soft\u00ae offre des bords absolument nets et des propri\u00e9t\u00e9s d&rsquo;\u00e9coulement parfaites, sans d\u00e9border de l&rsquo;oreille. Elle garantit une image pr\u00e9cise de l&rsquo;oreille et du conduit auditif, ce qui pose les bases d&rsquo;un ajustement parfait et d&rsquo;un grand confort. Le syst\u00e8me de cartouche innovant permet un dosage pr\u00e9cis des deux composants, ce qui favorise une m\u00e9thode de travail propre et en m\u00eame temps rentable. Les domaines d&rsquo;application sont l&#8217;empreinte de l&rsquo;oreille en audioproth\u00e8se pour les appareils CIC, IO et contour d&rsquo;oreille (\u00e9couteurs Ex et Slimtube), la fabrication de protections auditives individuelles, l&rsquo;audiologie p\u00e9diatrique et l&#8217;empreinte pour les moniteurs intra-auriculaires.      <\/p>\n\n<div style=\"height:20px\" aria-hidden=\"true\" class=\"wp-block-spacer\"><\/div>\n\n<h2 class=\"wp-block-heading\" id=\"h-features\">Caract\u00e9ristiques<\/h2>\n\n<p>pour syst\u00e8me de cartouche standard S48 (logement de cartouche carr\u00e9)<\/p>\n\n<p>Compatible avec les syst\u00e8mes d&rsquo;injecteurs DMA 50<\/p>\n\n<p>Masse d&#8217;empreinte en silicone avec une fluidit\u00e9 particuli\u00e8rement bonne et<\/p>\n\n<p>grande stabilit\u00e9 apr\u00e8s la prise d&#8217;empreinte.<\/p>\n\n<p>Couleur mati\u00e8re premi\u00e8re : blanc et bleu<\/p>\n\n<p>Couleur de l&#8217;empreinte : bleu<\/p>\n\n<p>Viscosit\u00e9 : environ 140 000 mPa.s<\/p>\n\n<p>Temps de prise : en fonction de la temp\u00e9rature apr\u00e8s 2 &#8211; 3 min.<\/p>\n\n<p>Duret\u00e9 finale apr\u00e8s 1 h : environ 35 shore A<\/p>\n\n<p>pour les conduits auditifs de petit, moyen et grand volume<\/p>\n\n<p>Contenu 8 cartouches de 50 ml &#8211; donne environ 40 empreintes, 10 feuilles de protection pour l&#8217;empreinte<\/p>\n","protected":false},"excerpt":{"rendered":"<p>Le mat\u00e9riau d&#8217;empreinte oto-Soft\u00ae est le premier choix pour les moulages d&rsquo;oreilles. Il se caract\u00e9rise par un temps de durcissement rapide de seulement 2 \u00e0 3 minutes et s&rsquo;adapte parfaitement aux besoins de l&rsquo;otoplastie moderne, de la fabrication de protections auditives et du monitoring intra-auriculaire. Gr\u00e2ce \u00e0 son excellente \u00ab\u00a0Speed-Masse\u00a0\u00bb, il est id\u00e9al pour tous les domaines d&rsquo;utilisation.  <\/p>\n","protected":false},"featured_media":12793,"template":"","meta":[],"product_brand":[],"product_cat":[467],"product_tag":[],"class_list":{"0":"post-12948","1":"product","2":"type-product","3":"status-publish","4":"has-post-thumbnail","6":"product_cat-atelier-empreintes","7":"tm-no-options","9":"first","10":"instock","11":"taxable","12":"shipping-taxable","13":"product-type-simple"},"_links":{"self":[{"href":"https:\/\/www.ocshop.ch\/fr\/wp-json\/wp\/v2\/product\/12948","targetHints":{"allow":["GET"]}}],"collection":[{"href":"https:\/\/www.ocshop.ch\/fr\/wp-json\/wp\/v2\/product"}],"about":[{"href":"https:\/\/www.ocshop.ch\/fr\/wp-json\/wp\/v2\/types\/product"}],"wp:featuredmedia":[{"embeddable":true,"href":"https:\/\/www.ocshop.ch\/fr\/wp-json\/wp\/v2\/media\/12793"}],"wp:attachment":[{"href":"https:\/\/www.ocshop.ch\/fr\/wp-json\/wp\/v2\/media?parent=12948"}],"wp:term":[{"taxonomy":"product_brand","embeddable":true,"href":"https:\/\/www.ocshop.ch\/fr\/wp-json\/wp\/v2\/product_brand?post=12948"},{"taxonomy":"product_cat","embeddable":true,"href":"https:\/\/www.ocshop.ch\/fr\/wp-json\/wp\/v2\/product_cat?post=12948"},{"taxonomy":"product_tag","embeddable":true,"href":"https:\/\/www.ocshop.ch\/fr\/wp-json\/wp\/v2\/product_tag?post=12948"}],"curies":[{"name":"wp","href":"https:\/\/api.w.org\/{rel}","templated":true}]}}