{"id":12947,"date":"2024-12-30T01:23:26","date_gmt":"2024-12-29T23:23:26","guid":{"rendered":"https:\/\/www.ocshop.ch\/produkt\/oto-fresh-creme\/"},"modified":"2025-01-07T14:29:13","modified_gmt":"2025-01-07T12:29:13","slug":"oto-fresh-creme","status":"publish","type":"product","link":"https:\/\/www.ocshop.ch\/fr\/produkt\/oto-fresh-creme\/","title":{"rendered":"oto-fresh\u00ae CREME"},"content":{"rendered":"\n<p>La cr\u00e8me oto-fresh\u00ae avec de pr\u00e9cieux extraits de Boswellia Serrata (encens indien) prot\u00e8ge la peau sollicit\u00e9e, s\u00e8che et irrit\u00e9e. Cette cr\u00e8me bienfaisante et agr\u00e9ablement apaisante a \u00e9t\u00e9 sp\u00e9cialement con\u00e7ue pour la peau sensible de la zone des oreilles. Elle facilite l&rsquo;insertion et le retrait des embouts auriculaires et garantit une meilleure tol\u00e9rance. L&rsquo;encens est une r\u00e9sine aromatique obtenue \u00e0 partir de l&rsquo;arbre Boswellia. Ce rem\u00e8de naturel apaise les inflammations et r\u00e9duit les \u00e9ryth\u00e8mes provoqu\u00e9s par les irritations de la peau. La formule douce pr\u00e9vient les irritations cutan\u00e9es, r\u00e9\u00e9quilibre la peau irrit\u00e9e et la soigne en douceur. La cr\u00e8me s&rsquo;\u00e9tale facilement, p\u00e9n\u00e8tre rapidement et laisse une sensation agr\u00e9able sur la peau ainsi qu&rsquo;un parfum naturel et frais. \u00c0 partir de 20 pi\u00e8ces, tu re\u00e7ois gratuitement un pr\u00e9sentoir de vente oto-fresh\u00ae.       <\/p>\n\n<div style=\"height:20px\" aria-hidden=\"true\" class=\"wp-block-spacer\"><\/div>\n\n<h2 class=\"wp-block-heading\" id=\"h-features\">Caract\u00e9ristiques<\/h2>\n\n<p>Ingr\u00e9dients : Eau, PPG-15 st\u00e9aryl \u00e9ther, glyc\u00e9rine, st\u00e9areth-2, st\u00e9areth-21, isopropylmyristate, acide st\u00e9arique, cera alba (cire d&rsquo;abeille), PEG\/PPG-18\/18 dim\u00e9thicone, ph\u00e9noxy\u00e9thanol, dipropyl\u00e8ne glicol, parfum, tri\u00e9thanolamine, acrylates, polym\u00e8re crois\u00e9 d&rsquo;alkyles en C10-30 et d&rsquo;esters acryliques, \u00e9thylhexyl glyc\u00e9rine, Boswellia serrata gum<\/p>\n\n<p>Couleur : laiteuse<\/p>\n\n<p>Contenu : 5 ml<\/p>\n","protected":false},"excerpt":{"rendered":"<p>La cr\u00e8me oto-fresh\u00ae avec de pr\u00e9cieux extraits de Boswellia Serrata (encens indien) prot\u00e8ge la peau sollicit\u00e9e, s\u00e8che et irrit\u00e9e. Cette cr\u00e8me bienfaisante et agr\u00e9ablement apaisante a \u00e9t\u00e9 sp\u00e9cialement con\u00e7ue pour la peau sensible de la zone des oreilles. Elle facilite l&rsquo;insertion et le retrait des embouts auriculaires et garantit une meilleure tol\u00e9rance.  <\/p>\n","protected":false},"featured_media":12805,"template":"","meta":[],"product_brand":[],"product_cat":[493,491],"product_tag":[],"class_list":{"0":"post-12947","1":"product","2":"type-product","3":"status-publish","4":"has-post-thumbnail","6":"product_cat-accessoires-pour-embouts-auriculaires","7":"product_cat-nettoyage-et-entretien","8":"tm-no-options","10":"first","11":"instock","12":"taxable","13":"shipping-taxable","14":"product-type-simple"},"_links":{"self":[{"href":"https:\/\/www.ocshop.ch\/fr\/wp-json\/wp\/v2\/product\/12947","targetHints":{"allow":["GET"]}}],"collection":[{"href":"https:\/\/www.ocshop.ch\/fr\/wp-json\/wp\/v2\/product"}],"about":[{"href":"https:\/\/www.ocshop.ch\/fr\/wp-json\/wp\/v2\/types\/product"}],"wp:featuredmedia":[{"embeddable":true,"href":"https:\/\/www.ocshop.ch\/fr\/wp-json\/wp\/v2\/media\/12805"}],"wp:attachment":[{"href":"https:\/\/www.ocshop.ch\/fr\/wp-json\/wp\/v2\/media?parent=12947"}],"wp:term":[{"taxonomy":"product_brand","embeddable":true,"href":"https:\/\/www.ocshop.ch\/fr\/wp-json\/wp\/v2\/product_brand?post=12947"},{"taxonomy":"product_cat","embeddable":true,"href":"https:\/\/www.ocshop.ch\/fr\/wp-json\/wp\/v2\/product_cat?post=12947"},{"taxonomy":"product_tag","embeddable":true,"href":"https:\/\/www.ocshop.ch\/fr\/wp-json\/wp\/v2\/product_tag?post=12947"}],"curies":[{"name":"wp","href":"https:\/\/api.w.org\/{rel}","templated":true}]}}