{"id":12942,"date":"2024-12-30T00:20:49","date_gmt":"2024-12-29T22:20:49","guid":{"rendered":"https:\/\/www.ocshop.ch\/produkt\/materiau-dempreinte-oto-soft-bachmaier-soft-it\/"},"modified":"2025-01-07T14:29:33","modified_gmt":"2025-01-07T12:29:33","slug":"materiau-dempreinte-oto-soft-bachmaier-soft-it","status":"publish","type":"product","link":"https:\/\/www.ocshop.ch\/fr\/produkt\/materiau-dempreinte-oto-soft-bachmaier-soft-it\/","title":{"rendered":"Mat\u00e9riau d&#8217;empreinte oto-soft\u00ae bachmaier soft IT"},"content":{"rendered":"\n<p>Le mat\u00e9riau d&#8217;empreinte \u00e0 m\u00e9langer dans un rapport de 1:1 pour l&rsquo;utilisation dans la seringue \u00e0 empreinte <sup>oto-soft\u00ae<\/sup> (syst\u00e8me \u00e0 double piston). Super doux et agr\u00e9able pour le client &#8211; parfait pour un traitement ult\u00e9rieur. <\/p>\n\n<div style=\"height:20px\" aria-hidden=\"true\" class=\"wp-block-spacer\"><\/div>\n\n<p>Accessoires disponibles s\u00e9par\u00e9ment :<\/p>\n\n<p>Spatule de m\u00e9lange &#8211; acier inoxydable Art. No. 2023<\/p>\n\n<p>Seringue \u00e0 mouler (double piston) gris Art. Art. n\u00b0 2017 | bleu Art. N\u00b0 de commande 2047<\/p>\n\n<p>Cuill\u00e8re de dosage Art. No. 2025<\/p>\n\n<p>Plaque de m\u00e9lange &#8211; verre Art. No. 2022<\/p>\n\n<div style=\"height:20px\" aria-hidden=\"true\" class=\"wp-block-spacer\"><\/div>\n\n<h2 class=\"wp-block-heading\" id=\"h-features\">Caract\u00e9ristiques<\/h2>\n\n<p>couleur : bleu\/blanc<\/p>\n\n<p>silicone A malaxable 1:1<\/p>\n\n<p>consistance de d\u00e9part plus ferme que celle du mat\u00e9riau de la cartouche oto-soft\u00ae.<\/p>\n\n<p>excellente nettet\u00e9 du profil<\/p>\n\n<p>ind\u00e9formable<\/p>\n\n<p>facile \u00e0 retirer<\/p>\n\n<p>r\u00e9ticulant par addition avec une duret\u00e9 finale d&rsquo;environ 30 shore A<\/p>\n","protected":false},"excerpt":{"rendered":"<p>Le mat\u00e9riau d&#8217;empreinte \u00e0 m\u00e9langer dans un rapport de 1:1 pour l&rsquo;utilisation dans la seringue \u00e0 empreinte <sup>oto-soft\u00ae<\/sup> (syst\u00e8me \u00e0 double piston). Super doux et agr\u00e9able pour le client &#8211; parfait pour un traitement ult\u00e9rieur. <\/p>\n","protected":false},"featured_media":12797,"template":"","meta":[],"product_brand":[],"product_cat":[467],"product_tag":[],"class_list":{"0":"post-12942","1":"product","2":"type-product","3":"status-publish","4":"has-post-thumbnail","6":"product_cat-atelier-empreintes","7":"tm-no-options","9":"first","10":"instock","11":"taxable","12":"shipping-taxable","13":"product-type-simple"},"_links":{"self":[{"href":"https:\/\/www.ocshop.ch\/fr\/wp-json\/wp\/v2\/product\/12942","targetHints":{"allow":["GET"]}}],"collection":[{"href":"https:\/\/www.ocshop.ch\/fr\/wp-json\/wp\/v2\/product"}],"about":[{"href":"https:\/\/www.ocshop.ch\/fr\/wp-json\/wp\/v2\/types\/product"}],"wp:featuredmedia":[{"embeddable":true,"href":"https:\/\/www.ocshop.ch\/fr\/wp-json\/wp\/v2\/media\/12797"}],"wp:attachment":[{"href":"https:\/\/www.ocshop.ch\/fr\/wp-json\/wp\/v2\/media?parent=12942"}],"wp:term":[{"taxonomy":"product_brand","embeddable":true,"href":"https:\/\/www.ocshop.ch\/fr\/wp-json\/wp\/v2\/product_brand?post=12942"},{"taxonomy":"product_cat","embeddable":true,"href":"https:\/\/www.ocshop.ch\/fr\/wp-json\/wp\/v2\/product_cat?post=12942"},{"taxonomy":"product_tag","embeddable":true,"href":"https:\/\/www.ocshop.ch\/fr\/wp-json\/wp\/v2\/product_tag?post=12942"}],"curies":[{"name":"wp","href":"https:\/\/api.w.org\/{rel}","templated":true}]}}