{"id":12940,"date":"2024-12-30T04:16:09","date_gmt":"2024-12-30T02:16:09","guid":{"rendered":"https:\/\/www.ocshop.ch\/produkt\/oto-fresh-brosse-a-cerumen\/"},"modified":"2026-03-20T12:34:41","modified_gmt":"2026-03-20T10:34:41","slug":"oto-fresh-brosse-a-cerumen","status":"publish","type":"product","link":"https:\/\/www.ocshop.ch\/fr\/produkt\/oto-fresh-brosse-a-cerumen\/","title":{"rendered":"oto-fresh\u00ae Brosse \u00e0 c\u00e9rumen"},"content":{"rendered":"&#13;\n<p>La BROSSE \u00c0 CERUMES oto-fresh\u00ae est un outil d&rsquo;entretien innivant 3 en 1 pour tes produits auditifs. Cette brosse \u00e0 c\u00e9rumen est l&rsquo;accessoire parfait pour entretenir et pr\u00e9server au mieux tes aides auditives. La boucle permet d&rsquo;\u00e9liminer le c\u00e9rumen efficacement et en toute s\u00e9curit\u00e9. Ensuite, l&#8217;embout peut \u00eatre nettoy\u00e9 en profondeur et en douceur avec la brosse int\u00e9gr\u00e9e. Un aimant int\u00e9gr\u00e9 \u00e0 la brosse facilite le changement de pile de l&rsquo;appareil auditif. Le design compact fait de la BROSSE \u00c0 CERUMES oto-fresh\u00ae un compagnon indispensable au quotidien et en voyage.     <\/p>&#13;\n\r\n<div class=\"wp-block-spacer\" style=\"height: 20px;\" aria-hidden=\"true\">\u00a0<\/div>\r\n&#13;\n<h2 id=\"h-features\" class=\"wp-block-heading\">Caract\u00e9ristiques<\/h2>&#13;\n&#13;\n<p>Mat\u00e9riau : poign\u00e9e en plastique avec boucle m\u00e9tallique et aimant<\/p>&#13;\n&#13;\n<p>couleur : noir<\/p>&#13;\n&#13;\n<p>Longueur : 4,5 cm (boucle de 0,4 cm)<\/p>&#13;\n","protected":false},"excerpt":{"rendered":"<p>La BROSSE \u00c0 CERUMES oto-fresh\u00ae est un outil d&rsquo;entretien innivant 3 en 1 pour tes produits auditifs. Cette brosse \u00e0 c\u00e9rumen est l&rsquo;accessoire parfait pour entretenir et pr\u00e9server au mieux tes aides auditives. La boucle permet d&rsquo;\u00e9liminer le c\u00e9rumen efficacement et en toute s\u00e9curit\u00e9.  <\/p>\n","protected":false},"featured_media":12858,"template":"","meta":[],"product_brand":[],"product_cat":[493,467,491],"product_tag":[1390,1381,1383,1391,1392,1382,1388,1386,1397,1385,1394,1393,1387,1398,1384,1389,1396,1400,1395,1399],"class_list":{"0":"post-12940","1":"product","2":"type-product","3":"status-publish","4":"has-post-thumbnail","6":"product_cat-accessoires-pour-embouts-auriculaires","7":"product_cat-atelier-empreintes","8":"product_cat-nettoyage-et-entretien","9":"product_tag-accessoire-dentretien-brosse-pour-aides-auditives","10":"product_tag-brosse-a-cerumen-pour-aides-auditives","11":"product_tag-brosse-de-nettoyage-daudioprothese-pour-embouts","12":"product_tag-brosse-de-nettoyage-pour-aides-auditives-contour-doreille","13":"product_tag-brosse-de-nettoyage-pour-aides-auditives-intra-auriculaires","14":"product_tag-brosse-de-nettoyage-pour-aides-auditives-retrait-de-cerumen","15":"product_tag-brosse-de-nettoyage-pour-canal-devent-dembout","16":"product_tag-brosse-de-nettoyage-professionnelle-pour-systemes-auditifs","17":"product_tag-brosse-dentretien-hygienique-pour-embouts-auriculaires","18":"product_tag-brosse-dentretien-pour-aides-auditives-avec-boucle","19":"product_tag-curette-a-cerumen-pour-nettoyage-daides-auditives","20":"product_tag-outil-daudioprothese-brosse-de-nettoyage","21":"product_tag-outil-de-maintenance-brosse-pour-aides-auditives","22":"product_tag-outil-de-precision-pour-nettoyage-daides-auditives","23":"product_tag-outil-de-retrait-de-cerumen-pour-aides-auditives","24":"product_tag-outil-de-retrait-de-cerumen-pour-appareil-intra-auriculaire","25":"product_tag-outil-dentretien-3-en-1-pour-aides-auditives","26":"product_tag-outil-dentretien-quotidien-pour-aides-auditives","27":"product_tag-outil-magnetique-pour-changement-de-pile-daide-auditive","28":"product_tag-retrait-de-cerumen-securise-pour-embouts-auriculaires","29":"tm-no-options","31":"first","32":"instock","33":"taxable","34":"shipping-taxable","35":"product-type-simple"},"_links":{"self":[{"href":"https:\/\/www.ocshop.ch\/fr\/wp-json\/wp\/v2\/product\/12940","targetHints":{"allow":["GET"]}}],"collection":[{"href":"https:\/\/www.ocshop.ch\/fr\/wp-json\/wp\/v2\/product"}],"about":[{"href":"https:\/\/www.ocshop.ch\/fr\/wp-json\/wp\/v2\/types\/product"}],"wp:featuredmedia":[{"embeddable":true,"href":"https:\/\/www.ocshop.ch\/fr\/wp-json\/wp\/v2\/media\/12858"}],"wp:attachment":[{"href":"https:\/\/www.ocshop.ch\/fr\/wp-json\/wp\/v2\/media?parent=12940"}],"wp:term":[{"taxonomy":"product_brand","embeddable":true,"href":"https:\/\/www.ocshop.ch\/fr\/wp-json\/wp\/v2\/product_brand?post=12940"},{"taxonomy":"product_cat","embeddable":true,"href":"https:\/\/www.ocshop.ch\/fr\/wp-json\/wp\/v2\/product_cat?post=12940"},{"taxonomy":"product_tag","embeddable":true,"href":"https:\/\/www.ocshop.ch\/fr\/wp-json\/wp\/v2\/product_tag?post=12940"}],"curies":[{"name":"wp","href":"https:\/\/api.w.org\/{rel}","templated":true}]}}