{"id":12939,"date":"2024-12-30T03:03:57","date_gmt":"2024-12-30T01:03:57","guid":{"rendered":"https:\/\/www.ocshop.ch\/produkt\/oto-fresh-lingettes-nettoyantes-en-distributeur-grand-format\/"},"modified":"2026-03-20T10:39:36","modified_gmt":"2026-03-20T08:39:36","slug":"oto-fresh-lingettes-nettoyantes-en-distributeur-grand-format","status":"publish","type":"product","link":"https:\/\/www.ocshop.ch\/fr\/produkt\/oto-fresh-lingettes-nettoyantes-en-distributeur-grand-format\/","title":{"rendered":"oto-fresh\u00ae Lingettes nettoyantes en distributeur grand format"},"content":{"rendered":"&#13;\n<p>Les Lingettes Nettoyantes oto-fresh\u00ae en distributeur grand format &#8211; 100 pi\u00e8ces pour l&rsquo;entretien des aides auditives, des protections auditives et des syst\u00e8mes de surveillance intra-auriculaire. Les lingettes sont emball\u00e9es dans une bo\u00eete facile \u00e0 utiliser et refermable qui permet de les prendre facilement et de mani\u00e8re hygi\u00e9nique. Les LINGE DE NETTOYAGE oto-fresh\u00ae \u00e9liminent de mani\u00e8re fiable la salet\u00e9 et le c\u00e9rumen sans endommager le mat\u00e9riau des aides auditives. En plus du nettoyage, les lingettes contribuent \u00e9galement \u00e0 l&rsquo;entretien des appareils et aident \u00e0 prolonger la dur\u00e9e de vie de tes appareils. L&rsquo;utilisation est tr\u00e8s simple : il te suffit de prendre une lingette dans la bo\u00eete distributrice et de l&rsquo;utiliser pour nettoyer d\u00e9licatement la surface de ton appareil auditif. La formule \u00e0 s\u00e9chage rapide permet une application facile sans laisser de traces.     <\/p>&#13;\n\r\n<div class=\"wp-block-spacer\" style=\"height: 20px;\" aria-hidden=\"true\">\u00a0<\/div>\r\n&#13;\n<h2 id=\"h-features\" class=\"wp-block-heading\">Caract\u00e9ristiques<\/h2>&#13;\n&#13;\n<p>Taille de la toile : 150 x 130 mm<\/p>&#13;\n&#13;\n<p>Mat\u00e9riau du tissu : cr\u00eape<\/p>&#13;\n&#13;\n<p>Solution de trempage : 1,5g par lingette<\/p>&#13;\n&#13;\n<p>Contenu : bo\u00eete distributrice de 100 Lingettes nettoyantes oto-fresh\u00ae.<\/p>&#13;\n&#13;\n<p>Pour les grosses commandes : Nombre de pi\u00e8ces par carton d&#8217;emballage : 12 bo\u00eetes distributrices<\/p>&#13;\n","protected":false},"excerpt":{"rendered":"<p>Les Lingettes Nettoyantes oto-fresh\u00ae en distributeur grand format &#8211; 100 pi\u00e8ces pour l&rsquo;entretien des aides auditives, des protections auditives et des syst\u00e8mes de surveillance intra-auriculaire. Les lingettes sont emball\u00e9es dans une bo\u00eete facile \u00e0 utiliser et refermable qui permet de les prendre facilement et de mani\u00e8re hygi\u00e9nique. Les LINGE DE NETTOYAGE oto-fresh\u00ae \u00e9liminent de mani\u00e8re fiable les salissures et le c\u00e9rumen sans endommager le mat\u00e9riau des aides auditives.  <\/p>\n","protected":false},"featured_media":12833,"template":"","meta":[],"product_brand":[],"product_cat":[467,491],"product_tag":[1039,1031,1042,1033,1038,1045,1048,1035,1030,1044,1032,1047,1036,1037,1049,1046,1040,1043,1034,1041],"class_list":{"0":"post-12939","1":"product","2":"type-product","3":"status-publish","4":"has-post-thumbnail","6":"product_cat-atelier-empreintes","7":"product_cat-nettoyage-et-entretien","8":"product_tag-acheter-accessoires-hygiene-appareils-auditifs","9":"product_tag-acheter-lingettes-nettoyage-appareils-auditifs","10":"product_tag-entretien-appareils-auditifs-prolonger-duree-vie","11":"product_tag-entretien-appareils-auditifs-quotidien-hygienique","12":"product_tag-entretien-embout-auriculaire-lingettes-nettoyage","13":"product_tag-entretien-surface-appareils-auditifs-hygienique","14":"product_tag-kit-entretien-appareils-auditifs-composant-nettoyage","15":"product_tag-lingettes-appareils-auditifs-retirer-cerumen","16":"product_tag-lingettes-nettoyage-appareils-auditifs-professionnelles","17":"product_tag-lingettes-nettoyage-cabinet-audioprothese","18":"product_tag-lingettes-nettoyage-embout-auriculaire-retirer-cerumen","19":"product_tag-maintenance-appareils-auditifs-accessoires-nettoyage","20":"product_tag-nettoyage-appareils-auditifs-contours-hygienique","21":"product_tag-nettoyage-appareils-auditifs-intra-auriculaires-efficace","22":"product_tag-nettoyage-appareils-auditifs-solution-quotidienne","23":"product_tag-nettoyage-cerumen-embout-auriculaire-rapide","24":"product_tag-nettoyage-protections-auditives-lingettes-hygieniques","25":"product_tag-nettoyage-systemes-auditifs-application-simple","26":"product_tag-nettoyage-systemes-auditifs-rapide-et-doux","27":"product_tag-nettoyer-appareils-auditifs-sans-residus","28":"tm-no-options","30":"first","31":"instock","32":"taxable","33":"shipping-taxable","34":"product-type-simple"},"_links":{"self":[{"href":"https:\/\/www.ocshop.ch\/fr\/wp-json\/wp\/v2\/product\/12939","targetHints":{"allow":["GET"]}}],"collection":[{"href":"https:\/\/www.ocshop.ch\/fr\/wp-json\/wp\/v2\/product"}],"about":[{"href":"https:\/\/www.ocshop.ch\/fr\/wp-json\/wp\/v2\/types\/product"}],"wp:featuredmedia":[{"embeddable":true,"href":"https:\/\/www.ocshop.ch\/fr\/wp-json\/wp\/v2\/media\/12833"}],"wp:attachment":[{"href":"https:\/\/www.ocshop.ch\/fr\/wp-json\/wp\/v2\/media?parent=12939"}],"wp:term":[{"taxonomy":"product_brand","embeddable":true,"href":"https:\/\/www.ocshop.ch\/fr\/wp-json\/wp\/v2\/product_brand?post=12939"},{"taxonomy":"product_cat","embeddable":true,"href":"https:\/\/www.ocshop.ch\/fr\/wp-json\/wp\/v2\/product_cat?post=12939"},{"taxonomy":"product_tag","embeddable":true,"href":"https:\/\/www.ocshop.ch\/fr\/wp-json\/wp\/v2\/product_tag?post=12939"}],"curies":[{"name":"wp","href":"https:\/\/api.w.org\/{rel}","templated":true}]}}