{"id":12936,"date":"2024-12-30T02:33:37","date_gmt":"2024-12-30T00:33:37","guid":{"rendered":"https:\/\/www.ocshop.ch\/produkt\/oto-fresh-puster-de-canal-sonore\/"},"modified":"2025-01-07T14:24:01","modified_gmt":"2025-01-07T12:24:01","slug":"oto-fresh-puster-de-canal-sonore","status":"publish","type":"product","link":"https:\/\/www.ocshop.ch\/fr\/produkt\/oto-fresh-puster-de-canal-sonore\/","title":{"rendered":"oto-fresh\u00ae PUSTER DE CANAL SONORE"},"content":{"rendered":"\n<p>Le pusteur de conduit sonore sert \u00e0 \u00e9liminer efficacement les r\u00e9sidus de liquide. Cet outil \u00e9limine efficacement et en douceur les r\u00e9sidus de liquide du tube sonore et de l&#8217;embout de l&rsquo;aide auditive. Elimine de mani\u00e8re fiable les r\u00e9sidus de liquide du tube sonore et de l&rsquo;oreillette. Un s\u00e9chage optimal augmente la dur\u00e9e de vie des appareils auditifs et des embouts. Une utilisation r\u00e9guli\u00e8re prot\u00e8ge les composants \u00e9lectroniques sensibles de l&rsquo;humidit\u00e9, garantit une transmission sans interf\u00e9rences et pr\u00e9serve la qualit\u00e9 sonore des appareils auditifs. Id\u00e9al pour une utilisation r\u00e9guli\u00e8re \u00e0 la maison ou en d\u00e9placement.       <\/p>\n\n<div style=\"height:20px\" aria-hidden=\"true\" class=\"wp-block-spacer\"><\/div>\n\n<h2 class=\"wp-block-heading\" id=\"h-features\">Caract\u00e9ristiques<\/h2>\n\n<p>couleur : gris<\/p>\n\n<p>Taille : 93 x 42 mm<\/p>\n\n<p>avec pointe en plastique<\/p>\n\n<p>Pour les grosses commandes : nombre de pi\u00e8ces par carton d&#8217;emballage : 15 pi\u00e8ces<\/p>\n","protected":false},"excerpt":{"rendered":"<div class=\"product-details_description\">\n<div class=\"product-details_content\">\n<div class=\"product attribute description\">\n<div class=\"value\">\n<div data-content-type=\"row\" data-appearance=\"contained\" data-element=\"main\">\n<div data-background-images=\"{}\" data-video-fallback-src=\"\" data-element=\"inner\" data-pb-style=\"G6K06QL\">\n<div data-content-type=\"text\" data-appearance=\"default\" data-element=\"main\">\n<p>Le pusteur de conduit sonore sert \u00e0 \u00e9liminer efficacement les r\u00e9sidus de liquide. Cet outil \u00e9limine efficacement et en douceur les r\u00e9sidus de liquide du tube sonore et de l&#8217;embout de l&rsquo;aide auditive. Elimine de mani\u00e8re fiable les r\u00e9sidus de liquide du tube sonore et de l&#8217;embout.  <\/p>\n<\/div>\n<\/div>\n<\/div>\n<\/div>\n<\/div>\n<\/div>\n<\/div>\n","protected":false},"featured_media":12829,"template":"","meta":[],"product_brand":[],"product_cat":[493,467,491],"product_tag":[],"class_list":{"0":"post-12936","1":"product","2":"type-product","3":"status-publish","4":"has-post-thumbnail","6":"product_cat-accessoires-pour-embouts-auriculaires","7":"product_cat-atelier-empreintes","8":"product_cat-nettoyage-et-entretien","9":"tm-no-options","11":"first","12":"instock","13":"taxable","14":"shipping-taxable","15":"product-type-simple"},"_links":{"self":[{"href":"https:\/\/www.ocshop.ch\/fr\/wp-json\/wp\/v2\/product\/12936","targetHints":{"allow":["GET"]}}],"collection":[{"href":"https:\/\/www.ocshop.ch\/fr\/wp-json\/wp\/v2\/product"}],"about":[{"href":"https:\/\/www.ocshop.ch\/fr\/wp-json\/wp\/v2\/types\/product"}],"wp:featuredmedia":[{"embeddable":true,"href":"https:\/\/www.ocshop.ch\/fr\/wp-json\/wp\/v2\/media\/12829"}],"wp:attachment":[{"href":"https:\/\/www.ocshop.ch\/fr\/wp-json\/wp\/v2\/media?parent=12936"}],"wp:term":[{"taxonomy":"product_brand","embeddable":true,"href":"https:\/\/www.ocshop.ch\/fr\/wp-json\/wp\/v2\/product_brand?post=12936"},{"taxonomy":"product_cat","embeddable":true,"href":"https:\/\/www.ocshop.ch\/fr\/wp-json\/wp\/v2\/product_cat?post=12936"},{"taxonomy":"product_tag","embeddable":true,"href":"https:\/\/www.ocshop.ch\/fr\/wp-json\/wp\/v2\/product_tag?post=12936"}],"curies":[{"name":"wp","href":"https:\/\/api.w.org\/{rel}","templated":true}]}}