{"id":12934,"date":"2024-12-30T03:50:00","date_gmt":"2024-12-30T01:50:00","guid":{"rendered":"https:\/\/www.ocshop.ch\/produkt\/oto-fresh-vapeur-nettoyant\/"},"modified":"2026-03-20T12:24:39","modified_gmt":"2026-03-20T10:24:39","slug":"oto-fresh-vapeur-nettoyant","status":"publish","type":"product","link":"https:\/\/www.ocshop.ch\/fr\/produkt\/oto-fresh-vapeur-nettoyant\/","title":{"rendered":"oto-fresh\u00ae VAPEUR NETTOYANT"},"content":{"rendered":"&#13;\n<p>Le spray nettoyant oto-fresh\u00ae est id\u00e9al pour nettoyer facilement et efficacement tes appareils auditifs, tes protections auditives et tes syst\u00e8mes d&rsquo;\u00e9coute intra-auriculaires. Le spray se pr\u00e9sente dans un flacon pulv\u00e9risateur pratique de 30 ml, id\u00e9al pour une utilisation \u00e0 la maison ou en d\u00e9placement. Avec le spray nettoyant oto-fresh\u00ae, tu peux nettoyer tes embouts rapidement et facilement : Il suffit de vaporiser, d&rsquo;essuyer et c&rsquo;est tout ! Il est parfait pour l&rsquo;entretien quotidien de tes aides auditives. Le spray ne laisse pas de r\u00e9sidus et assure une sensation hygi\u00e9nique et fra\u00eeche. Gr\u00e2ce au flacon compact de 30 ml, le spray nettoyant se range facilement dans n&rsquo;importe quel sac ou tiroir, de sorte que tu l&rsquo;as toujours \u00e0 port\u00e9e de main.     <\/p>&#13;\n\r\n<div class=\"wp-block-spacer\" style=\"height: 20px;\" aria-hidden=\"true\">\u00a0<\/div>\r\n&#13;\n<h2 id=\"h-features\" class=\"wp-block-heading\">Caract\u00e9ristiques<\/h2>&#13;\n&#13;\n<p>Taille : 10 x 3 cm<\/p>&#13;\n&#13;\n<p>couleur : noir<\/p>&#13;\n&#13;\n<p>Contenu : 30 ml<\/p>&#13;\n&#13;\n<p>Contenu : 1 bouteille avec vaporisateur dans un carton fin<\/p>&#13;\n&#13;\n<p>Pour les grosses commandes : nombre de pi\u00e8ces par carton d&#8217;emballage : 24 pi\u00e8ces<\/p>&#13;\n","protected":false},"excerpt":{"rendered":"<p>Le spray nettoyant oto-fresh\u00ae est id\u00e9al pour nettoyer facilement et efficacement tes appareils auditifs, tes protections auditives et tes syst\u00e8mes d&rsquo;\u00e9coute intra-auriculaires. Le spray se pr\u00e9sente sous la forme d&rsquo;un vaporisateur pratique de 30 ml, id\u00e9al pour une utilisation \u00e0 la maison ou en d\u00e9placement. <\/p>\n","protected":false},"featured_media":12853,"template":"","meta":[],"product_brand":[],"product_cat":[493,467,491],"product_tag":[1302,1310,1317,1307,1319,1315,1303,1311,1314,1305,1301,1318,1309,1304,1320,1313,1308,1316,1306,1312],"class_list":{"0":"post-12934","1":"product","2":"type-product","3":"status-publish","4":"has-post-thumbnail","6":"product_cat-accessoires-pour-embouts-auriculaires","7":"product_cat-atelier-empreintes","8":"product_cat-nettoyage-et-entretien","9":"product_tag-acheter-un-spray-de-nettoyage-pour-aides-auditives","10":"product_tag-spray-daccessoires-dhygiene-pour-aides-auditives","11":"product_tag-spray-de-nettoyage-du-cerumen-pour-embouts-auriculaires","12":"product_tag-spray-de-nettoyage-pour-aides-auditives-contour-doreille","13":"product_tag-spray-de-nettoyage-pour-aides-auditives-utilisation-facile","14":"product_tag-spray-de-nettoyage-pour-cabinet-daudioprothese","15":"product_tag-spray-de-nettoyage-pour-embouts-auriculaires-enleve-le-cerumen","16":"product_tag-spray-de-nettoyage-pour-protections-auditives-audioprothese","17":"product_tag-spray-de-nettoyage-pour-systemes-auditifs-entretien-quotidien","18":"product_tag-spray-de-nettoyage-pour-systemes-auditifs-rapide-et-simple","19":"product_tag-spray-de-nettoyage-professionnel-pour-aides-auditives","20":"product_tag-spray-dentretien-et-de-maintenance-pour-aides-auditives","21":"product_tag-spray-dentretien-et-de-nettoyage-pour-embouts-auriculaires","22":"product_tag-spray-dentretien-hygienique-pour-aides-auditives","23":"product_tag-spray-dentretien-pour-aides-auditives-solution-rapide","24":"product_tag-spray-dentretien-pour-prolonger-la-duree-de-vie-des-aides-auditives","25":"product_tag-spray-hygienique-de-nettoyage-pour-aides-auditives-intra-auriculaires","26":"product_tag-spray-hygienique-pour-nettoyer-la-surface-des-aides-auditives","27":"product_tag-spray-pour-enlever-le-cerumen-des-aides-auditives","28":"product_tag-spray-pour-nettoyer-les-aides-auditives-sans-residus","29":"tm-no-options","31":"first","32":"instock","33":"taxable","34":"shipping-taxable","35":"product-type-simple"},"_links":{"self":[{"href":"https:\/\/www.ocshop.ch\/fr\/wp-json\/wp\/v2\/product\/12934","targetHints":{"allow":["GET"]}}],"collection":[{"href":"https:\/\/www.ocshop.ch\/fr\/wp-json\/wp\/v2\/product"}],"about":[{"href":"https:\/\/www.ocshop.ch\/fr\/wp-json\/wp\/v2\/types\/product"}],"wp:featuredmedia":[{"embeddable":true,"href":"https:\/\/www.ocshop.ch\/fr\/wp-json\/wp\/v2\/media\/12853"}],"wp:attachment":[{"href":"https:\/\/www.ocshop.ch\/fr\/wp-json\/wp\/v2\/media?parent=12934"}],"wp:term":[{"taxonomy":"product_brand","embeddable":true,"href":"https:\/\/www.ocshop.ch\/fr\/wp-json\/wp\/v2\/product_brand?post=12934"},{"taxonomy":"product_cat","embeddable":true,"href":"https:\/\/www.ocshop.ch\/fr\/wp-json\/wp\/v2\/product_cat?post=12934"},{"taxonomy":"product_tag","embeddable":true,"href":"https:\/\/www.ocshop.ch\/fr\/wp-json\/wp\/v2\/product_tag?post=12934"}],"curies":[{"name":"wp","href":"https:\/\/api.w.org\/{rel}","templated":true}]}}