{"id":12931,"date":"2024-12-30T02:08:47","date_gmt":"2024-12-30T00:08:47","guid":{"rendered":"https:\/\/www.ocshop.ch\/produkt\/oto-fresh-godet\/"},"modified":"2025-01-07T14:23:57","modified_gmt":"2025-01-07T12:23:57","slug":"oto-fresh-godet","status":"publish","type":"product","link":"https:\/\/www.ocshop.ch\/fr\/produkt\/oto-fresh-godet\/","title":{"rendered":"oto-fresh\u00ae Godet"},"content":{"rendered":"\n<p>Le gobelet oto-fresh\u00ae avec tamis et bouchon \u00e0 vis offre une solution 2 en 1 pratique pour un nettoyage facile et efficace ainsi qu&rsquo;un s\u00e9chage de l&rsquo;appareil auditif. Pour un nettoyage en profondeur, utilise les tablettes de nettoyage oto-fresh\u00ae et pour un s\u00e9chage optimal, utilise ensuite les capsules de s\u00e9chage oto-fresh\u00ae. Le tamis int\u00e9gr\u00e9 permet aux embouts de rester en s\u00e9curit\u00e9 dans le gobelet pendant le nettoyage. La fermeture \u00e0 vis fixe garantit que les solutions de nettoyage et de s\u00e9chage restent dans le gobelet. L&rsquo;utilisation du gobelet oto-fresh\u00ae est tr\u00e8s simple : remplis-le d&rsquo;eau, ajoute un b\u00e2tonnet de nettoyage oto-fresh\u00ae et place les embouts auriculaires \u00e0 l&rsquo;int\u00e9rieur. Apr\u00e8s le nettoyage, remplace l&rsquo;eau par une capsule s\u00e8che oto-fresh\u00ae pour commencer le processus de s\u00e9chage. Un gobelet avec tamis et bouchon \u00e0 vis est inclus dans la livraison.      <\/p>\n\n<div style=\"height:20px\" aria-hidden=\"true\" class=\"wp-block-spacer\"><\/div>\n\n<h2 class=\"wp-block-heading\" id=\"h-features\">Caract\u00e9ristiques<\/h2>\n\n<p>Taille du gobelet : hauteur 7 cm, diam\u00e8tre int\u00e9rieur 5,3 cm<\/p>\n\n<p>Couleur : Transparent<\/p>\n\n<p>Contenu de la livraison : gobelet avec tamis et bouchon \u00e0 visser<\/p>\n\n<p>Pour les grosses commandes : nombre de pi\u00e8ces par carton d&#8217;emballage : 30 pi\u00e8ces<\/p>\n","protected":false},"excerpt":{"rendered":"<p>Le gobelet oto-fresh\u00ae avec tamis et bouchon \u00e0 vis offre une solution 2 en 1 pratique pour un nettoyage facile et efficace ainsi qu&rsquo;un s\u00e9chage de l&rsquo;appareil auditif. Pour un nettoyage en profondeur, utilise les tablettes de nettoyage oto-fresh\u00ae et pour un s\u00e9chage optimal, utilise ensuite les capsules de s\u00e9chage oto-fresh\u00ae. <\/p>\n","protected":false},"featured_media":12817,"template":"","meta":[],"product_brand":[],"product_cat":[493,491],"product_tag":[],"class_list":{"0":"post-12931","1":"product","2":"type-product","3":"status-publish","4":"has-post-thumbnail","6":"product_cat-accessoires-pour-embouts-auriculaires","7":"product_cat-nettoyage-et-entretien","8":"tm-no-options","10":"first","11":"instock","12":"taxable","13":"shipping-taxable","14":"product-type-simple"},"_links":{"self":[{"href":"https:\/\/www.ocshop.ch\/fr\/wp-json\/wp\/v2\/product\/12931","targetHints":{"allow":["GET"]}}],"collection":[{"href":"https:\/\/www.ocshop.ch\/fr\/wp-json\/wp\/v2\/product"}],"about":[{"href":"https:\/\/www.ocshop.ch\/fr\/wp-json\/wp\/v2\/types\/product"}],"wp:featuredmedia":[{"embeddable":true,"href":"https:\/\/www.ocshop.ch\/fr\/wp-json\/wp\/v2\/media\/12817"}],"wp:attachment":[{"href":"https:\/\/www.ocshop.ch\/fr\/wp-json\/wp\/v2\/media?parent=12931"}],"wp:term":[{"taxonomy":"product_brand","embeddable":true,"href":"https:\/\/www.ocshop.ch\/fr\/wp-json\/wp\/v2\/product_brand?post=12931"},{"taxonomy":"product_cat","embeddable":true,"href":"https:\/\/www.ocshop.ch\/fr\/wp-json\/wp\/v2\/product_cat?post=12931"},{"taxonomy":"product_tag","embeddable":true,"href":"https:\/\/www.ocshop.ch\/fr\/wp-json\/wp\/v2\/product_tag?post=12931"}],"curies":[{"name":"wp","href":"https:\/\/api.w.org\/{rel}","templated":true}]}}