{"id":12930,"date":"2024-12-30T04:22:17","date_gmt":"2024-12-30T02:22:17","guid":{"rendered":"https:\/\/www.ocshop.ch\/produkt\/oto-fresh-detergent-de-ventes\/"},"modified":"2026-03-20T12:39:43","modified_gmt":"2026-03-20T10:39:43","slug":"oto-fresh-detergent-de-ventes","status":"publish","type":"product","link":"https:\/\/www.ocshop.ch\/fr\/produkt\/oto-fresh-detergent-de-ventes\/","title":{"rendered":"oto-fresh\u00ae D\u00c9TERGENT DE VENTES"},"content":{"rendered":"&#13;\n<p>oto-fresh\u00ae VENTREINIGER &#8211; ton outil pour des appareils auditifs propres. \u00c9limine efficacement le c\u00e9rumen et lib\u00e8re les fentes de ventilation de tes embouts auriculaires et de tes appareils intra-auriculaires des obstructions. Le NETTOYANT VENTILATEUR oto-fresh\u00ae est sp\u00e9cialement con\u00e7u pour garantir un nettoyage en profondeur et en douceur, afin que l&rsquo;exp\u00e9rience auditive reste toujours claire et non perturb\u00e9e.  <\/p>&#13;\n\r\n<div class=\"wp-block-spacer\" style=\"height: 20px;\" aria-hidden=\"true\">\u00a0<\/div>\r\n&#13;\n<h2 id=\"h-features\" class=\"wp-block-heading\">Caract\u00e9ristiques<\/h2>&#13;\n&#13;\n<p>Mat\u00e9riau : plastique<\/p>&#13;\n&#13;\n<p>couleur : noir<\/p>&#13;\n&#13;\n<p>Longueur (fil de nettoyage) : 28 mm<\/p>&#13;\n&#13;\n<p>Diam\u00e8tre : 0,7 mm<\/p>&#13;\n","protected":false},"excerpt":{"rendered":"<p>oto-fresh\u00ae VENTREINIGER &#8211; ton outil pour des appareils auditifs propres. Enl\u00e8ve efficacement le c\u00e9rumen et lib\u00e8re les fentes de ventilation de tes embouts auriculaires et de tes appareils intra-auriculaires des obstructions. <\/p>\n","protected":false},"featured_media":12871,"template":"","meta":[],"product_brand":[],"product_cat":[467,491],"product_tag":[1455,1445,1450,1453,1456,1444,1446,1451,1442,1452,1454,1440,1448,1447,1441,1457,1458,1443,1449],"class_list":{"0":"post-12930","1":"product","2":"type-product","3":"status-publish","4":"has-post-thumbnail","6":"product_cat-atelier-empreintes","7":"product_cat-nettoyage-et-entretien","8":"product_tag-accessoires-entretien-appareils-auditifs-nettoyeur-devent","9":"product_tag-entretien-appareils-auditifs-maintenir-levent-propre","10":"product_tag-maintenance-appareils-auditifs-nettoyage-devent","11":"product_tag-nettoyage-appareils-auditifs-outil-devent-de-precision","12":"product_tag-nettoyage-canal-dair-event-des-systemes-auditifs","13":"product_tag-nettoyage-du-canal-devent-des-systemes-auditifs","14":"product_tag-nettoyage-event-appareils-auditifs-intra-auriculaires","15":"product_tag-nettoyer-le-percage-devent-des-appareils-auditifs","16":"product_tag-nettoyer-levent-dembout-auriculaire-retirer-le-cerumen","17":"product_tag-nettoyer-levent-du-canal-dembout-auriculaire","18":"product_tag-nettoyer-levent-pour-une-audition-claire-appareils-auditifs","19":"product_tag-nettoyeur-devent-pour-appareils-auditifs","20":"product_tag-outil-audioprothese-nettoyage-devent","21":"product_tag-outil-de-nettoyage-de-ventilation-dembout-auriculaire","22":"product_tag-outil-de-nettoyage-devent-dappareils-auditifs","23":"product_tag-outil-de-service-appareils-auditifs-nettoyage-devent","24":"product_tag-retirer-le-cerumen-des-events-dappareils-auditifs-efficacement","25":"product_tag-retirer-le-cerumen-des-events-dembouts-auriculaires","26":"product_tag-retirer-lobstruction-de-cerumen-des-events","27":"tm-no-options","29":"first","30":"instock","31":"taxable","32":"shipping-taxable","33":"product-type-simple"},"_links":{"self":[{"href":"https:\/\/www.ocshop.ch\/fr\/wp-json\/wp\/v2\/product\/12930","targetHints":{"allow":["GET"]}}],"collection":[{"href":"https:\/\/www.ocshop.ch\/fr\/wp-json\/wp\/v2\/product"}],"about":[{"href":"https:\/\/www.ocshop.ch\/fr\/wp-json\/wp\/v2\/types\/product"}],"wp:featuredmedia":[{"embeddable":true,"href":"https:\/\/www.ocshop.ch\/fr\/wp-json\/wp\/v2\/media\/12871"}],"wp:attachment":[{"href":"https:\/\/www.ocshop.ch\/fr\/wp-json\/wp\/v2\/media?parent=12930"}],"wp:term":[{"taxonomy":"product_brand","embeddable":true,"href":"https:\/\/www.ocshop.ch\/fr\/wp-json\/wp\/v2\/product_brand?post=12930"},{"taxonomy":"product_cat","embeddable":true,"href":"https:\/\/www.ocshop.ch\/fr\/wp-json\/wp\/v2\/product_cat?post=12930"},{"taxonomy":"product_tag","embeddable":true,"href":"https:\/\/www.ocshop.ch\/fr\/wp-json\/wp\/v2\/product_tag?post=12930"}],"curies":[{"name":"wp","href":"https:\/\/api.w.org\/{rel}","templated":true}]}}